{"id":3,"date":"2020-01-09T08:35:57","date_gmt":"2020-01-09T08:35:57","guid":{"rendered":"https:\/\/fundacionequipohumano.es\/?page_id=3"},"modified":"2024-02-01T17:21:50","modified_gmt":"2024-02-01T16:21:50","slug":"politica-privacidad","status":"publish","type":"page","link":"https:\/\/fundacionequipohumano.es\/en\/politica-privacidad\/","title":{"rendered":"Compromiso de privacidad"},"content":{"rendered":"<div data-elementor-type=\"wp-page\" data-elementor-id=\"3\" class=\"elementor elementor-3\" data-elementor-post-type=\"page\">\n\t\t\t\t\t\t<section class=\"elementor-section elementor-top-section elementor-element elementor-element-5e1307d4 elementor-section-boxed elementor-section-height-default elementor-section-height-default\" data-id=\"5e1307d4\" data-element_type=\"section\">\n\t\t\t\t\t\t<div class=\"elementor-container elementor-column-gap-default\">\n\t\t\t\t\t<div class=\"elementor-column elementor-col-100 elementor-top-column elementor-element elementor-element-5c05f4fc\" data-id=\"5c05f4fc\" data-element_type=\"column\">\n\t\t\t<div class=\"elementor-widget-wrap elementor-element-populated\">\n\t\t\t\t\t\t<div class=\"elementor-element elementor-element-246c3684 elementor-widget elementor-widget-text-editor\" data-id=\"246c3684\" data-element_type=\"widget\" data-widget_type=\"text-editor.default\">\n\t\t\t\t<div class=\"elementor-widget-container\">\n\t\t\t\t\t\t\t\n<p style=\"font-weight: 400;\">\u00a0<strong>POL\u00cdTICA DE PRIVACIDAD<\/strong><\/p>\n<p>\u00a0<\/p>\n<p><strong>INFORMACI\u00d3N AL USUARIO<\/strong><\/p>\n<p>\u00a0<\/p>\n<p><b><strong>Fundaci\u00f3n Equipo Humano<\/strong><\/b>, en adelante RESPONSABLE, es el Responsable del tratamiento de los datos personales del Usuario y le informa que estos datos ser\u00e1n tratados de conformidad con lo dispuesto en el Reglamento (UE) 2016\/679 de 27 de abril de 2016 (GDPR) relativo a la protecci\u00f3n de las personas f\u00edsicas en lo que respecta al tratamiento de datos personales y a la libre circulaci\u00f3n de estos datos, por lo que se le facilita la siguiente informaci\u00f3n del tratamiento:<\/p>\n<p>\u00a0<\/p>\n<p><b><strong>Fin del tratamiento<\/strong><\/b>: mantener una relaci\u00f3n comercial con el Usuario. Las operaciones previstas para realizar el tratamiento son:<\/p>\n<ul>\n<li>Remisi\u00f3n de comunicaciones comerciales publicitarias por email, fax, SMS, MMS, comunidades sociales o cualquier otro medio electr\u00f3nico o f\u00edsico, presente o futuro, que posibilite realizar comunicaciones comerciales. Estas comunicaciones ser\u00e1n realizadas por el RESPONSABLE y relacionadas sobre sus productos y servicios, o de sus colaboradores o proveedores con los que \u00e9ste haya alcanzado alg\u00fan acuerdo de promoci\u00f3n. En este caso, los terceros nunca tendr\u00e1n acceso a los datos personales.<\/li>\n<li>Realizar estudios estad\u00edsticos.<\/li>\n<li>Tramitar encargos, solicitudes o cualquier tipo de petici\u00f3n que sea realizada por el usuario a trav\u00e9s de cualquiera de las formas de contacto que se ponen a su disposici\u00f3n.<\/li>\n<li>Remitir el bolet\u00edn de noticias de la p\u00e1gina web.<\/li>\n<\/ul>\n<p>\u00a0<\/p>\n<p><b><strong>Base jur\u00eddica del tratamiento<\/strong><\/b>: consentimiento del interesado.<\/p>\n<p>\u00a0<\/p>\n<p><b><strong>Criterios de conservaci\u00f3n de los datos<\/strong><\/b>: se conservar\u00e1n mientras exista un inter\u00e9s mutuo para mantener el fin del tratamiento y cuando ya no sea necesario para tal fin, se suprimir\u00e1n con medidas de seguridad adecuadas para garantizar la seudonimizaci\u00f3n de los datos o la destrucci\u00f3n total de los mismos.<\/p>\n<p>\u00a0<\/p>\n<p><b><strong>Comunicaci\u00f3n de los datos<\/strong><\/b>: No se comunicar\u00e1n los datos a terceros, salvo obligaci\u00f3n legal.<\/p>\n<p><b><strong>\u00a0<\/strong><\/b><\/p>\n<p><b><strong>Derechos que asisten al Usuario<\/strong><\/b>:<\/p>\n<ul>\n<li>Derecho a retirar el consentimiento en cualquier momento.<\/li>\n<li>Derecho de acceso, rectificaci\u00f3n, portabilidad y supresi\u00f3n de sus datos y a la limitaci\u00f3n u oposici\u00f3n al su tratamiento.<\/li>\n<li>Derecho a presentar una reclamaci\u00f3n ante la autoridad de control (www.aepd.es) si considera que el tratamiento no se ajusta a la normativa vigente.<\/li>\n<\/ul>\n<p>\u00a0<\/p>\n<p><b><strong>Datos de contacto para ejercer sus derechos<\/strong><\/b>:<\/p>\n<p>Direcci\u00f3n postal: Fundaci\u00f3n Equipo Humano. Av. Maestro Rodrigo, 37 bajo local 4, &#8211; 46015 Valencia (Valencia). Email:\u00a0<a href=\"\/en\/&\/#109;a&#x69;l&#x74;o&#x3a;l&#x6f;&#112;&#x64;&#64;&#x66;&#117;&#x6e;&#100;a&#99;i&#x6f;n&#x65;q&#x75;&#105;&#x70;&#111;&#x68;&#117;&#x6d;&#97;&#x6e;&#111;&#46;&#101;s\">lopd&#64;&#102;&#117;&#110;&#100;&#x61;&#x63;&#x69;&#x6f;&#x6e;&#x65;&#x71;uipo&#104;&#117;&#109;&#97;&#110;&#x6f;&#x2e;&#x65;&#x73;<\/a><\/p>\n<p>\u00a0<\/p>\n<p><b><strong>CAR\u00c1CTER OBLIGATORIO O FACULTATIVO DE LA INFORMACI\u00d3N FACILITADA POR EL USUARIO<\/strong><\/b><b><strong>\u00a0<\/strong><\/b><\/p>\n<p>Los Usuarios, mediante la marcaci\u00f3n de las casillas correspondientes y entrada de datos en los campos, marcados con un asterisco (*) en el formulario de contacto o presentados en formularios de descarga, aceptan expresamente y de forma libre e inequ\u00edvoca, que sus datos son necesarios para atender su petici\u00f3n, por parte del prestador, siendo voluntaria la inclusi\u00f3n de datos en los campos restantes. El Usuario garantiza que los datos personales facilitados al RESPONSABLE son veraces y se hace responsable de comunicar cualquier modificaci\u00f3n de los mismos.<\/p>\n<p>El RESPONSABLE informa y garantiza expresamente a los usuarios que sus datos personales no ser\u00e1n cedidos en ning\u00fan caso a terceros, y que siempre que realizara alg\u00fan tipo de cesi\u00f3n de datos personales, se pedir\u00e1 previamente el consentimiento expreso, informado e inequ\u00edvoco por parte los Usuarios. Todos los datos solicitados a trav\u00e9s del sitio web son obligatorios, ya que son necesarios para la prestaci\u00f3n de un servicio \u00f3ptimo al Usuario. En caso de que no sean facilitados todos los datos, no se garantiza que la informaci\u00f3n y servicios facilitados sean completamente ajustados a sus necesidades.<\/p>\n<p>\u00a0<\/p>\n<p><b><strong>MEDIDAS DE SEGURIDAD<\/strong><\/b><b><strong>\u00a0<\/strong><\/b><\/p>\n<p>Que de conformidad con lo dispuesto en las normativas vigentes en protecci\u00f3n de datos personales, el RESPONSABLE est\u00e1 cumpliendo con todas las disposiciones de las normativas GDPR para el tratamiento de los datos personales de su responsabilidad, y manifiestamente con los principios descritos en el art\u00edculo 5 del GDPR, por los cuales son tratados de manera l\u00edcita, leal y transparente en relaci\u00f3n con el interesado y adecuados, pertinentes y limitados a lo necesario en relaci\u00f3n con los fines para los que son tratados.<\/p>\n<p>El RESPONSABLE garantiza que ha implementado pol\u00edticas t\u00e9cnicas y organizativas apropiadas para aplicar las medidas de seguridad que establecen el GDPR con el fin de proteger los derechos y libertades de los Usuarios y les ha comunicado la informaci\u00f3n adecuada para que puedan ejercerlos.<\/p>\n<p><b>SISTEMA INTERNO DE INFORMACI\u00d3N:<\/b><\/p>\n<p>Tratamiento de los datos personales con la finalidad de gestionar el sistema interno de informaci\u00f3n o canal \u00e9tico, investigar los hechos y proponer medidas resolutorias, prevenir incumplimientos normativos y corregir los ya detectados, as\u00ed como contribuir a la eficacia de funcionamiento de la Organizaci\u00f3n con la mejora continua de los procesos internos para la gesti\u00f3n y control de conductas ilegales o contrarias a la cultura \u00e9tica de la Organizaci\u00f3n.<\/p>\n<p>\u00a0<\/p>\n<p><strong>Se conservar\u00e1n<\/strong> los datos mientras sean necesarios para cumplir con la finalidad para la cual fueron recabados. En todo caso, transcurridos tres meses desde la introducci\u00f3n de los datos, se proceder\u00e1 a su supresi\u00f3n del sistema de denuncias, salvo que la finalidad de la conservaci\u00f3n sea dejar evidencia del funcionamiento del modelo de prevenci\u00f3n de la comisi\u00f3n de delitos por la persona jur\u00eddica. Transcurrido el plazo mencionado, los datos podr\u00e1n seguir siendo tratados, por el \u00f3rgano al que corresponda la investigaci\u00f3n de los hechos denunciados, no conserv\u00e1ndose en el propio sistema de informaci\u00f3n de denuncias internas.<\/p>\n\t\t\t\t\t\t<\/div>\n\t\t\t\t<\/div>\n\t\t\t\t\t<\/div>\n\t\t<\/div>\n\t\t\t\t\t<\/div>\n\t\t<\/section>\n\t\t\t\t<\/div>","protected":false},"excerpt":{"rendered":"<p>\u00a0POL\u00cdTICA DE PRIVACIDAD \u00a0 INFORMACI\u00d3N AL USUARIO \u00a0 Fundaci\u00f3n Equipo Humano, en adelante RESPONSABLE, es el Responsable del tratamiento de los datos personales del Usuario y le informa que estos&hellip;<\/p>","protected":false},"author":3,"featured_media":0,"parent":0,"menu_order":0,"comment_status":"closed","ping_status":"open","template":"","meta":{"footnotes":""},"yoast_head":"<!-- This site is optimized with the Yoast SEO plugin v22.3 - https:\/\/yoast.com\/wordpress\/plugins\/seo\/ -->\n<title>Compromiso de privacidad - Fundaci\u00f3n Equipo Humano<\/title>\n<meta name=\"robots\" content=\"index, follow, max-snippet:-1, max-image-preview:large, max-video-preview:-1\" \/>\n<link rel=\"canonical\" href=\"https:\/\/fundacionequipohumano.es\/en\/politica-privacidad\/\" \/>\n<meta property=\"og:locale\" content=\"es_ES\" \/>\n<meta property=\"og:type\" content=\"article\" \/>\n<meta property=\"og:title\" content=\"Compromiso de privacidad - Fundaci\u00f3n Equipo Humano\" \/>\n<meta property=\"og:description\" content=\"\u00a0POL\u00cdTICA DE PRIVACIDAD \u00a0 INFORMACI\u00d3N AL USUARIO \u00a0 Fundaci\u00f3n Equipo Humano, en adelante RESPONSABLE, es el Responsable del tratamiento de los datos personales del Usuario y le informa que estos&hellip;\" \/>\n<meta property=\"og:url\" content=\"https:\/\/fundacionequipohumano.es\/en\/politica-privacidad\/\" \/>\n<meta property=\"og:site_name\" content=\"Fundaci\u00f3n Equipo Humano\" \/>\n<meta property=\"article:publisher\" content=\"https:\/\/www.facebook.com\/fundacionEH\/\" \/>\n<meta property=\"article:modified_time\" content=\"2024-02-01T16:21:50+00:00\" \/>\n<meta name=\"twitter:card\" content=\"summary_large_image\" \/>\n<meta name=\"twitter:site\" content=\"@FEquipoHumano\" \/>\n<meta name=\"twitter:label1\" content=\"Estimated reading time\" \/>\n\t<meta name=\"twitter:data1\" content=\"4 minutos\" \/>\n<script type=\"application\/ld+json\" class=\"yoast-schema-graph\">{\"@context\":\"https:\/\/schema.org\",\"@graph\":[{\"@type\":\"WebPage\",\"@id\":\"https:\/\/fundacionequipohumano.es\/en\/politica-privacidad\/\",\"url\":\"https:\/\/fundacionequipohumano.es\/en\/politica-privacidad\/\",\"name\":\"Compromiso de privacidad - Fundaci\u00f3n Equipo Humano\",\"isPartOf\":{\"@id\":\"https:\/\/fundacionequipohumano.es\/en\/#website\"},\"datePublished\":\"2020-01-09T08:35:57+00:00\",\"dateModified\":\"2024-02-01T16:21:50+00:00\",\"breadcrumb\":{\"@id\":\"https:\/\/fundacionequipohumano.es\/en\/politica-privacidad\/#breadcrumb\"},\"inLanguage\":\"es\",\"potentialAction\":[{\"@type\":\"ReadAction\",\"target\":[\"https:\/\/fundacionequipohumano.es\/en\/politica-privacidad\/\"]}]},{\"@type\":\"BreadcrumbList\",\"@id\":\"https:\/\/fundacionequipohumano.es\/en\/politica-privacidad\/#breadcrumb\",\"itemListElement\":[{\"@type\":\"ListItem\",\"position\":1,\"name\":\"Portada\",\"item\":\"https:\/\/fundacionequipohumano.es\/\"},{\"@type\":\"ListItem\",\"position\":2,\"name\":\"Compromiso de privacidad\"}]},{\"@type\":\"WebSite\",\"@id\":\"https:\/\/fundacionequipohumano.es\/en\/#website\",\"url\":\"https:\/\/fundacionequipohumano.es\/en\/\",\"name\":\"Fundaci\u00f3n Equipo Humano\",\"description\":\"Impulsamos el desarrollo humano mediante innovaci\u00f3n, formaci\u00f3n de calidad y mejora de la empleabilidad. M\u00e1s de 10 a\u00f1os defendiendo el potencial de las personas.\",\"publisher\":{\"@id\":\"https:\/\/fundacionequipohumano.es\/en\/#organization\"},\"potentialAction\":[{\"@type\":\"SearchAction\",\"target\":{\"@type\":\"EntryPoint\",\"urlTemplate\":\"https:\/\/fundacionequipohumano.es\/en\/?s={search_term_string}\"},\"query-input\":\"required name=search_term_string\"}],\"inLanguage\":\"es\"},{\"@type\":\"Organization\",\"@id\":\"https:\/\/fundacionequipohumano.es\/en\/#organization\",\"name\":\"Fundaci\u00f3n Equipo Humano\",\"url\":\"https:\/\/fundacionequipohumano.es\/en\/\",\"logo\":{\"@type\":\"ImageObject\",\"inLanguage\":\"es\",\"@id\":\"https:\/\/fundacionequipohumano.es\/en\/#\/schema\/logo\/image\/\",\"url\":\"https:\/\/fundacionequipohumano.es\/wp-content\/uploads\/2020\/01\/FEH_logo-03-1.svg\",\"contentUrl\":\"https:\/\/fundacionequipohumano.es\/wp-content\/uploads\/2020\/01\/FEH_logo-03-1.svg\",\"width\":595,\"height\":81,\"caption\":\"Fundaci\u00f3n Equipo Humano\"},\"image\":{\"@id\":\"https:\/\/fundacionequipohumano.es\/en\/#\/schema\/logo\/image\/\"},\"sameAs\":[\"https:\/\/www.facebook.com\/fundacionEH\/\",\"https:\/\/twitter.com\/FEquipoHumano\",\"https:\/\/www.instagram.com\/fequipohumano\/\",\"https:\/\/www.linkedin.com\/company\/fundacion-equipo-humano\/\"]}]}<\/script>\n<!-- \/ Yoast SEO plugin. -->","yoast_head_json":{"title":"Compromiso de privacidad - Fundaci\u00f3n Equipo Humano","robots":{"index":"index","follow":"follow","max-snippet":"max-snippet:-1","max-image-preview":"max-image-preview:large","max-video-preview":"max-video-preview:-1"},"canonical":"https:\/\/fundacionequipohumano.es\/en\/politica-privacidad\/","og_locale":"es_ES","og_type":"article","og_title":"Compromiso de privacidad - Fundaci\u00f3n Equipo Humano","og_description":"\u00a0POL\u00cdTICA DE PRIVACIDAD \u00a0 INFORMACI\u00d3N AL USUARIO \u00a0 Fundaci\u00f3n Equipo Humano, en adelante RESPONSABLE, es el Responsable del tratamiento de los datos personales del Usuario y le informa que estos&hellip;","og_url":"https:\/\/fundacionequipohumano.es\/en\/politica-privacidad\/","og_site_name":"Fundaci\u00f3n Equipo Humano","article_publisher":"https:\/\/www.facebook.com\/fundacionEH\/","article_modified_time":"2024-02-01T16:21:50+00:00","twitter_card":"summary_large_image","twitter_site":"@FEquipoHumano","twitter_misc":{"Estimated reading time":"4 minutos"},"schema":{"@context":"https:\/\/schema.org","@graph":[{"@type":"WebPage","@id":"https:\/\/fundacionequipohumano.es\/en\/politica-privacidad\/","url":"https:\/\/fundacionequipohumano.es\/en\/politica-privacidad\/","name":"Compromiso de privacidad - Fundaci\u00f3n Equipo Humano","isPartOf":{"@id":"https:\/\/fundacionequipohumano.es\/en\/#website"},"datePublished":"2020-01-09T08:35:57+00:00","dateModified":"2024-02-01T16:21:50+00:00","breadcrumb":{"@id":"https:\/\/fundacionequipohumano.es\/en\/politica-privacidad\/#breadcrumb"},"inLanguage":"es","potentialAction":[{"@type":"ReadAction","target":["https:\/\/fundacionequipohumano.es\/en\/politica-privacidad\/"]}]},{"@type":"BreadcrumbList","@id":"https:\/\/fundacionequipohumano.es\/en\/politica-privacidad\/#breadcrumb","itemListElement":[{"@type":"ListItem","position":1,"name":"Portada","item":"https:\/\/fundacionequipohumano.es\/"},{"@type":"ListItem","position":2,"name":"Compromiso de privacidad"}]},{"@type":"WebSite","@id":"https:\/\/fundacionequipohumano.es\/en\/#website","url":"https:\/\/fundacionequipohumano.es\/en\/","name":"Fundaci\u00f3n Equipo Humano","description":"Impulsamos el desarrollo humano mediante innovaci\u00f3n, formaci\u00f3n de calidad y mejora de la empleabilidad. M\u00e1s de 10 a\u00f1os defendiendo el potencial de las personas.","publisher":{"@id":"https:\/\/fundacionequipohumano.es\/en\/#organization"},"potentialAction":[{"@type":"SearchAction","target":{"@type":"EntryPoint","urlTemplate":"https:\/\/fundacionequipohumano.es\/en\/?s={search_term_string}"},"query-input":"required name=search_term_string"}],"inLanguage":"es"},{"@type":"Organization","@id":"https:\/\/fundacionequipohumano.es\/en\/#organization","name":"Fundaci\u00f3n Equipo Humano","url":"https:\/\/fundacionequipohumano.es\/en\/","logo":{"@type":"ImageObject","inLanguage":"es","@id":"https:\/\/fundacionequipohumano.es\/en\/#\/schema\/logo\/image\/","url":"https:\/\/fundacionequipohumano.es\/wp-content\/uploads\/2020\/01\/FEH_logo-03-1.svg","contentUrl":"https:\/\/fundacionequipohumano.es\/wp-content\/uploads\/2020\/01\/FEH_logo-03-1.svg","width":595,"height":81,"caption":"Fundaci\u00f3n Equipo Humano"},"image":{"@id":"https:\/\/fundacionequipohumano.es\/en\/#\/schema\/logo\/image\/"},"sameAs":["https:\/\/www.facebook.com\/fundacionEH\/","https:\/\/twitter.com\/FEquipoHumano","https:\/\/www.instagram.com\/fequipohumano\/","https:\/\/www.linkedin.com\/company\/fundacion-equipo-humano\/"]}]}},"_links":{"self":[{"href":"https:\/\/fundacionequipohumano.es\/en\/wp-json\/wp\/v2\/pages\/3"}],"collection":[{"href":"https:\/\/fundacionequipohumano.es\/en\/wp-json\/wp\/v2\/pages"}],"about":[{"href":"https:\/\/fundacionequipohumano.es\/en\/wp-json\/wp\/v2\/types\/page"}],"author":[{"embeddable":true,"href":"https:\/\/fundacionequipohumano.es\/en\/wp-json\/wp\/v2\/users\/3"}],"replies":[{"embeddable":true,"href":"https:\/\/fundacionequipohumano.es\/en\/wp-json\/wp\/v2\/comments?post=3"}],"version-history":[{"count":11,"href":"https:\/\/fundacionequipohumano.es\/en\/wp-json\/wp\/v2\/pages\/3\/revisions"}],"predecessor-version":[{"id":28391,"href":"https:\/\/fundacionequipohumano.es\/en\/wp-json\/wp\/v2\/pages\/3\/revisions\/28391"}],"wp:attachment":[{"href":"https:\/\/fundacionequipohumano.es\/en\/wp-json\/wp\/v2\/media?parent=3"}],"curies":[{"name":"wp","href":"https:\/\/api.w.org\/{rel}","templated":true}]}}