{"id":28606,"date":"2024-02-20T13:14:06","date_gmt":"2024-02-20T12:14:06","guid":{"rendered":"https:\/\/fundacionequipohumano.es\/?page_id=28606"},"modified":"2024-03-07T09:11:28","modified_gmt":"2024-03-07T08:11:28","slug":"servicios-para-la-ejecucion-de-diferentes-actividades-dentro-del-programa-se-buscan-heroes","status":"publish","type":"page","link":"https:\/\/fundacionequipohumano.es\/perfil-del-contratante\/servicios-para-la-ejecucion-de-diferentes-actividades-dentro-del-programa-se-buscan-heroes\/","title":{"rendered":"Servicios para la ejecuci\u00f3n de diferentes actividades dentro del Programa \u201cSe Buscan H\u00e9roes\u201d"},"content":{"rendered":"<div data-elementor-type=\"wp-page\" data-elementor-id=\"28606\" class=\"elementor elementor-28606\" data-elementor-post-type=\"page\">\n\t\t\t\t\t\t<section class=\"elementor-section elementor-top-section elementor-element elementor-element-a5f1323 elementor-section-boxed elementor-section-height-default elementor-section-height-default\" data-id=\"a5f1323\" data-element_type=\"section\">\n\t\t\t\t\t\t<div class=\"elementor-container elementor-column-gap-default\">\n\t\t\t\t\t<div class=\"elementor-column elementor-col-100 elementor-top-column elementor-element elementor-element-2f1a74b\" data-id=\"2f1a74b\" data-element_type=\"column\">\n\t\t\t<div class=\"elementor-widget-wrap elementor-element-populated\">\n\t\t\t\t\t\t<div class=\"elementor-element elementor-element-eb9ea62 elementor-widget elementor-widget-heading\" data-id=\"eb9ea62\" data-element_type=\"widget\" data-widget_type=\"heading.default\">\n\t\t\t\t<div class=\"elementor-widget-container\">\n\t\t\t<h2 class=\"elementor-heading-title elementor-size-default\">Servicios para la ejecuci\u00f3n de diferentes actividades dentro del Programa \u201cSe Buscan H\u00e9roes\u201d<\/h2>\t\t<\/div>\n\t\t\t\t<\/div>\n\t\t\t\t\t<\/div>\n\t\t<\/div>\n\t\t\t\t\t<\/div>\n\t\t<\/section>\n\t\t\t\t<section class=\"elementor-section elementor-top-section elementor-element elementor-element-cfe763e elementor-section-boxed elementor-section-height-default elementor-section-height-default\" data-id=\"cfe763e\" data-element_type=\"section\">\n\t\t\t\t\t\t<div class=\"elementor-container elementor-column-gap-default\">\n\t\t\t\t\t<div class=\"elementor-column elementor-col-100 elementor-top-column elementor-element elementor-element-a58438b\" data-id=\"a58438b\" data-element_type=\"column\">\n\t\t\t<div class=\"elementor-widget-wrap elementor-element-populated\">\n\t\t\t\t\t\t<div class=\"elementor-element elementor-element-d3f1708 elementor-widget elementor-widget-text-editor\" data-id=\"d3f1708\" data-element_type=\"widget\" data-widget_type=\"text-editor.default\">\n\t\t\t\t<div class=\"elementor-widget-container\">\n\t\t\t\t\t\t\t<p><strong>T\u00edtulo:<\/strong> Servicios para la ejecuci\u00f3n de diferentes actividades dentro del Programa \u201cSe Buscan H\u00e9roes\u201d<\/p><p><strong>N\u00ba de Expediente:<\/strong> J1423AND008<\/p><p>Contrataci\u00f3n del Servicio para la ejecuci\u00f3n de diferentes actividades dentro del programa \u00abSe Buscan H\u00e9roes\u00bb, convocatoria 2023 Itinerarios de Emprendimiento Juvenil FSE+ 2127 (Comunidad Aut\u00f3noma de Andaluc\u00eda)<\/p><p>Para Cualquier consulta puede enviar un correo electr\u00f3nico a las siguientes direcciones: <a href=\"\/en\/&\/#x6d;&#x61;&#x69;&#x6c;&#x74;&#x6f;&#x3a;&#x69;&#110;&#102;&#111;&#64;&#102;&#117;&#110;daci&#x6f;&#x6e;&#x65;&#x71;&#x75;&#x69;&#x70;&#x6f;&#x68;&#117;&#109;&#97;&#110;&#111;&#46;&#101;s\">&#105;&#x6e;&#x66;o&#64;&#x66;u&#110;&#x64;&#x61;c&#105;&#x6f;n&#101;&#x71;&#x75;i&#112;&#x6f;h&#117;&#x6d;&#x61;&#110;&#111;&#x2e;e&#115;<\/a>; <a href=\"\/en\/&\/#x6d;&#x61;&#105;&#108;to&#x3a;&#x64;&#x61;&#118;id&#x2e;&#x6c;&#x6f;&#112;&#101;z&#x40;&#x66;&#x75;&#110;&#100;a&#x63;&#x69;&#x6f;&#110;&#101;qu&#x69;&#x70;&#x6f;&#104;um&#x61;&#x6e;&#x6f;&#46;&#101;s\">da&#118;&#105;&#100;&#x2e;&#x6c;&#x6f;&#x70;ez&#64;&#102;&#117;&#x6e;&#x64;&#x61;&#x63;io&#110;&#101;&#113;&#x75;&#x69;&#x70;&#x6f;hu&#109;&#97;&#110;&#x6f;&#x2e;&#x65;&#x73;<\/a> o llamar al n\u00famero de tel\u00e9fono 678472943.<\/p><p><strong>Fecha de finalizaci\u00f3n de presentaci\u00f3n de ofertas:<\/strong> 01\/04\/2024.<\/p><p><strong>Documentaci\u00f3n:<\/strong><\/p><ol><li><a href=\"https:\/\/fundacionequipohumano.es\/wp-content\/uploads\/2020\/01\/Documento_condiciones_SBH_AND_signed.pdf\" target=\"_blank\" rel=\"noopener\">Documento de condiciones<\/a>. (Haz click para descargar)<\/li><li><a href=\"https:\/\/fundacionequipohumano.es\/wp-content\/uploads\/2020\/01\/Anuncio_Adjudicacion_SBH_AND_signed.pdf\" target=\"_blank\" rel=\"noopener\">Anuncio de adjudicaci\u00f3n.<\/a> (Haz click para descargar)<\/li><\/ol>\t\t\t\t\t\t<\/div>\n\t\t\t\t<\/div>\n\t\t\t\t\t<\/div>\n\t\t<\/div>\n\t\t\t\t\t<\/div>\n\t\t<\/section>\n\t\t\t\t<\/div>","protected":false},"excerpt":{"rendered":"<p>Servicios para la ejecuci\u00f3n de diferentes actividades dentro del Programa \u201cSe Buscan H\u00e9roes\u201d T\u00edtulo: Servicios para la ejecuci\u00f3n de diferentes actividades dentro del Programa \u201cSe Buscan H\u00e9roes\u201d N\u00ba de Expediente:&hellip;<\/p>","protected":false},"author":16,"featured_media":0,"parent":27853,"menu_order":0,"comment_status":"closed","ping_status":"closed","template":"","meta":{"footnotes":""},"yoast_head":"<!-- This site is optimized with the Yoast SEO plugin v22.3 - https:\/\/yoast.com\/wordpress\/plugins\/seo\/ -->\n<title>Servicios para la ejecuci\u00f3n de diferentes actividades dentro del Programa \u201cSe Buscan H\u00e9roes\u201d - Fundaci\u00f3n Equipo Humano<\/title>\n<meta name=\"robots\" content=\"index, follow, max-snippet:-1, max-image-preview:large, max-video-preview:-1\" \/>\n<link rel=\"canonical\" href=\"https:\/\/fundacionequipohumano.es\/en\/perfil-del-contratante\/servicios-para-la-ejecucion-de-diferentes-actividades-dentro-del-programa-se-buscan-heroes\/\" \/>\n<meta property=\"og:locale\" content=\"es_ES\" \/>\n<meta property=\"og:type\" content=\"article\" \/>\n<meta property=\"og:title\" content=\"Servicios para la ejecuci\u00f3n de diferentes actividades dentro del Programa \u201cSe Buscan H\u00e9roes\u201d - Fundaci\u00f3n Equipo Humano\" \/>\n<meta property=\"og:description\" content=\"Servicios para la ejecuci\u00f3n de diferentes actividades dentro del Programa \u201cSe Buscan H\u00e9roes\u201d T\u00edtulo: Servicios para la ejecuci\u00f3n de diferentes actividades dentro del Programa \u201cSe Buscan H\u00e9roes\u201d N\u00ba de Expediente:&hellip;\" \/>\n<meta property=\"og:url\" content=\"https:\/\/fundacionequipohumano.es\/en\/perfil-del-contratante\/servicios-para-la-ejecucion-de-diferentes-actividades-dentro-del-programa-se-buscan-heroes\/\" \/>\n<meta property=\"og:site_name\" content=\"Fundaci\u00f3n Equipo Humano\" \/>\n<meta property=\"article:publisher\" content=\"https:\/\/www.facebook.com\/fundacionEH\/\" \/>\n<meta property=\"article:modified_time\" content=\"2024-03-07T08:11:28+00:00\" \/>\n<meta name=\"twitter:card\" content=\"summary_large_image\" \/>\n<meta name=\"twitter:site\" content=\"@FEquipoHumano\" \/>\n<meta name=\"twitter:label1\" content=\"Estimated reading time\" \/>\n\t<meta name=\"twitter:data1\" content=\"1 minuto\" \/>\n<script type=\"application\/ld+json\" class=\"yoast-schema-graph\">{\"@context\":\"https:\/\/schema.org\",\"@graph\":[{\"@type\":\"WebPage\",\"@id\":\"https:\/\/fundacionequipohumano.es\/perfil-del-contratante\/servicios-para-la-ejecucion-de-diferentes-actividades-dentro-del-programa-se-buscan-heroes\/\",\"url\":\"https:\/\/fundacionequipohumano.es\/perfil-del-contratante\/servicios-para-la-ejecucion-de-diferentes-actividades-dentro-del-programa-se-buscan-heroes\/\",\"name\":\"Servicios para la ejecuci\u00f3n de diferentes actividades dentro del Programa \u201cSe Buscan H\u00e9roes\u201d - Fundaci\u00f3n Equipo Humano\",\"isPartOf\":{\"@id\":\"https:\/\/fundacionequipohumano.es\/en\/#website\"},\"datePublished\":\"2024-02-20T12:14:06+00:00\",\"dateModified\":\"2024-03-07T08:11:28+00:00\",\"breadcrumb\":{\"@id\":\"https:\/\/fundacionequipohumano.es\/perfil-del-contratante\/servicios-para-la-ejecucion-de-diferentes-actividades-dentro-del-programa-se-buscan-heroes\/#breadcrumb\"},\"inLanguage\":\"es\",\"potentialAction\":[{\"@type\":\"ReadAction\",\"target\":[\"https:\/\/fundacionequipohumano.es\/perfil-del-contratante\/servicios-para-la-ejecucion-de-diferentes-actividades-dentro-del-programa-se-buscan-heroes\/\"]}]},{\"@type\":\"BreadcrumbList\",\"@id\":\"https:\/\/fundacionequipohumano.es\/perfil-del-contratante\/servicios-para-la-ejecucion-de-diferentes-actividades-dentro-del-programa-se-buscan-heroes\/#breadcrumb\",\"itemListElement\":[{\"@type\":\"ListItem\",\"position\":1,\"name\":\"Portada\",\"item\":\"https:\/\/fundacionequipohumano.es\/\"},{\"@type\":\"ListItem\",\"position\":2,\"name\":\"Perfil del contratante\",\"item\":\"https:\/\/fundacionequipohumano.es\/perfil-del-contratante\/\"},{\"@type\":\"ListItem\",\"position\":3,\"name\":\"Servicios para la ejecuci\u00f3n de diferentes actividades dentro del Programa \u201cSe Buscan H\u00e9roes\u201d\"}]},{\"@type\":\"WebSite\",\"@id\":\"https:\/\/fundacionequipohumano.es\/en\/#website\",\"url\":\"https:\/\/fundacionequipohumano.es\/en\/\",\"name\":\"Fundaci\u00f3n Equipo Humano\",\"description\":\"Impulsamos el desarrollo humano mediante innovaci\u00f3n, formaci\u00f3n de calidad y mejora de la empleabilidad. M\u00e1s de 10 a\u00f1os defendiendo el potencial de las personas.\",\"publisher\":{\"@id\":\"https:\/\/fundacionequipohumano.es\/en\/#organization\"},\"potentialAction\":[{\"@type\":\"SearchAction\",\"target\":{\"@type\":\"EntryPoint\",\"urlTemplate\":\"https:\/\/fundacionequipohumano.es\/en\/?s={search_term_string}\"},\"query-input\":\"required name=search_term_string\"}],\"inLanguage\":\"es\"},{\"@type\":\"Organization\",\"@id\":\"https:\/\/fundacionequipohumano.es\/en\/#organization\",\"name\":\"Fundaci\u00f3n Equipo Humano\",\"url\":\"https:\/\/fundacionequipohumano.es\/en\/\",\"logo\":{\"@type\":\"ImageObject\",\"inLanguage\":\"es\",\"@id\":\"https:\/\/fundacionequipohumano.es\/en\/#\/schema\/logo\/image\/\",\"url\":\"https:\/\/fundacionequipohumano.es\/wp-content\/uploads\/2020\/01\/FEH_logo-03-1.svg\",\"contentUrl\":\"https:\/\/fundacionequipohumano.es\/wp-content\/uploads\/2020\/01\/FEH_logo-03-1.svg\",\"width\":595,\"height\":81,\"caption\":\"Fundaci\u00f3n Equipo Humano\"},\"image\":{\"@id\":\"https:\/\/fundacionequipohumano.es\/en\/#\/schema\/logo\/image\/\"},\"sameAs\":[\"https:\/\/www.facebook.com\/fundacionEH\/\",\"https:\/\/twitter.com\/FEquipoHumano\",\"https:\/\/www.instagram.com\/fequipohumano\/\",\"https:\/\/www.linkedin.com\/company\/fundacion-equipo-humano\/\"]}]}<\/script>\n<!-- \/ Yoast SEO plugin. -->","yoast_head_json":{"title":"Servicios para la ejecuci\u00f3n de diferentes actividades dentro del Programa \u201cSe Buscan H\u00e9roes\u201d - Fundaci\u00f3n Equipo Humano","robots":{"index":"index","follow":"follow","max-snippet":"max-snippet:-1","max-image-preview":"max-image-preview:large","max-video-preview":"max-video-preview:-1"},"canonical":"https:\/\/fundacionequipohumano.es\/en\/perfil-del-contratante\/servicios-para-la-ejecucion-de-diferentes-actividades-dentro-del-programa-se-buscan-heroes\/","og_locale":"es_ES","og_type":"article","og_title":"Servicios para la ejecuci\u00f3n de diferentes actividades dentro del Programa \u201cSe Buscan H\u00e9roes\u201d - Fundaci\u00f3n Equipo Humano","og_description":"Servicios para la ejecuci\u00f3n de diferentes actividades dentro del Programa \u201cSe Buscan H\u00e9roes\u201d T\u00edtulo: Servicios para la ejecuci\u00f3n de diferentes actividades dentro del Programa \u201cSe Buscan H\u00e9roes\u201d N\u00ba de Expediente:&hellip;","og_url":"https:\/\/fundacionequipohumano.es\/en\/perfil-del-contratante\/servicios-para-la-ejecucion-de-diferentes-actividades-dentro-del-programa-se-buscan-heroes\/","og_site_name":"Fundaci\u00f3n Equipo Humano","article_publisher":"https:\/\/www.facebook.com\/fundacionEH\/","article_modified_time":"2024-03-07T08:11:28+00:00","twitter_card":"summary_large_image","twitter_site":"@FEquipoHumano","twitter_misc":{"Estimated reading time":"1 minuto"},"schema":{"@context":"https:\/\/schema.org","@graph":[{"@type":"WebPage","@id":"https:\/\/fundacionequipohumano.es\/perfil-del-contratante\/servicios-para-la-ejecucion-de-diferentes-actividades-dentro-del-programa-se-buscan-heroes\/","url":"https:\/\/fundacionequipohumano.es\/perfil-del-contratante\/servicios-para-la-ejecucion-de-diferentes-actividades-dentro-del-programa-se-buscan-heroes\/","name":"Servicios para la ejecuci\u00f3n de diferentes actividades dentro del Programa \u201cSe Buscan H\u00e9roes\u201d - Fundaci\u00f3n Equipo Humano","isPartOf":{"@id":"https:\/\/fundacionequipohumano.es\/en\/#website"},"datePublished":"2024-02-20T12:14:06+00:00","dateModified":"2024-03-07T08:11:28+00:00","breadcrumb":{"@id":"https:\/\/fundacionequipohumano.es\/perfil-del-contratante\/servicios-para-la-ejecucion-de-diferentes-actividades-dentro-del-programa-se-buscan-heroes\/#breadcrumb"},"inLanguage":"es","potentialAction":[{"@type":"ReadAction","target":["https:\/\/fundacionequipohumano.es\/perfil-del-contratante\/servicios-para-la-ejecucion-de-diferentes-actividades-dentro-del-programa-se-buscan-heroes\/"]}]},{"@type":"BreadcrumbList","@id":"https:\/\/fundacionequipohumano.es\/perfil-del-contratante\/servicios-para-la-ejecucion-de-diferentes-actividades-dentro-del-programa-se-buscan-heroes\/#breadcrumb","itemListElement":[{"@type":"ListItem","position":1,"name":"Portada","item":"https:\/\/fundacionequipohumano.es\/"},{"@type":"ListItem","position":2,"name":"Perfil del contratante","item":"https:\/\/fundacionequipohumano.es\/perfil-del-contratante\/"},{"@type":"ListItem","position":3,"name":"Servicios para la ejecuci\u00f3n de diferentes actividades dentro del Programa \u201cSe Buscan H\u00e9roes\u201d"}]},{"@type":"WebSite","@id":"https:\/\/fundacionequipohumano.es\/en\/#website","url":"https:\/\/fundacionequipohumano.es\/en\/","name":"Fundaci\u00f3n Equipo Humano","description":"Impulsamos el desarrollo humano mediante innovaci\u00f3n, formaci\u00f3n de calidad y mejora de la empleabilidad. M\u00e1s de 10 a\u00f1os defendiendo el potencial de las personas.","publisher":{"@id":"https:\/\/fundacionequipohumano.es\/en\/#organization"},"potentialAction":[{"@type":"SearchAction","target":{"@type":"EntryPoint","urlTemplate":"https:\/\/fundacionequipohumano.es\/en\/?s={search_term_string}"},"query-input":"required name=search_term_string"}],"inLanguage":"es"},{"@type":"Organization","@id":"https:\/\/fundacionequipohumano.es\/en\/#organization","name":"Fundaci\u00f3n Equipo Humano","url":"https:\/\/fundacionequipohumano.es\/en\/","logo":{"@type":"ImageObject","inLanguage":"es","@id":"https:\/\/fundacionequipohumano.es\/en\/#\/schema\/logo\/image\/","url":"https:\/\/fundacionequipohumano.es\/wp-content\/uploads\/2020\/01\/FEH_logo-03-1.svg","contentUrl":"https:\/\/fundacionequipohumano.es\/wp-content\/uploads\/2020\/01\/FEH_logo-03-1.svg","width":595,"height":81,"caption":"Fundaci\u00f3n Equipo Humano"},"image":{"@id":"https:\/\/fundacionequipohumano.es\/en\/#\/schema\/logo\/image\/"},"sameAs":["https:\/\/www.facebook.com\/fundacionEH\/","https:\/\/twitter.com\/FEquipoHumano","https:\/\/www.instagram.com\/fequipohumano\/","https:\/\/www.linkedin.com\/company\/fundacion-equipo-humano\/"]}]}},"_links":{"self":[{"href":"https:\/\/fundacionequipohumano.es\/en\/wp-json\/wp\/v2\/pages\/28606"}],"collection":[{"href":"https:\/\/fundacionequipohumano.es\/en\/wp-json\/wp\/v2\/pages"}],"about":[{"href":"https:\/\/fundacionequipohumano.es\/en\/wp-json\/wp\/v2\/types\/page"}],"author":[{"embeddable":true,"href":"https:\/\/fundacionequipohumano.es\/en\/wp-json\/wp\/v2\/users\/16"}],"replies":[{"embeddable":true,"href":"https:\/\/fundacionequipohumano.es\/en\/wp-json\/wp\/v2\/comments?post=28606"}],"version-history":[{"count":13,"href":"https:\/\/fundacionequipohumano.es\/en\/wp-json\/wp\/v2\/pages\/28606\/revisions"}],"predecessor-version":[{"id":28811,"href":"https:\/\/fundacionequipohumano.es\/en\/wp-json\/wp\/v2\/pages\/28606\/revisions\/28811"}],"up":[{"embeddable":true,"href":"https:\/\/fundacionequipohumano.es\/en\/wp-json\/wp\/v2\/pages\/27853"}],"wp:attachment":[{"href":"https:\/\/fundacionequipohumano.es\/en\/wp-json\/wp\/v2\/media?parent=28606"}],"curies":[{"name":"wp","href":"https:\/\/api.w.org\/{rel}","templated":true}]}}