{"id":25094,"date":"2022-08-23T12:07:38","date_gmt":"2022-08-23T10:07:38","guid":{"rendered":"https:\/\/fundacionequipohumano.es\/?page_id=25094"},"modified":"2022-09-05T09:38:07","modified_gmt":"2022-09-05T07:38:07","slug":"change-makers-auditoria-en-economia-circular","status":"publish","type":"page","link":"https:\/\/fundacionequipohumano.es\/change-makers-auditoria-en-economia-circular\/","title":{"rendered":"Change Makers"},"content":{"rendered":"<div data-elementor-type=\"wp-page\" data-elementor-id=\"25094\" class=\"elementor elementor-25094\" data-elementor-post-type=\"page\">\n\t\t\t\t\t\t<section class=\"elementor-section elementor-top-section elementor-element elementor-element-28c6492 elementor-section-boxed elementor-section-height-default elementor-section-height-default\" data-id=\"28c6492\" data-element_type=\"section\">\n\t\t\t\t\t\t<div class=\"elementor-container elementor-column-gap-default\">\n\t\t\t\t\t<div class=\"elementor-column elementor-col-100 elementor-top-column elementor-element elementor-element-0de019e\" data-id=\"0de019e\" data-element_type=\"column\">\n\t\t\t<div class=\"elementor-widget-wrap elementor-element-populated\">\n\t\t\t\t\t\t<div class=\"elementor-element elementor-element-d64bb01 elementor-widget elementor-widget-heading\" data-id=\"d64bb01\" data-element_type=\"widget\" data-widget_type=\"heading.default\">\n\t\t\t\t<div class=\"elementor-widget-container\">\n\t\t\t<h1 class=\"elementor-heading-title elementor-size-default\">Change Makers | Auditor\u00eda en Econom\u00eda Circular<\/h1>\t\t<\/div>\n\t\t\t\t<\/div>\n\t\t\t\t\t<\/div>\n\t\t<\/div>\n\t\t\t\t\t<\/div>\n\t\t<\/section>\n\t\t\t\t<section class=\"elementor-section elementor-top-section elementor-element elementor-element-04dd8b0 elementor-section-boxed elementor-section-height-default elementor-section-height-default\" data-id=\"04dd8b0\" data-element_type=\"section\" data-settings=\"{&quot;background_background&quot;:&quot;classic&quot;}\">\n\t\t\t\t\t\t<div class=\"elementor-container elementor-column-gap-default\">\n\t\t\t\t\t<div class=\"elementor-column elementor-col-25 elementor-top-column elementor-element elementor-element-adb19d7\" data-id=\"adb19d7\" data-element_type=\"column\">\n\t\t\t<div class=\"elementor-widget-wrap elementor-element-populated\">\n\t\t\t\t\t\t<div class=\"elementor-element elementor-element-ab0b445 elementor-widget elementor-widget-image\" data-id=\"ab0b445\" data-element_type=\"widget\" data-widget_type=\"image.default\">\n\t\t\t\t<div class=\"elementor-widget-container\">\n\t\t\t\t\t\t\t\t\t\t\t\t\t<img fetchpriority=\"high\" decoding=\"async\" width=\"734\" height=\"201\" src=\"https:\/\/fundacionequipohumano.es\/wp-content\/uploads\/2022\/03\/cropped-changemakers_horizontal.png\" class=\"attachment-full size-full wp-image-23322\" alt=\"\" \/>\t\t\t\t\t\t\t\t\t\t\t\t\t<\/div>\n\t\t\t\t<\/div>\n\t\t\t\t\t<\/div>\n\t\t<\/div>\n\t\t\t\t<div class=\"elementor-column elementor-col-25 elementor-top-column elementor-element elementor-element-95cf545\" data-id=\"95cf545\" data-element_type=\"column\">\n\t\t\t<div class=\"elementor-widget-wrap elementor-element-populated\">\n\t\t\t\t\t\t<div class=\"elementor-element elementor-element-8a13378 elementor-widget elementor-widget-heading\" data-id=\"8a13378\" data-element_type=\"widget\" data-widget_type=\"heading.default\">\n\t\t\t\t<div class=\"elementor-widget-container\">\n\t\t\t<h6 class=\"elementor-heading-title elementor-size-default\">Categor\u00eda<\/h6>\t\t<\/div>\n\t\t\t\t<\/div>\n\t\t\t\t<div class=\"elementor-element elementor-element-7a26d19 elementor-widget elementor-widget-text-editor\" data-id=\"7a26d19\" data-element_type=\"widget\" data-widget_type=\"text-editor.default\">\n\t\t\t\t<div class=\"elementor-widget-container\">\n\t\t\t\t\t\t\t<p>Programa Empleaverde, Convocatoria Crea 2019<\/p>\t\t\t\t\t\t<\/div>\n\t\t\t\t<\/div>\n\t\t\t\t<div class=\"elementor-element elementor-element-fefa956 elementor-widget elementor-widget-heading\" data-id=\"fefa956\" data-element_type=\"widget\" data-widget_type=\"heading.default\">\n\t\t\t\t<div class=\"elementor-widget-container\">\n\t\t\t<h6 class=\"elementor-heading-title elementor-size-default\">Per\u00edodo<\/h6>\t\t<\/div>\n\t\t\t\t<\/div>\n\t\t\t\t<div class=\"elementor-element elementor-element-f09ce26 elementor-widget elementor-widget-text-editor\" data-id=\"f09ce26\" data-element_type=\"widget\" data-widget_type=\"text-editor.default\">\n\t\t\t\t<div class=\"elementor-widget-container\">\n\t\t\t\t\t\t\t<p>Noviembre 2019 \u2013 Diciembre 2020<\/p>\t\t\t\t\t\t<\/div>\n\t\t\t\t<\/div>\n\t\t\t\t\t<\/div>\n\t\t<\/div>\n\t\t\t\t<div class=\"elementor-column elementor-col-25 elementor-top-column elementor-element elementor-element-07813a7\" data-id=\"07813a7\" data-element_type=\"column\">\n\t\t\t<div class=\"elementor-widget-wrap elementor-element-populated\">\n\t\t\t\t\t\t<div class=\"elementor-element elementor-element-4d4ad95 elementor-widget elementor-widget-heading\" data-id=\"4d4ad95\" data-element_type=\"widget\" data-widget_type=\"heading.default\">\n\t\t\t\t<div class=\"elementor-widget-container\">\n\t\t\t<h6 class=\"elementor-heading-title elementor-size-default\">Coordinador<\/h6>\t\t<\/div>\n\t\t\t\t<\/div>\n\t\t\t\t<div class=\"elementor-element elementor-element-140bb7d elementor-widget elementor-widget-text-editor\" data-id=\"140bb7d\" data-element_type=\"widget\" data-widget_type=\"text-editor.default\">\n\t\t\t\t<div class=\"elementor-widget-container\">\n\t\t\t\t\t\t\t<p>Fundaci\u00f3n Biodiversidad del Ministerio para la Transici\u00f3n Ecol\u00f3gica y el Reto Demogr\u00e1fico<\/p>\t\t\t\t\t\t<\/div>\n\t\t\t\t<\/div>\n\t\t\t\t<div class=\"elementor-element elementor-element-e8e72af elementor-widget elementor-widget-heading\" data-id=\"e8e72af\" data-element_type=\"widget\" data-widget_type=\"heading.default\">\n\t\t\t\t<div class=\"elementor-widget-container\">\n\t\t\t<h6 class=\"elementor-heading-title elementor-size-default\">Nuestro rol<\/h6>\t\t<\/div>\n\t\t\t\t<\/div>\n\t\t\t\t<div class=\"elementor-element elementor-element-94396d8 elementor-widget elementor-widget-text-editor\" data-id=\"94396d8\" data-element_type=\"widget\" data-widget_type=\"text-editor.default\">\n\t\t\t\t<div class=\"elementor-widget-container\">\n\t\t\t\t\t\t\t<p>Ejecuci\u00f3n del proyecto<\/p>\t\t\t\t\t\t<\/div>\n\t\t\t\t<\/div>\n\t\t\t\t\t<\/div>\n\t\t<\/div>\n\t\t\t\t<div class=\"elementor-column elementor-col-25 elementor-top-column elementor-element elementor-element-81a9722\" data-id=\"81a9722\" data-element_type=\"column\">\n\t\t\t<div class=\"elementor-widget-wrap elementor-element-populated\">\n\t\t\t\t\t\t<div class=\"elementor-element elementor-element-d042b56 elementor-align-center elementor-widget elementor-widget-button\" data-id=\"d042b56\" data-element_type=\"widget\" data-widget_type=\"button.default\">\n\t\t\t\t<div class=\"elementor-widget-container\">\n\t\t\t\t\t<div class=\"elementor-button-wrapper\">\n\t\t\t<a class=\"elementor-button elementor-button-link elementor-size-sm elementor-animation-grow\" href=\"https:\/\/www.soychangemaker.com\/\" target=\"_blank\">\n\t\t\t\t\t\t<span class=\"elementor-button-content-wrapper\">\n\t\t\t\t\t\t<span class=\"elementor-button-text\">Sitio web<\/span>\n\t\t<\/span>\n\t\t\t\t\t<\/a>\n\t\t<\/div>\n\t\t\t\t<\/div>\n\t\t\t\t<\/div>\n\t\t\t\t\t<\/div>\n\t\t<\/div>\n\t\t\t\t\t<\/div>\n\t\t<\/section>\n\t\t\t\t<section class=\"elementor-section elementor-top-section elementor-element elementor-element-25889ea elementor-section-boxed elementor-section-height-default elementor-section-height-default\" data-id=\"25889ea\" data-element_type=\"section\">\n\t\t\t\t\t\t<div class=\"elementor-container elementor-column-gap-default\">\n\t\t\t\t\t<div class=\"elementor-column elementor-col-100 elementor-top-column elementor-element elementor-element-e3b139b\" data-id=\"e3b139b\" data-element_type=\"column\">\n\t\t\t<div class=\"elementor-widget-wrap elementor-element-populated\">\n\t\t\t\t\t\t<div class=\"elementor-element elementor-element-c0ca5a7 elementor-widget elementor-widget-heading\" data-id=\"c0ca5a7\" data-element_type=\"widget\" data-widget_type=\"heading.default\">\n\t\t\t\t<div class=\"elementor-widget-container\">\n\t\t\t<h2 class=\"elementor-heading-title elementor-size-default\">OBJETIVO DEL PROYECTO<\/h2>\t\t<\/div>\n\t\t\t\t<\/div>\n\t\t\t\t<div class=\"elementor-element elementor-element-d47ef3b elementor-widget elementor-widget-text-editor\" data-id=\"d47ef3b\" data-element_type=\"widget\" data-widget_type=\"text-editor.default\">\n\t\t\t\t<div class=\"elementor-widget-container\">\n\t\t\t\t\t\t\t<p>Mejorar la empleabilidad de personas desempleadas gallegas y asturianas mediante un programa de cualificaci\u00f3n en econom\u00eda circular 2.0. donde nuestras usuarias son las change makers que optimizen la cadena de valor de las empresas, consiguiendo con ello su inserci\u00f3n laboral.<\/p><p>\u00a0<\/p><p>En este proyecto innovamos con la integraci\u00f3n dentro de los modelos de negocio de las empresas, mediante la herramienta ECOCANVAS, herramienta que integra la econom\u00eda circular no como una rama o departamento de la entidad, sino como modelo de negocio integral que influye en todos los departamentos.<\/p><p>As\u00ed mismo, tambi\u00e9n incluye una orientaci\u00f3n individualizada en materia de marca y marketing personal as\u00ed como orientaci\u00f3n laboral, y un acompa\u00f1amiento para su inserci\u00f3n laboral.<\/p><p>El proyecto Change Makers: Auditor\u00eda en Econom\u00eda Circular es una acci\u00f3n gratuita cofinanciada por el Fondo Social Europeo con el objetivo de conseguir formaci\u00f3n y un empleo de calidad.<\/p>\t\t\t\t\t\t<\/div>\n\t\t\t\t<\/div>\n\t\t\t\t<div class=\"elementor-element elementor-element-51f9e01 elementor-widget elementor-widget-spacer\" data-id=\"51f9e01\" data-element_type=\"widget\" data-widget_type=\"spacer.default\">\n\t\t\t\t<div class=\"elementor-widget-container\">\n\t\t\t\t\t<div class=\"elementor-spacer\">\n\t\t\t<div class=\"elementor-spacer-inner\"><\/div>\n\t\t<\/div>\n\t\t\t\t<\/div>\n\t\t\t\t<\/div>\n\t\t\t\t\t<\/div>\n\t\t<\/div>\n\t\t\t\t\t<\/div>\n\t\t<\/section>\n\t\t\t\t<section class=\"elementor-section elementor-top-section elementor-element elementor-element-101c89b elementor-section-boxed elementor-section-height-default elementor-section-height-default\" data-id=\"101c89b\" data-element_type=\"section\">\n\t\t\t\t\t\t<div class=\"elementor-container elementor-column-gap-default\">\n\t\t\t\t\t<div class=\"elementor-column elementor-col-100 elementor-top-column elementor-element elementor-element-8ca0601\" data-id=\"8ca0601\" data-element_type=\"column\">\n\t\t\t<div class=\"elementor-widget-wrap elementor-element-populated\">\n\t\t\t\t\t\t<div class=\"elementor-element elementor-element-7f1a70c elementor-widget elementor-widget-image\" data-id=\"7f1a70c\" data-element_type=\"widget\" data-widget_type=\"image.default\">\n\t\t\t\t<div class=\"elementor-widget-container\">\n\t\t\t\t\t\t\t\t\t\t\t\t\t<img decoding=\"async\" width=\"7199\" height=\"852\" src=\"https:\/\/fundacionequipohumano.es\/wp-content\/uploads\/2022\/09\/faldon_logos_2020_FINAL.png\" class=\"attachment-full size-full wp-image-25103\" alt=\"\" \/>\t\t\t\t\t\t\t\t\t\t\t\t\t<\/div>\n\t\t\t\t<\/div>\n\t\t\t\t\t<\/div>\n\t\t<\/div>\n\t\t\t\t\t<\/div>\n\t\t<\/section>\n\t\t\t\t<\/div>","protected":false},"excerpt":{"rendered":"<p>Change Makers | Auditor\u00eda en Econom\u00eda Circular Categor\u00eda Programa Empleaverde, Convocatoria Crea 2019 Per\u00edodo Noviembre 2019 \u2013 Diciembre 2020 Coordinador Fundaci\u00f3n Biodiversidad del Ministerio para la Transici\u00f3n Ecol\u00f3gica y el&hellip;<\/p>","protected":false},"author":16,"featured_media":0,"parent":0,"menu_order":0,"comment_status":"closed","ping_status":"closed","template":"","meta":{"footnotes":""},"yoast_head":"<!-- This site is optimized with the Yoast SEO plugin v22.3 - https:\/\/yoast.com\/wordpress\/plugins\/seo\/ -->\n<title>Change Makers - Fundaci\u00f3n Equipo Humano<\/title>\n<meta name=\"robots\" content=\"index, follow, max-snippet:-1, max-image-preview:large, max-video-preview:-1\" \/>\n<link rel=\"canonical\" href=\"https:\/\/fundacionequipohumano.es\/en\/change-makers-auditoria-en-economia-circular\/\" \/>\n<meta property=\"og:locale\" content=\"es_ES\" \/>\n<meta property=\"og:type\" content=\"article\" \/>\n<meta property=\"og:title\" content=\"Change Makers - Fundaci\u00f3n Equipo Humano\" \/>\n<meta property=\"og:description\" content=\"Change Makers | Auditor\u00eda en Econom\u00eda Circular Categor\u00eda Programa Empleaverde, Convocatoria Crea 2019 Per\u00edodo Noviembre 2019 \u2013 Diciembre 2020 Coordinador Fundaci\u00f3n Biodiversidad del Ministerio para la Transici\u00f3n Ecol\u00f3gica y el&hellip;\" \/>\n<meta property=\"og:url\" content=\"https:\/\/fundacionequipohumano.es\/en\/change-makers-auditoria-en-economia-circular\/\" \/>\n<meta property=\"og:site_name\" content=\"Fundaci\u00f3n Equipo Humano\" \/>\n<meta property=\"article:publisher\" content=\"https:\/\/www.facebook.com\/fundacionEH\/\" \/>\n<meta property=\"article:modified_time\" content=\"2022-09-05T07:38:07+00:00\" \/>\n<meta property=\"og:image\" content=\"https:\/\/fundacionequipohumano.es\/wp-content\/uploads\/2022\/03\/cropped-changemakers_horizontal.png\" \/>\n<meta name=\"twitter:card\" content=\"summary_large_image\" \/>\n<meta name=\"twitter:site\" content=\"@FEquipoHumano\" \/>\n<meta name=\"twitter:label1\" content=\"Estimated reading time\" \/>\n\t<meta name=\"twitter:data1\" content=\"2 minutos\" \/>\n<script type=\"application\/ld+json\" class=\"yoast-schema-graph\">{\"@context\":\"https:\/\/schema.org\",\"@graph\":[{\"@type\":\"WebPage\",\"@id\":\"https:\/\/fundacionequipohumano.es\/change-makers-auditoria-en-economia-circular\/\",\"url\":\"https:\/\/fundacionequipohumano.es\/change-makers-auditoria-en-economia-circular\/\",\"name\":\"Change Makers - Fundaci\u00f3n Equipo Humano\",\"isPartOf\":{\"@id\":\"https:\/\/fundacionequipohumano.es\/en\/#website\"},\"primaryImageOfPage\":{\"@id\":\"https:\/\/fundacionequipohumano.es\/change-makers-auditoria-en-economia-circular\/#primaryimage\"},\"image\":{\"@id\":\"https:\/\/fundacionequipohumano.es\/change-makers-auditoria-en-economia-circular\/#primaryimage\"},\"thumbnailUrl\":\"https:\/\/fundacionequipohumano.es\/wp-content\/uploads\/2022\/03\/cropped-changemakers_horizontal.png\",\"datePublished\":\"2022-08-23T10:07:38+00:00\",\"dateModified\":\"2022-09-05T07:38:07+00:00\",\"breadcrumb\":{\"@id\":\"https:\/\/fundacionequipohumano.es\/change-makers-auditoria-en-economia-circular\/#breadcrumb\"},\"inLanguage\":\"es\",\"potentialAction\":[{\"@type\":\"ReadAction\",\"target\":[\"https:\/\/fundacionequipohumano.es\/change-makers-auditoria-en-economia-circular\/\"]}]},{\"@type\":\"ImageObject\",\"inLanguage\":\"es\",\"@id\":\"https:\/\/fundacionequipohumano.es\/change-makers-auditoria-en-economia-circular\/#primaryimage\",\"url\":\"https:\/\/fundacionequipohumano.es\/wp-content\/uploads\/2022\/03\/cropped-changemakers_horizontal.png\",\"contentUrl\":\"https:\/\/fundacionequipohumano.es\/wp-content\/uploads\/2022\/03\/cropped-changemakers_horizontal.png\",\"width\":734,\"height\":201},{\"@type\":\"BreadcrumbList\",\"@id\":\"https:\/\/fundacionequipohumano.es\/change-makers-auditoria-en-economia-circular\/#breadcrumb\",\"itemListElement\":[{\"@type\":\"ListItem\",\"position\":1,\"name\":\"Portada\",\"item\":\"https:\/\/fundacionequipohumano.es\/\"},{\"@type\":\"ListItem\",\"position\":2,\"name\":\"Change Makers\"}]},{\"@type\":\"WebSite\",\"@id\":\"https:\/\/fundacionequipohumano.es\/en\/#website\",\"url\":\"https:\/\/fundacionequipohumano.es\/en\/\",\"name\":\"Fundaci\u00f3n Equipo Humano\",\"description\":\"Impulsamos el desarrollo humano mediante innovaci\u00f3n, formaci\u00f3n de calidad y mejora de la empleabilidad. M\u00e1s de 10 a\u00f1os defendiendo el potencial de las personas.\",\"publisher\":{\"@id\":\"https:\/\/fundacionequipohumano.es\/en\/#organization\"},\"potentialAction\":[{\"@type\":\"SearchAction\",\"target\":{\"@type\":\"EntryPoint\",\"urlTemplate\":\"https:\/\/fundacionequipohumano.es\/en\/?s={search_term_string}\"},\"query-input\":\"required name=search_term_string\"}],\"inLanguage\":\"es\"},{\"@type\":\"Organization\",\"@id\":\"https:\/\/fundacionequipohumano.es\/en\/#organization\",\"name\":\"Fundaci\u00f3n Equipo Humano\",\"url\":\"https:\/\/fundacionequipohumano.es\/en\/\",\"logo\":{\"@type\":\"ImageObject\",\"inLanguage\":\"es\",\"@id\":\"https:\/\/fundacionequipohumano.es\/en\/#\/schema\/logo\/image\/\",\"url\":\"https:\/\/fundacionequipohumano.es\/wp-content\/uploads\/2020\/01\/FEH_logo-03-1.svg\",\"contentUrl\":\"https:\/\/fundacionequipohumano.es\/wp-content\/uploads\/2020\/01\/FEH_logo-03-1.svg\",\"width\":595,\"height\":81,\"caption\":\"Fundaci\u00f3n Equipo Humano\"},\"image\":{\"@id\":\"https:\/\/fundacionequipohumano.es\/en\/#\/schema\/logo\/image\/\"},\"sameAs\":[\"https:\/\/www.facebook.com\/fundacionEH\/\",\"https:\/\/twitter.com\/FEquipoHumano\",\"https:\/\/www.instagram.com\/fequipohumano\/\",\"https:\/\/www.linkedin.com\/company\/fundacion-equipo-humano\/\"]}]}<\/script>\n<!-- \/ Yoast SEO plugin. -->","yoast_head_json":{"title":"Change Makers - Fundaci\u00f3n Equipo Humano","robots":{"index":"index","follow":"follow","max-snippet":"max-snippet:-1","max-image-preview":"max-image-preview:large","max-video-preview":"max-video-preview:-1"},"canonical":"https:\/\/fundacionequipohumano.es\/en\/change-makers-auditoria-en-economia-circular\/","og_locale":"es_ES","og_type":"article","og_title":"Change Makers - Fundaci\u00f3n Equipo Humano","og_description":"Change Makers | Auditor\u00eda en Econom\u00eda Circular Categor\u00eda Programa Empleaverde, Convocatoria Crea 2019 Per\u00edodo Noviembre 2019 \u2013 Diciembre 2020 Coordinador Fundaci\u00f3n Biodiversidad del Ministerio para la Transici\u00f3n Ecol\u00f3gica y el&hellip;","og_url":"https:\/\/fundacionequipohumano.es\/en\/change-makers-auditoria-en-economia-circular\/","og_site_name":"Fundaci\u00f3n Equipo Humano","article_publisher":"https:\/\/www.facebook.com\/fundacionEH\/","article_modified_time":"2022-09-05T07:38:07+00:00","og_image":[{"url":"https:\/\/fundacionequipohumano.es\/wp-content\/uploads\/2022\/03\/cropped-changemakers_horizontal.png"}],"twitter_card":"summary_large_image","twitter_site":"@FEquipoHumano","twitter_misc":{"Estimated reading time":"2 minutos"},"schema":{"@context":"https:\/\/schema.org","@graph":[{"@type":"WebPage","@id":"https:\/\/fundacionequipohumano.es\/change-makers-auditoria-en-economia-circular\/","url":"https:\/\/fundacionequipohumano.es\/change-makers-auditoria-en-economia-circular\/","name":"Change Makers - Fundaci\u00f3n Equipo Humano","isPartOf":{"@id":"https:\/\/fundacionequipohumano.es\/en\/#website"},"primaryImageOfPage":{"@id":"https:\/\/fundacionequipohumano.es\/change-makers-auditoria-en-economia-circular\/#primaryimage"},"image":{"@id":"https:\/\/fundacionequipohumano.es\/change-makers-auditoria-en-economia-circular\/#primaryimage"},"thumbnailUrl":"https:\/\/fundacionequipohumano.es\/wp-content\/uploads\/2022\/03\/cropped-changemakers_horizontal.png","datePublished":"2022-08-23T10:07:38+00:00","dateModified":"2022-09-05T07:38:07+00:00","breadcrumb":{"@id":"https:\/\/fundacionequipohumano.es\/change-makers-auditoria-en-economia-circular\/#breadcrumb"},"inLanguage":"es","potentialAction":[{"@type":"ReadAction","target":["https:\/\/fundacionequipohumano.es\/change-makers-auditoria-en-economia-circular\/"]}]},{"@type":"ImageObject","inLanguage":"es","@id":"https:\/\/fundacionequipohumano.es\/change-makers-auditoria-en-economia-circular\/#primaryimage","url":"https:\/\/fundacionequipohumano.es\/wp-content\/uploads\/2022\/03\/cropped-changemakers_horizontal.png","contentUrl":"https:\/\/fundacionequipohumano.es\/wp-content\/uploads\/2022\/03\/cropped-changemakers_horizontal.png","width":734,"height":201},{"@type":"BreadcrumbList","@id":"https:\/\/fundacionequipohumano.es\/change-makers-auditoria-en-economia-circular\/#breadcrumb","itemListElement":[{"@type":"ListItem","position":1,"name":"Portada","item":"https:\/\/fundacionequipohumano.es\/"},{"@type":"ListItem","position":2,"name":"Change Makers"}]},{"@type":"WebSite","@id":"https:\/\/fundacionequipohumano.es\/en\/#website","url":"https:\/\/fundacionequipohumano.es\/en\/","name":"Fundaci\u00f3n Equipo Humano","description":"Impulsamos el desarrollo humano mediante innovaci\u00f3n, formaci\u00f3n de calidad y mejora de la empleabilidad. M\u00e1s de 10 a\u00f1os defendiendo el potencial de las personas.","publisher":{"@id":"https:\/\/fundacionequipohumano.es\/en\/#organization"},"potentialAction":[{"@type":"SearchAction","target":{"@type":"EntryPoint","urlTemplate":"https:\/\/fundacionequipohumano.es\/en\/?s={search_term_string}"},"query-input":"required name=search_term_string"}],"inLanguage":"es"},{"@type":"Organization","@id":"https:\/\/fundacionequipohumano.es\/en\/#organization","name":"Fundaci\u00f3n Equipo Humano","url":"https:\/\/fundacionequipohumano.es\/en\/","logo":{"@type":"ImageObject","inLanguage":"es","@id":"https:\/\/fundacionequipohumano.es\/en\/#\/schema\/logo\/image\/","url":"https:\/\/fundacionequipohumano.es\/wp-content\/uploads\/2020\/01\/FEH_logo-03-1.svg","contentUrl":"https:\/\/fundacionequipohumano.es\/wp-content\/uploads\/2020\/01\/FEH_logo-03-1.svg","width":595,"height":81,"caption":"Fundaci\u00f3n Equipo Humano"},"image":{"@id":"https:\/\/fundacionequipohumano.es\/en\/#\/schema\/logo\/image\/"},"sameAs":["https:\/\/www.facebook.com\/fundacionEH\/","https:\/\/twitter.com\/FEquipoHumano","https:\/\/www.instagram.com\/fequipohumano\/","https:\/\/www.linkedin.com\/company\/fundacion-equipo-humano\/"]}]}},"_links":{"self":[{"href":"https:\/\/fundacionequipohumano.es\/en\/wp-json\/wp\/v2\/pages\/25094"}],"collection":[{"href":"https:\/\/fundacionequipohumano.es\/en\/wp-json\/wp\/v2\/pages"}],"about":[{"href":"https:\/\/fundacionequipohumano.es\/en\/wp-json\/wp\/v2\/types\/page"}],"author":[{"embeddable":true,"href":"https:\/\/fundacionequipohumano.es\/en\/wp-json\/wp\/v2\/users\/16"}],"replies":[{"embeddable":true,"href":"https:\/\/fundacionequipohumano.es\/en\/wp-json\/wp\/v2\/comments?post=25094"}],"version-history":[{"count":11,"href":"https:\/\/fundacionequipohumano.es\/en\/wp-json\/wp\/v2\/pages\/25094\/revisions"}],"predecessor-version":[{"id":25108,"href":"https:\/\/fundacionequipohumano.es\/en\/wp-json\/wp\/v2\/pages\/25094\/revisions\/25108"}],"wp:attachment":[{"href":"https:\/\/fundacionequipohumano.es\/en\/wp-json\/wp\/v2\/media?parent=25094"}],"curies":[{"name":"wp","href":"https:\/\/api.w.org\/{rel}","templated":true}]}}