{"id":22110,"date":"2022-02-01T00:27:14","date_gmt":"2022-01-31T23:27:14","guid":{"rendered":"https:\/\/fundacionequipohumano.es\/?page_id=22110"},"modified":"2026-03-23T16:06:34","modified_gmt":"2026-03-23T15:06:34","slug":"acciones","status":"publish","type":"page","link":"https:\/\/fundacionequipohumano.es\/acciones\/","title":{"rendered":"Acciones"},"content":{"rendered":"<div data-elementor-type=\"wp-page\" data-elementor-id=\"22110\" class=\"elementor elementor-22110\" data-elementor-post-type=\"page\">\n\t\t\t\t\t\t<section class=\"elementor-section elementor-top-section elementor-element elementor-element-5e3e609 elementor-section-stretched elementor-section-boxed elementor-section-height-default elementor-section-height-default\" data-id=\"5e3e609\" data-element_type=\"section\" data-settings=\"{&quot;stretch_section&quot;:&quot;section-stretched&quot;}\">\n\t\t\t\t\t\t<div class=\"elementor-container elementor-column-gap-default\">\n\t\t\t\t\t<div class=\"elementor-column elementor-col-50 elementor-top-column elementor-element elementor-element-d18237a\" data-id=\"d18237a\" data-element_type=\"column\">\n\t\t\t<div class=\"elementor-widget-wrap elementor-element-populated\">\n\t\t\t\t\t\t<div class=\"elementor-element elementor-element-6d236c4 elementor-cta--skin-cover elementor-cta--valign-middle elementor-animated-content elementor-bg-transform elementor-bg-transform-zoom-in elementor-widget elementor-widget-call-to-action\" data-id=\"6d236c4\" data-element_type=\"widget\" data-widget_type=\"call-to-action.default\">\n\t\t\t\t<div class=\"elementor-widget-container\">\n\t\t\t\t\t<a class=\"elementor-cta\" href=\"https:\/\/fundacionequipohumano.es\/en\/proyectos-europeos\/\">\n\t\t\t\t\t<div class=\"elementor-cta__bg-wrapper\">\n\t\t\t\t<div class=\"elementor-cta__bg elementor-bg\" style=\"background-image: url(https:\/\/fundacionequipohumano.es\/wp-content\/uploads\/2022\/03\/1-683x1024.png);\" role=\"img\" aria-label=\"1\"><\/div>\n\t\t\t\t<div class=\"elementor-cta__bg-overlay\"><\/div>\n\t\t\t<\/div>\n\t\t\t\t\t\t\t<div class=\"elementor-cta__content\">\n\t\t\t\t\t\t\t\t\t<div class=\"elementor-content-item elementor-cta__content-item elementor-icon-wrapper elementor-cta__icon elementor-view-default elementor-animated-item--grow\">\n\t\t\t\t\t\t<div class=\"elementor-icon\">\n\t\t\t\t\t\t\t<svg xmlns=\"http:\/\/www.w3.org\/2000\/svg\" id=\"Capa_1\" data-name=\"Capa 1\" viewbox=\"0 0 470.49 473.19\"><defs><style>.cls-1{fill:#fff;}<\/style><\/defs><title>icons<\/title><path class=\"cls-1\" d=\"M264.37,28.32l-13.51-1A4.8,4.8,0,0,1,246,24l-5.31-12.55c-1.93-4.83-8.69-4.83-11.1,0L224.31,24a5.82,5.82,0,0,1-4.83,3.38l-13.51,1a5.76,5.76,0,0,0-3.38,10.14l10.62,8.69a6.62,6.62,0,0,1,1.93,5.79l-3.38,13.51a5.69,5.69,0,0,0,8.69,6.28L232,65.49a7.16,7.16,0,0,1,6.28,0l11.58,7.24c4.34,2.9,10.14-1.45,8.69-6.28l-3.37-13a5.54,5.54,0,0,1,1.93-5.79l10.62-8.69c3.86-3.38,1.93-10.13-3.38-10.62Z\"><\/path><path class=\"cls-1\" d=\"M161.08,67.9a6.35,6.35,0,0,1-1.45-5.79l4.34-13c1.93-4.83-3.38-9.65-8.2-7.24l-12.55,5.79c-1.93,1-4.34.48-6.28-.48l-10.14-8.21c-4.34-3.38-10.14.48-9.65,5.31l1.93,13.51a5.53,5.53,0,0,1-2.41,5.79l-11.1,7.72A5.86,5.86,0,0,0,108,81.9l13.51,2.41a5.7,5.7,0,0,1,4.34,4.34l3.86,13a5.73,5.73,0,0,0,10.62,1l6.76-12.07a5.55,5.55,0,0,1,5.31-2.9l13.51.48A5.94,5.94,0,0,0,170.25,78Z\"><\/path><path class=\"cls-1\" d=\"M45.24,139.82a5.93,5.93,0,0,1,.48,6.28l-5.79,12.55c-2.41,4.83,2.41,9.65,7.24,8.2l13-4.34c1.93-1,4.34,0,5.79,1.45l10.14,9.17c3.86,3.38,10.14,1,10.14-4.34l-.48-13.51a5.55,5.55,0,0,1,2.9-5.31l12.07-6.76a5.72,5.72,0,0,0-1-10.62l-13-3.86a6.53,6.53,0,0,1-4.34-4.34L80,110.86a5.86,5.86,0,0,0-10.62-2.41l-7.72,11.1A5.54,5.54,0,0,1,55.86,122L42.34,120A5.93,5.93,0,0,0,37,129.69Z\"><\/path><path class=\"cls-1\" d=\"M45.72,259a6.62,6.62,0,0,1,5.79-1.93L65,260.49a5.69,5.69,0,0,0,6.28-8.69l-7.24-11.58a7.16,7.16,0,0,1,0-6.28l7.24-11.58c2.9-4.34-1.45-10.14-6.28-8.69l-13.51,3.38a5.54,5.54,0,0,1-5.79-1.93L37,204c-3.38-3.86-10.14-1.93-10.14,3.38l-1,13.51a4.8,4.8,0,0,1-3.38,4.83L10,231c-4.83,1.93-4.83,8.69,0,11.1l12.55,5.31a5.82,5.82,0,0,1,3.38,4.83l1,13.51A5.76,5.76,0,0,0,37,269.18Z\"><\/path><path class=\"cls-1\" d=\"M100.74,331.44l-12.07-6.76a5.55,5.55,0,0,1-2.9-5.31l.48-13.51a5.94,5.94,0,0,0-10.14-4.34L66,310.68a6.35,6.35,0,0,1-5.79,1.45l-13-4.34c-4.83-1.93-9.65,3.38-7.24,8.2l5.79,12.55c1,1.93.48,4.34-.48,6.28L37,345c-3.38,4.34.48,10.14,5.31,9.65l13.51-1.93a5.53,5.53,0,0,1,5.79,2.41l7.72,11.1A5.86,5.86,0,0,0,80,363.78l2.41-13.51a5.11,5.11,0,0,1,4.34-4.34l13-3.86a5.72,5.72,0,0,0,1-10.62Z\"><\/path><path class=\"cls-1\" d=\"M165.9,386l-13.51.48a5.55,5.55,0,0,1-5.31-2.9l-6.76-12.07a5.72,5.72,0,0,0-10.62,1l-3.86,13a6.53,6.53,0,0,1-4.34,4.34L108,392.26a5.86,5.86,0,0,0-2.41,10.62l11.1,7.72a5.54,5.54,0,0,1,2.41,5.79l-1.93,13.51a5.93,5.93,0,0,0,9.65,5.31l11.1-8.2a5.94,5.94,0,0,1,6.28-.48l12.55,5.79c4.83,2.41,9.65-2.41,8.2-7.24l-4.34-13c-1-1.93,0-4.34,1.45-5.79l9.17-10.14c2.9-4.34,0-10.62-5.31-10.14Z\"><\/path><path class=\"cls-1\" d=\"M257.13,426a6.62,6.62,0,0,1-1.93-5.79l3.38-13.51a5.69,5.69,0,0,0-8.69-6.28l-11.58,7.24a7.16,7.16,0,0,1-6.28,0l-11.58-7.24c-4.34-2.9-10.14,1.45-8.69,6.28l3.38,13.51a5.54,5.54,0,0,1-1.93,5.79l-11.11,8.69c-3.86,3.38-1.93,10.14,3.38,10.14l13.51,1a4.8,4.8,0,0,1,4.83,3.38l5.31,12.55c1.93,4.83,8.69,4.83,11.1,0l5.31-12.55a5.82,5.82,0,0,1,4.83-3.38l13.51-1a5.76,5.76,0,0,0,3.38-10.14Z\"><\/path><path class=\"cls-1\" d=\"M362.35,391.77l-13.51-2.41a5.7,5.7,0,0,1-4.34-4.34l-4.35-13a5.73,5.73,0,0,0-10.62-1l-6.76,12.07a5.55,5.55,0,0,1-5.31,2.9l-13.51-.48a5.94,5.94,0,0,0-4.34,10.14l9.17,10.14a6.35,6.35,0,0,1,1.45,5.79l-4.34,13c-1.93,4.83,3.38,9.65,8.2,7.24L326.63,426c1.93-1,4.34-.48,6.28.48l11.1,8.2c4.34,3.38,10.14-.48,9.65-5.31l-2.9-13.51a5.53,5.53,0,0,1,2.41-5.79l11.1-7.72c4.35-2.9,2.9-9.66-1.93-10.62Z\"><\/path><path class=\"cls-1\" d=\"M424.62,333.85a5.94,5.94,0,0,1-.48-6.28L429.92,315c2.41-4.83-2.41-9.65-7.24-8.2l-13,4.34c-1.93,1-4.34,0-5.79-1.45l-10.14-9.17c-3.86-3.38-10.14-1-10.14,4.34l.48,13.51a5.55,5.55,0,0,1-2.9,5.31l-12.07,6.76a5.72,5.72,0,0,0,1,10.62l13,3.86a6.53,6.53,0,0,1,4.34,4.34l2.41,13.51a5.86,5.86,0,0,0,10.62,2.41l7.72-11.1a5.54,5.54,0,0,1,5.79-2.41l13.51,1.93a5.93,5.93,0,0,0,5.31-9.65Z\"><\/path><path class=\"cls-1\" d=\"M460.33,231.53l-12.55-5.31a5.82,5.82,0,0,1-3.38-4.83l-1-13.51a5.76,5.76,0,0,0-10.14-3.38l-8.69,10.62a6.62,6.62,0,0,1-5.79,1.93l-13.51-3.38a5.69,5.69,0,0,0-6.28,8.69l7.24,11.58a7.16,7.16,0,0,1,0,6.28L399,251.79c-2.9,4.34,1.45,10.14,6.28,8.69l13.51-3.38a5.54,5.54,0,0,1,5.79,1.93l8.69,10.62c3.38,3.86,10.14,1.93,10.14-3.38l1-13.51a4.8,4.8,0,0,1,3.38-4.83l12.55-5.31c5.31-2.4,5.31-9.16,0-11.09Z\"><\/path><path class=\"cls-1\" d=\"M369.11,142.23,381.17,149a5.55,5.55,0,0,1,2.9,5.31l-.48,13.51a5.94,5.94,0,0,0,10.14,4.34L403.86,163a6.35,6.35,0,0,1,5.79-1.45l13,4.34c4.83,1.93,9.65-3.38,7.24-8.2l-5.79-12.55c-1-1.93-.48-4.34.48-6.28l8.2-11.1c3.38-4.34-.48-10.14-5.31-9.65L414,121a5.53,5.53,0,0,1-5.79-2.41l-7.72-11.1a5.86,5.86,0,0,0-10.62,2.41l-2.41,13.51a5.11,5.11,0,0,1-4.34,4.34l-13,3.86a5.72,5.72,0,0,0-1,10.62Z\"><\/path><path class=\"cls-1\" d=\"M303.95,87.69l13.51-.48a5.55,5.55,0,0,1,5.31,2.9l6.76,12.07a5.72,5.72,0,0,0,10.62-1l3.86-13a6.53,6.53,0,0,1,4.34-4.34l13.51-2.41a5.86,5.86,0,0,0,2.41-10.62l-11.1-7.72a5.54,5.54,0,0,1-2.41-5.79l1.93-13.51A5.93,5.93,0,0,0,343,38.46l-11.1,8.2a5.93,5.93,0,0,1-6.28.48l-12.55-5.79c-4.83-2.41-9.65,2.41-8.2,7.24l4.34,13c1,1.93,0,4.34-1.45,5.79l-9.17,10.14c-2.9,4.34,0,10.62,5.31,10.14Z\"><\/path><\/svg>\t\t\t\t\t\t<\/div>\n\t\t\t\t\t<\/div>\n\t\t\t\t\n\t\t\t\t\t\t\t\t\t<h2 class=\"elementor-cta__title elementor-cta__content-item elementor-content-item elementor-animated-item--grow\">\n\t\t\t\t\t\tProyectos Europeos\u200b\t\t\t\t\t<\/h2>\n\t\t\t\t\n\t\t\t\t\n\t\t\t\t\t\t\t<\/div>\n\t\t\t\t\t\t<\/a>\n\t\t\t\t<\/div>\n\t\t\t\t<\/div>\n\t\t\t\t\t<\/div>\n\t\t<\/div>\n\t\t\t\t<div class=\"elementor-column elementor-col-50 elementor-top-column elementor-element elementor-element-e057ea2\" data-id=\"e057ea2\" data-element_type=\"column\">\n\t\t\t<div class=\"elementor-widget-wrap elementor-element-populated\">\n\t\t\t\t\t\t<div class=\"elementor-element elementor-element-555ec70 elementor-cta--skin-cover elementor-cta--valign-middle elementor-animated-content elementor-bg-transform elementor-bg-transform-zoom-in elementor-widget elementor-widget-call-to-action\" data-id=\"555ec70\" data-element_type=\"widget\" data-widget_type=\"call-to-action.default\">\n\t\t\t\t<div class=\"elementor-widget-container\">\n\t\t\t\t\t<a class=\"elementor-cta\" href=\"https:\/\/fundacionequipohumano.es\/en\/plan-de-recolocacion-y-outplacement\/\">\n\t\t\t\t\t<div class=\"elementor-cta__bg-wrapper\">\n\t\t\t\t<div class=\"elementor-cta__bg elementor-bg\" style=\"background-image: url(https:\/\/fundacionequipohumano.es\/wp-content\/uploads\/2022\/03\/2-683x1024.png);\" role=\"img\" aria-label=\"2\"><\/div>\n\t\t\t\t<div class=\"elementor-cta__bg-overlay\"><\/div>\n\t\t\t<\/div>\n\t\t\t\t\t\t\t<div class=\"elementor-cta__content\">\n\t\t\t\t\t\t\t\t\t<div class=\"elementor-content-item elementor-cta__content-item elementor-icon-wrapper elementor-cta__icon elementor-view-default elementor-animated-item--grow\">\n\t\t\t\t\t\t<div class=\"elementor-icon\">\n\t\t\t\t\t\t\t<svg xmlns=\"http:\/\/www.w3.org\/2000\/svg\" id=\"Capa_1\" data-name=\"Capa 1\" viewbox=\"0 0 470.49 473.19\"><defs><style>.cls-1{fill:#fff;}<\/style><\/defs><title>icons<\/title><path class=\"cls-1\" d=\"M337.65,272.11H288.82c.48-2.42,1.45-4.84,1.93-6.77,2.42-6.77,2.42-13.54.48-20.79-3.39-12.57-13.54-22.72-26.11-25.62a37,37,0,0,0-30.94,6.77,35.05,35.05,0,0,0-13.54,28,28.36,28.36,0,0,0,1.93,11.12,40.16,40.16,0,0,1,1.93,7.25H184.38V218.93a9.55,9.55,0,0,0-2.9-6.77,9.24,9.24,0,0,0-7.25-1.93,140.31,140.31,0,0,0-19.34,4.84c-7.74,2.42-16,0-20.31-6.29a19.25,19.25,0,0,1-3.39-16.44c1.45-6.29,6.77-11.6,13.05-13.54a19.76,19.76,0,0,1,10.64,0,149.2,149.2,0,0,0,19.82,4.84,8.67,8.67,0,0,0,6.77-1.93c1.93-1.45,2.9-3.87,2.9-6.77V118.85a8.66,8.66,0,0,0-8.7-8.7H14.21a8.66,8.66,0,0,0-8.7,8.7V442.29a8.66,8.66,0,0,0,8.7,8.7H337.65a8.66,8.66,0,0,0,8.7-8.7V280.81a8.66,8.66,0,0,0-8.7-8.7ZM167.47,127.56v38.19c-2.42-.48-4.84-1.45-6.77-1.93-6.77-2.42-13.54-2.42-20.79-.48a35.9,35.9,0,0,0-18.86,57A35.43,35.43,0,0,0,160.21,232a31.7,31.7,0,0,1,7.25-1.93V272.6H116.21a9.55,9.55,0,0,0-6.77,2.9,9.24,9.24,0,0,0-1.93,7.25,160.68,160.68,0,0,0,4.84,19.34,24.32,24.32,0,0,1,1,5.8,17.24,17.24,0,0,1-7.25,14.51c-4.35,3.87-10.15,4.84-16.44,3.39S78,319,76.09,312.72a17.54,17.54,0,0,1,.48-11.12,188.47,188.47,0,0,0,4.84-19.34,8.67,8.67,0,0,0-1.93-6.77c-1.45-1.93-3.87-2.9-6.77-2.9H22.91v-145ZM22.91,289H63c-.48,2.42-1.45,4.84-1.93,6.77-2.42,6.77-2.42,13.54-.48,20.79,3.39,12.57,13.54,22.72,26.11,25.62a53.39,53.39,0,0,0,8.7,1,36.51,36.51,0,0,0,22.24-7.74,35.05,35.05,0,0,0,13.54-28,28.36,28.36,0,0,0-1.93-11.12,40.15,40.15,0,0,1-1.93-7.25h40.13V339.8a9.55,9.55,0,0,0,2.9,6.77,9.24,9.24,0,0,0,7.25,1.93c7.25-1.45,14-2.9,19.34-4.84A18.37,18.37,0,0,1,217.26,350a19.25,19.25,0,0,1,3.39,16.44c-1.45,6.29-6.77,11.6-13.05,13.54a17.54,17.54,0,0,1-11.12-.48c-6.29-1.93-12.57-3.39-19.34-4.84a8.67,8.67,0,0,0-6.77,1.93c-1.93,1.45-2.9,3.87-2.9,6.77v50.77H22.91Zm306,145H184.39V393.95c2.42.48,4.84,1.45,6.77,1.93,6.77,2.42,13.54,2.42,20.79.48,12.57-3.39,22.72-13.54,25.62-26.11a37,37,0,0,0-6.77-30.94,35.05,35.05,0,0,0-28-13.54,28.36,28.36,0,0,0-11.12,1.93,40.16,40.16,0,0,1-7.25,1.93V289h50.77a9.55,9.55,0,0,0,6.77-2.9,9.24,9.24,0,0,0,1.93-7.25c-1.45-7.25-2.9-14-4.84-19.34a24.32,24.32,0,0,1-1-5.8,17.24,17.24,0,0,1,7.25-14.51,19.25,19.25,0,0,1,16.44-3.39c6.29,1.45,11.6,6.77,13.54,13.05a17.54,17.54,0,0,1-.48,11.12A188.47,188.47,0,0,0,270,279.37a8.67,8.67,0,0,0,1.93,6.77c1.45,1.93,3.87,2.9,6.77,2.9h50.77v145Z\"><\/path><path class=\"cls-1\" d=\"M463.83,57.45a7.49,7.49,0,0,0-5.32-3.87L302.35,11c-2.42-.48-4.35-.48-6.29,1a7.49,7.49,0,0,0-3.87,5.32L279.15,64.7c-1.93-1.45-4.35-2.42-6.29-3.87A33.73,33.73,0,0,0,253.52,55c-13.05,0-25.62,6.77-31.91,18.37a35.71,35.71,0,0,0,22.24,51.73,29,29,0,0,0,11.12,1h7.25l-12.57,47.38c-1.45,4.35,1.45,9.19,5.8,10.64l57.05,15.47a9.53,9.53,0,0,0,7.25-1.45,10.75,10.75,0,0,0,3.87-6.29c.48-7.25,1-13.05.48-18.86a23.59,23.59,0,0,1,.48-5.8,17.77,17.77,0,0,1,10.64-12.09c5.32-2.42,11.12-1.93,16.44,1,5.8,2.9,9.67,9.67,9.67,16.44a17.9,17.9,0,0,1-2.9,10.15,104.7,104.7,0,0,0-9.19,16.44,9.42,9.42,0,0,0,0,7.25,8.79,8.79,0,0,0,5.32,4.84l57.05,15c1,0,1.45.48,2.42.48a8.29,8.29,0,0,0,8.22-6.29L464.8,64.22a10.63,10.63,0,0,0-1-6.77ZM407.75,207.33l-38.68-10.64a32.39,32.39,0,0,1,3.39-5.32,34.85,34.85,0,0,0,5.8-19.34c.48-13.05-7.25-25.62-18.37-31.91a35.71,35.71,0,0,0-51.73,22.24,29,29,0,0,0-1,11.12v6.29l-38.68-10.64L282,119.82a10,10,0,0,0-1.45-7.25c-1.45-2.42-3.87-2.42-6.77-2.9-7.25-.48-14-1-20.31-.48a23.59,23.59,0,0,1-5.8-.48,17.77,17.77,0,0,1-12.09-10.64c-2.42-5.32-1.93-11.12,1-16.44a18.53,18.53,0,0,1,16-9.67H253a17.9,17.9,0,0,1,10.15,2.9,123.41,123.41,0,0,0,17.89,9.67,9.42,9.42,0,0,0,7.25,0,8.79,8.79,0,0,0,4.84-5.32L306.71,29.9,446.43,67.61Z\"><\/path><\/svg>\t\t\t\t\t\t<\/div>\n\t\t\t\t\t<\/div>\n\t\t\t\t\n\t\t\t\t\t\t\t\t\t<h2 class=\"elementor-cta__title elementor-cta__content-item elementor-content-item elementor-animated-item--grow\">\n\t\t\t\t\t\tEmpleo y Recolocaci\u00f3n\u200b\t\t\t\t\t<\/h2>\n\t\t\t\t\n\t\t\t\t\n\t\t\t\t\t\t\t<\/div>\n\t\t\t\t\t\t<\/a>\n\t\t\t\t<\/div>\n\t\t\t\t<\/div>\n\t\t\t\t\t<\/div>\n\t\t<\/div>\n\t\t\t\t\t<\/div>\n\t\t<\/section>\n\t\t\t\t<section class=\"elementor-section elementor-top-section elementor-element elementor-element-96b2b2c elementor-section-stretched elementor-section-boxed elementor-section-height-default elementor-section-height-default\" data-id=\"96b2b2c\" data-element_type=\"section\" data-settings=\"{&quot;stretch_section&quot;:&quot;section-stretched&quot;}\">\n\t\t\t\t\t\t<div class=\"elementor-container elementor-column-gap-default\">\n\t\t\t\t\t<div class=\"elementor-column elementor-col-50 elementor-top-column elementor-element elementor-element-b3c5305\" data-id=\"b3c5305\" data-element_type=\"column\">\n\t\t\t<div class=\"elementor-widget-wrap elementor-element-populated\">\n\t\t\t\t\t\t<div class=\"elementor-element elementor-element-bedb2d3 elementor-cta--skin-cover elementor-cta--valign-middle elementor-animated-content elementor-bg-transform elementor-bg-transform-zoom-in elementor-widget elementor-widget-call-to-action\" data-id=\"bedb2d3\" data-element_type=\"widget\" data-widget_type=\"call-to-action.default\">\n\t\t\t\t<div class=\"elementor-widget-container\">\n\t\t\t\t\t<a class=\"elementor-cta\" href=\"https:\/\/fundacionequipohumano.es\/en\/planes-de-igualdad\/\">\n\t\t\t\t\t<div class=\"elementor-cta__bg-wrapper\">\n\t\t\t\t<div class=\"elementor-cta__bg elementor-bg\" style=\"background-image: url(https:\/\/fundacionequipohumano.es\/wp-content\/uploads\/2022\/02\/4-683x1024.png);\" role=\"img\" aria-label=\"4\"><\/div>\n\t\t\t\t<div class=\"elementor-cta__bg-overlay\"><\/div>\n\t\t\t<\/div>\n\t\t\t\t\t\t\t<div class=\"elementor-cta__content\">\n\t\t\t\t\t\t\t\t\t<div class=\"elementor-content-item elementor-cta__content-item elementor-icon-wrapper elementor-cta__icon elementor-view-default elementor-animated-item--grow\">\n\t\t\t\t\t\t<div class=\"elementor-icon\">\n\t\t\t\t\t\t\t<i aria-hidden=\"true\" class=\"fas fa-equals\"><\/i>\t\t\t\t\t\t<\/div>\n\t\t\t\t\t<\/div>\n\t\t\t\t\n\t\t\t\t\t\t\t\t\t<h2 class=\"elementor-cta__title elementor-cta__content-item elementor-content-item elementor-animated-item--grow\">\n\t\t\t\t\t\tPlanes de Igualdad\u200b\t\t\t\t\t<\/h2>\n\t\t\t\t\n\t\t\t\t\n\t\t\t\t\t\t\t<\/div>\n\t\t\t\t\t\t<\/a>\n\t\t\t\t<\/div>\n\t\t\t\t<\/div>\n\t\t\t\t\t<\/div>\n\t\t<\/div>\n\t\t\t\t<div class=\"elementor-column elementor-col-50 elementor-top-column elementor-element elementor-element-355e187\" data-id=\"355e187\" data-element_type=\"column\">\n\t\t\t<div class=\"elementor-widget-wrap elementor-element-populated\">\n\t\t\t\t\t\t<div class=\"elementor-element elementor-element-0ed86f0 elementor-cta--skin-cover elementor-cta--valign-middle elementor-animated-content elementor-bg-transform elementor-bg-transform-zoom-in elementor-widget elementor-widget-call-to-action\" data-id=\"0ed86f0\" data-element_type=\"widget\" data-widget_type=\"call-to-action.default\">\n\t\t\t\t<div class=\"elementor-widget-container\">\n\t\t\t\t\t<a class=\"elementor-cta\" href=\"https:\/\/fundacionequipohumano.es\/en\/empleabilidad\/\">\n\t\t\t\t\t<div class=\"elementor-cta__bg-wrapper\">\n\t\t\t\t<div class=\"elementor-cta__bg elementor-bg\" style=\"background-image: url(https:\/\/fundacionequipohumano.es\/wp-content\/uploads\/2022\/02\/3-683x1024.png);\" role=\"img\" aria-label=\"3\"><\/div>\n\t\t\t\t<div class=\"elementor-cta__bg-overlay\"><\/div>\n\t\t\t<\/div>\n\t\t\t\t\t\t\t<div class=\"elementor-cta__content\">\n\t\t\t\t\t\t\t\t\t<div class=\"elementor-content-item elementor-cta__content-item elementor-icon-wrapper elementor-cta__icon elementor-view-default elementor-animated-item--grow\">\n\t\t\t\t\t\t<div class=\"elementor-icon\">\n\t\t\t\t\t\t\t<svg xmlns=\"http:\/\/www.w3.org\/2000\/svg\" id=\"Capa_1\" data-name=\"Capa 1\" viewbox=\"0 0 470.49 473.19\"><defs><style>.cls-1{fill:#fff;}<\/style><\/defs><title>icons<\/title><path class=\"cls-1\" d=\"M421.34,100.16H346.53A106.59,106.59,0,0,0,240.06,19a13.75,13.75,0,0,0-4.81,1,13.75,13.75,0,0,0-4.81-1A106.59,106.59,0,0,0,124,100.16H49.15a43,43,0,0,0-43,43V411.28a43,43,0,0,0,43,43H421.34a43,43,0,0,0,43-43V143.07a43,43,0,0,0-43-42.91ZM230.43,46.81a13.77,13.77,0,0,0,4.81-1,13.74,13.74,0,0,0,4.81,1A77.88,77.88,0,0,1,317.3,100.1H153.19a77.88,77.88,0,0,1,77.24-53.35ZM49.09,128H421.34a15.14,15.14,0,0,1,15.08,15.08V265.55c-23.6,5.8-103.45,23.66-161.51,26a42.1,42.1,0,0,0-79.45,0c-57.93-2.84-137.79-20.65-161.45-26V143.07A15.14,15.14,0,0,1,49.15,128Zm172,175.89a14.21,14.21,0,0,1,28.3,0,4.34,4.34,0,0,0,0,3.42,14.21,14.21,0,0,1-28.3,0A4.34,4.34,0,0,0,221.1,303.89ZM421.35,426.36H49.16a15.14,15.14,0,0,1-15.08-15.08V294c30.39,7.07,104.38,23.19,161.33,25.28a42.1,42.1,0,0,0,79.8,0C331.86,317.1,406.15,301,436.54,294V411.28a15.14,15.14,0,0,1-15.19,15.08Z\"><\/path><\/svg>\t\t\t\t\t\t<\/div>\n\t\t\t\t\t<\/div>\n\t\t\t\t\n\t\t\t\t\t\t\t\t\t<h2 class=\"elementor-cta__title elementor-cta__content-item elementor-content-item elementor-animated-item--grow\">\n\t\t\t\t\t\tEmpleabilidad\u200b\t\t\t\t\t<\/h2>\n\t\t\t\t\n\t\t\t\t\n\t\t\t\t\t\t\t<\/div>\n\t\t\t\t\t\t<\/a>\n\t\t\t\t<\/div>\n\t\t\t\t<\/div>\n\t\t\t\t\t<\/div>\n\t\t<\/div>\n\t\t\t\t\t<\/div>\n\t\t<\/section>\n\t\t\t\t<\/div>","protected":false},"excerpt":{"rendered":"<p>icons Proyectos Europeos\u200b icons Empleo y Recolocaci\u00f3n\u200b Planes de Igualdad\u200b icons Empleabilidad\u200b<\/p>","protected":false},"author":18,"featured_media":0,"parent":0,"menu_order":0,"comment_status":"closed","ping_status":"closed","template":"","meta":{"footnotes":""},"yoast_head":"<!-- This site is optimized with the Yoast SEO plugin v22.3 - https:\/\/yoast.com\/wordpress\/plugins\/seo\/ -->\n<title>Acciones - Fundaci\u00f3n Equipo Humano<\/title>\n<meta name=\"robots\" content=\"index, follow, max-snippet:-1, max-image-preview:large, max-video-preview:-1\" \/>\n<link rel=\"canonical\" href=\"https:\/\/fundacionequipohumano.es\/en\/acciones\/\" \/>\n<meta property=\"og:locale\" content=\"es_ES\" \/>\n<meta property=\"og:type\" content=\"article\" \/>\n<meta property=\"og:title\" content=\"Acciones - Fundaci\u00f3n Equipo Humano\" \/>\n<meta property=\"og:description\" content=\"icons Proyectos Europeos\u200b icons Empleo y Recolocaci\u00f3n\u200b Planes de Igualdad\u200b icons Empleabilidad\u200b\" \/>\n<meta property=\"og:url\" content=\"https:\/\/fundacionequipohumano.es\/en\/acciones\/\" \/>\n<meta property=\"og:site_name\" content=\"Fundaci\u00f3n Equipo Humano\" \/>\n<meta property=\"article:publisher\" content=\"https:\/\/www.facebook.com\/fundacionEH\/\" \/>\n<meta property=\"article:modified_time\" content=\"2026-03-23T15:06:34+00:00\" \/>\n<meta name=\"twitter:card\" content=\"summary_large_image\" \/>\n<meta name=\"twitter:site\" content=\"@FEquipoHumano\" \/>\n<meta name=\"twitter:label1\" content=\"Estimated reading time\" \/>\n\t<meta name=\"twitter:data1\" content=\"1 minuto\" \/>\n<script type=\"application\/ld+json\" class=\"yoast-schema-graph\">{\"@context\":\"https:\/\/schema.org\",\"@graph\":[{\"@type\":\"WebPage\",\"@id\":\"https:\/\/fundacionequipohumano.es\/acciones\/\",\"url\":\"https:\/\/fundacionequipohumano.es\/acciones\/\",\"name\":\"Acciones - Fundaci\u00f3n Equipo Humano\",\"isPartOf\":{\"@id\":\"https:\/\/fundacionequipohumano.es\/en\/#website\"},\"datePublished\":\"2022-01-31T23:27:14+00:00\",\"dateModified\":\"2026-03-23T15:06:34+00:00\",\"breadcrumb\":{\"@id\":\"https:\/\/fundacionequipohumano.es\/acciones\/#breadcrumb\"},\"inLanguage\":\"es\",\"potentialAction\":[{\"@type\":\"ReadAction\",\"target\":[\"https:\/\/fundacionequipohumano.es\/acciones\/\"]}]},{\"@type\":\"BreadcrumbList\",\"@id\":\"https:\/\/fundacionequipohumano.es\/acciones\/#breadcrumb\",\"itemListElement\":[{\"@type\":\"ListItem\",\"position\":1,\"name\":\"Portada\",\"item\":\"https:\/\/fundacionequipohumano.es\/\"},{\"@type\":\"ListItem\",\"position\":2,\"name\":\"Acciones\"}]},{\"@type\":\"WebSite\",\"@id\":\"https:\/\/fundacionequipohumano.es\/en\/#website\",\"url\":\"https:\/\/fundacionequipohumano.es\/en\/\",\"name\":\"Fundaci\u00f3n Equipo Humano\",\"description\":\"Impulsamos el desarrollo humano mediante innovaci\u00f3n, formaci\u00f3n de calidad y mejora de la empleabilidad. M\u00e1s de 10 a\u00f1os defendiendo el potencial de las personas.\",\"publisher\":{\"@id\":\"https:\/\/fundacionequipohumano.es\/en\/#organization\"},\"potentialAction\":[{\"@type\":\"SearchAction\",\"target\":{\"@type\":\"EntryPoint\",\"urlTemplate\":\"https:\/\/fundacionequipohumano.es\/en\/?s={search_term_string}\"},\"query-input\":\"required name=search_term_string\"}],\"inLanguage\":\"es\"},{\"@type\":\"Organization\",\"@id\":\"https:\/\/fundacionequipohumano.es\/en\/#organization\",\"name\":\"Fundaci\u00f3n Equipo Humano\",\"url\":\"https:\/\/fundacionequipohumano.es\/en\/\",\"logo\":{\"@type\":\"ImageObject\",\"inLanguage\":\"es\",\"@id\":\"https:\/\/fundacionequipohumano.es\/en\/#\/schema\/logo\/image\/\",\"url\":\"https:\/\/fundacionequipohumano.es\/wp-content\/uploads\/2020\/01\/FEH_logo-03-1.svg\",\"contentUrl\":\"https:\/\/fundacionequipohumano.es\/wp-content\/uploads\/2020\/01\/FEH_logo-03-1.svg\",\"width\":595,\"height\":81,\"caption\":\"Fundaci\u00f3n Equipo Humano\"},\"image\":{\"@id\":\"https:\/\/fundacionequipohumano.es\/en\/#\/schema\/logo\/image\/\"},\"sameAs\":[\"https:\/\/www.facebook.com\/fundacionEH\/\",\"https:\/\/twitter.com\/FEquipoHumano\",\"https:\/\/www.instagram.com\/fequipohumano\/\",\"https:\/\/www.linkedin.com\/company\/fundacion-equipo-humano\/\"]}]}<\/script>\n<!-- \/ Yoast SEO plugin. -->","yoast_head_json":{"title":"Acciones - Fundaci\u00f3n Equipo Humano","robots":{"index":"index","follow":"follow","max-snippet":"max-snippet:-1","max-image-preview":"max-image-preview:large","max-video-preview":"max-video-preview:-1"},"canonical":"https:\/\/fundacionequipohumano.es\/en\/acciones\/","og_locale":"es_ES","og_type":"article","og_title":"Acciones - Fundaci\u00f3n Equipo Humano","og_description":"icons Proyectos Europeos\u200b icons Empleo y Recolocaci\u00f3n\u200b Planes de Igualdad\u200b icons Empleabilidad\u200b","og_url":"https:\/\/fundacionequipohumano.es\/en\/acciones\/","og_site_name":"Fundaci\u00f3n Equipo Humano","article_publisher":"https:\/\/www.facebook.com\/fundacionEH\/","article_modified_time":"2026-03-23T15:06:34+00:00","twitter_card":"summary_large_image","twitter_site":"@FEquipoHumano","twitter_misc":{"Estimated reading time":"1 minuto"},"schema":{"@context":"https:\/\/schema.org","@graph":[{"@type":"WebPage","@id":"https:\/\/fundacionequipohumano.es\/acciones\/","url":"https:\/\/fundacionequipohumano.es\/acciones\/","name":"Acciones - Fundaci\u00f3n Equipo Humano","isPartOf":{"@id":"https:\/\/fundacionequipohumano.es\/en\/#website"},"datePublished":"2022-01-31T23:27:14+00:00","dateModified":"2026-03-23T15:06:34+00:00","breadcrumb":{"@id":"https:\/\/fundacionequipohumano.es\/acciones\/#breadcrumb"},"inLanguage":"es","potentialAction":[{"@type":"ReadAction","target":["https:\/\/fundacionequipohumano.es\/acciones\/"]}]},{"@type":"BreadcrumbList","@id":"https:\/\/fundacionequipohumano.es\/acciones\/#breadcrumb","itemListElement":[{"@type":"ListItem","position":1,"name":"Portada","item":"https:\/\/fundacionequipohumano.es\/"},{"@type":"ListItem","position":2,"name":"Acciones"}]},{"@type":"WebSite","@id":"https:\/\/fundacionequipohumano.es\/en\/#website","url":"https:\/\/fundacionequipohumano.es\/en\/","name":"Fundaci\u00f3n Equipo Humano","description":"Impulsamos el desarrollo humano mediante innovaci\u00f3n, formaci\u00f3n de calidad y mejora de la empleabilidad. M\u00e1s de 10 a\u00f1os defendiendo el potencial de las personas.","publisher":{"@id":"https:\/\/fundacionequipohumano.es\/en\/#organization"},"potentialAction":[{"@type":"SearchAction","target":{"@type":"EntryPoint","urlTemplate":"https:\/\/fundacionequipohumano.es\/en\/?s={search_term_string}"},"query-input":"required name=search_term_string"}],"inLanguage":"es"},{"@type":"Organization","@id":"https:\/\/fundacionequipohumano.es\/en\/#organization","name":"Fundaci\u00f3n Equipo Humano","url":"https:\/\/fundacionequipohumano.es\/en\/","logo":{"@type":"ImageObject","inLanguage":"es","@id":"https:\/\/fundacionequipohumano.es\/en\/#\/schema\/logo\/image\/","url":"https:\/\/fundacionequipohumano.es\/wp-content\/uploads\/2020\/01\/FEH_logo-03-1.svg","contentUrl":"https:\/\/fundacionequipohumano.es\/wp-content\/uploads\/2020\/01\/FEH_logo-03-1.svg","width":595,"height":81,"caption":"Fundaci\u00f3n Equipo Humano"},"image":{"@id":"https:\/\/fundacionequipohumano.es\/en\/#\/schema\/logo\/image\/"},"sameAs":["https:\/\/www.facebook.com\/fundacionEH\/","https:\/\/twitter.com\/FEquipoHumano","https:\/\/www.instagram.com\/fequipohumano\/","https:\/\/www.linkedin.com\/company\/fundacion-equipo-humano\/"]}]}},"_links":{"self":[{"href":"https:\/\/fundacionequipohumano.es\/en\/wp-json\/wp\/v2\/pages\/22110"}],"collection":[{"href":"https:\/\/fundacionequipohumano.es\/en\/wp-json\/wp\/v2\/pages"}],"about":[{"href":"https:\/\/fundacionequipohumano.es\/en\/wp-json\/wp\/v2\/types\/page"}],"author":[{"embeddable":true,"href":"https:\/\/fundacionequipohumano.es\/en\/wp-json\/wp\/v2\/users\/18"}],"replies":[{"embeddable":true,"href":"https:\/\/fundacionequipohumano.es\/en\/wp-json\/wp\/v2\/comments?post=22110"}],"version-history":[{"count":178,"href":"https:\/\/fundacionequipohumano.es\/en\/wp-json\/wp\/v2\/pages\/22110\/revisions"}],"predecessor-version":[{"id":31174,"href":"https:\/\/fundacionequipohumano.es\/en\/wp-json\/wp\/v2\/pages\/22110\/revisions\/31174"}],"wp:attachment":[{"href":"https:\/\/fundacionequipohumano.es\/en\/wp-json\/wp\/v2\/media?parent=22110"}],"curies":[{"name":"wp","href":"https:\/\/api.w.org\/{rel}","templated":true}]}}