{"id":18549,"date":"2020-10-28T12:45:27","date_gmt":"2020-10-28T10:45:27","guid":{"rendered":"https:\/\/fundacionequipohumano.es\/?page_id=18549"},"modified":"2020-10-28T12:57:48","modified_gmt":"2020-10-28T10:57:48","slug":"gracias-por-asistir-al-webinar","status":"publish","type":"page","link":"https:\/\/fundacionequipohumano.es\/gracias-por-asistir-al-webinar\/","title":{"rendered":"Gracias por asistir al webinar"},"content":{"rendered":"<p>\u00a1Hola! Los humanos de Fundaci\u00f3n Equipo Humano queremos darte las gracias por tu participaci\u00f3n en el webinar \u00ab<strong>Teletrabajo, igualdad retributiva y planes de igualdad<\/strong>\u00bb que hemos realizado junto con <a href=\"https:\/\/aecta.org\/\">AECTA<\/a> y <a href=\"http:\/\/gomezdelaflor.com\/\">G\u00f3mez de la Flor Abogados<\/a>.<\/p>\n\n\n\n<p>Como agradecimiento queremos facilitarte unos <strong>documentos que recogen todas las novedades legislativas<\/strong> respecto al teletrabajo, la igualdad retributiva y los planes de igualdad.<\/p>\n\n\n\n<p>Para acceder a ellos, solamente tendr\u00e1s que rellenar el formulario y autom\u00e1ticamente te lo enviaremos por correo (Recuerda revisar tu carpeta de SPAM).<\/p>\n\n\n\n<p>Por \u00faltimo, recordarte que a\u00fan te puedes inscribir a la <strong>formaci\u00f3n en abierto que hemos dise\u00f1ado sobre planes de igualdad<\/strong>, la cual impartir\u00e1 Susana Camarero. Accede <a href=\"https:\/\/fundacionequipohumano.es\/en\/planes-de-igualdad-formacion-en-abierto\/\">AQU\u00cd<\/a> a la formaci\u00f3n.<\/p>\n\n\n\n<p>Y si tienes alguna duda o podemos ayudarte de alguna forma, recuerda que los humanos\/as de <a href=\"https:\/\/fundacionequipohumano.es\/en\/\">Fundaci\u00f3n Equipo Humano<\/a> estamos a tu disposici\u00f3n. Puedes contactarnos en: <a href=\"\/en\/&\/#x6d;&#97;&#x69;&#108;t&#x6f;&#58;c&#x6f;&#109;&#x75;&#x6e;i&#x63;&#97;c&#x69;&#111;&#x6e;&#x40;e&#x71;&#117;i&#x70;&#111;h&#x75;&#109;&#x61;&#110;o&#x2e;&#99;o&#x6d;\">&#x63;&#x6f;&#x6d;&#117;&#110;ic&#x61;&#x63;&#x69;&#x6f;&#110;&#64;eq&#x75;&#x69;&#x70;&#111;&#104;&#117;ma&#x6e;&#x6f;&#x2e;&#99;&#111;m<\/a><\/p>\n\n\n\n<h2 class=\"wp-block-heading\">ACCEDE A LAS GU\u00cdAS DE TELETRABAJO, IGUALDAD RETRIBUTIVA:<\/h2>\n\n\n\n\n<div class=\"wpcf7 no-js\" id=\"wpcf7-f18559-o1\" lang=\"es-ES\" dir=\"ltr\">\n<div class=\"screen-reader-response\"><p role=\"status\" aria-live=\"polite\" aria-atomic=\"true\"><\/p> <ul><\/ul><\/div>\n<form action=\"\/en\/wp-json\/wp\/v2\/pages\/18549#wpcf7-f18559-o1\" method=\"post\" class=\"wpcf7-form init\" aria-label=\"Formulario de contacto\" novalidate=\"novalidate\" data-status=\"init\" data-trp-original-action=\"\/en\/wp-json\/wp\/v2\/pages\/18549#wpcf7-f18559-o1\">\n<div style=\"display: none;\">\n<input type=\"hidden\" name=\"_wpcf7\" value=\"18559\" \/>\n<input type=\"hidden\" name=\"_wpcf7_version\" value=\"5.9.3\" \/>\n<input type=\"hidden\" name=\"_wpcf7_locale\" value=\"es_ES\" \/>\n<input type=\"hidden\" name=\"_wpcf7_unit_tag\" value=\"wpcf7-f18559-o1\" \/>\n<input type=\"hidden\" name=\"_wpcf7_container_post\" value=\"0\" \/>\n<input type=\"hidden\" name=\"_wpcf7_posted_data_hash\" value=\"\" \/>\n<input type=\"hidden\" name=\"_wpcf7_recaptcha_response\" value=\"\" \/>\n<\/div>\n<p><label> Tu nombre (obligatorio)<br \/>\n<span class=\"wpcf7-form-control-wrap\" data-name=\"your-name\"><input size=\"40\" class=\"wpcf7-form-control wpcf7-text wpcf7-validates-as-required\" aria-required=\"true\" aria-invalid=\"false\" value=\"\" type=\"text\" name=\"your-name\" \/><\/span> <\/label>\n<\/p>\n<p><label> Tu correo electr\u00f3nico (obligatorio)<br \/>\n<span class=\"wpcf7-form-control-wrap\" data-name=\"your-email\"><input size=\"40\" class=\"wpcf7-form-control wpcf7-email wpcf7-validates-as-required wpcf7-text wpcf7-validates-as-email\" aria-required=\"true\" aria-invalid=\"false\" value=\"\" type=\"email\" name=\"your-email\" \/><\/span> <\/label>\n<\/p>\n<p><label> Empresa<br \/>\n<span class=\"wpcf7-form-control-wrap\" data-name=\"your-subject\"><input size=\"40\" class=\"wpcf7-form-control wpcf7-text\" aria-invalid=\"false\" value=\"\" type=\"text\" name=\"your-subject\" \/><\/span> <\/label>\n<\/p>\n<p><span class=\"wpcf7-form-control-wrap\" data-name=\"acceptance-613\"><span class=\"wpcf7-form-control wpcf7-acceptance\"><span class=\"wpcf7-list-item\"><input type=\"checkbox\" name=\"acceptance-613\" value=\"1\" aria-invalid=\"false\" \/><\/span><\/span><\/span> He le\u00eddo y acepto la <a href=\"https:\/\/www.equipohumano.com\/compromiso-de-privacidad\/\" target=\"_blank\"> Pol\u00edtica de privacidad<\/a>\n<\/p>\n<p><input class=\"wpcf7-form-control wpcf7-submit has-spinner\" type=\"submit\" value=\"Enviar\" \/>\n<\/p><div class=\"wpcf7-response-output\" aria-hidden=\"true\"><\/div>\n<input type=\"hidden\" name=\"trp-form-language\" value=\"en\"\/><\/form>\n<\/div>","protected":false},"excerpt":{"rendered":"<p>\u00a1Hola! Los humanos de Fundaci\u00f3n Equipo Humano queremos darte las gracias por tu participaci\u00f3n en el webinar \u00abTeletrabajo, igualdad retributiva y planes de igualdad\u00bb que hemos realizado junto con AECTA&hellip;<\/p>","protected":false},"author":18,"featured_media":0,"parent":0,"menu_order":0,"comment_status":"closed","ping_status":"closed","template":"","meta":{"footnotes":""},"yoast_head":"<!-- This site is optimized with the Yoast SEO plugin v22.3 - https:\/\/yoast.com\/wordpress\/plugins\/seo\/ -->\n<title>Gracias por asistir al webinar - Fundaci\u00f3n Equipo Humano<\/title>\n<meta name=\"robots\" content=\"index, follow, max-snippet:-1, max-image-preview:large, max-video-preview:-1\" \/>\n<link rel=\"canonical\" href=\"https:\/\/fundacionequipohumano.es\/en\/gracias-por-asistir-al-webinar\/\" \/>\n<meta property=\"og:locale\" content=\"es_ES\" \/>\n<meta property=\"og:type\" content=\"article\" \/>\n<meta property=\"og:title\" content=\"Gracias por asistir al webinar - Fundaci\u00f3n Equipo Humano\" \/>\n<meta property=\"og:description\" content=\"\u00a1Hola! Los humanos de Fundaci\u00f3n Equipo Humano queremos darte las gracias por tu participaci\u00f3n en el webinar \u00abTeletrabajo, igualdad retributiva y planes de igualdad\u00bb que hemos realizado junto con AECTA&hellip;\" \/>\n<meta property=\"og:url\" content=\"https:\/\/fundacionequipohumano.es\/en\/gracias-por-asistir-al-webinar\/\" \/>\n<meta property=\"og:site_name\" content=\"Fundaci\u00f3n Equipo Humano\" \/>\n<meta property=\"article:publisher\" content=\"https:\/\/www.facebook.com\/fundacionEH\/\" \/>\n<meta property=\"article:modified_time\" content=\"2020-10-28T10:57:48+00:00\" \/>\n<meta name=\"twitter:card\" content=\"summary_large_image\" \/>\n<meta name=\"twitter:site\" content=\"@FEquipoHumano\" \/>\n<meta name=\"twitter:label1\" content=\"Estimated reading time\" \/>\n\t<meta name=\"twitter:data1\" content=\"1 minuto\" \/>\n<script type=\"application\/ld+json\" class=\"yoast-schema-graph\">{\"@context\":\"https:\/\/schema.org\",\"@graph\":[{\"@type\":\"WebPage\",\"@id\":\"https:\/\/fundacionequipohumano.es\/gracias-por-asistir-al-webinar\/\",\"url\":\"https:\/\/fundacionequipohumano.es\/gracias-por-asistir-al-webinar\/\",\"name\":\"Gracias por asistir al webinar - Fundaci\u00f3n Equipo Humano\",\"isPartOf\":{\"@id\":\"https:\/\/fundacionequipohumano.es\/en\/#website\"},\"datePublished\":\"2020-10-28T10:45:27+00:00\",\"dateModified\":\"2020-10-28T10:57:48+00:00\",\"breadcrumb\":{\"@id\":\"https:\/\/fundacionequipohumano.es\/gracias-por-asistir-al-webinar\/#breadcrumb\"},\"inLanguage\":\"es\",\"potentialAction\":[{\"@type\":\"ReadAction\",\"target\":[\"https:\/\/fundacionequipohumano.es\/gracias-por-asistir-al-webinar\/\"]}]},{\"@type\":\"BreadcrumbList\",\"@id\":\"https:\/\/fundacionequipohumano.es\/gracias-por-asistir-al-webinar\/#breadcrumb\",\"itemListElement\":[{\"@type\":\"ListItem\",\"position\":1,\"name\":\"Portada\",\"item\":\"https:\/\/fundacionequipohumano.es\/\"},{\"@type\":\"ListItem\",\"position\":2,\"name\":\"Gracias por asistir al webinar\"}]},{\"@type\":\"WebSite\",\"@id\":\"https:\/\/fundacionequipohumano.es\/en\/#website\",\"url\":\"https:\/\/fundacionequipohumano.es\/en\/\",\"name\":\"Fundaci\u00f3n Equipo Humano\",\"description\":\"Impulsamos el desarrollo humano mediante innovaci\u00f3n, formaci\u00f3n de calidad y mejora de la empleabilidad. M\u00e1s de 10 a\u00f1os defendiendo el potencial de las personas.\",\"publisher\":{\"@id\":\"https:\/\/fundacionequipohumano.es\/en\/#organization\"},\"potentialAction\":[{\"@type\":\"SearchAction\",\"target\":{\"@type\":\"EntryPoint\",\"urlTemplate\":\"https:\/\/fundacionequipohumano.es\/en\/?s={search_term_string}\"},\"query-input\":\"required name=search_term_string\"}],\"inLanguage\":\"es\"},{\"@type\":\"Organization\",\"@id\":\"https:\/\/fundacionequipohumano.es\/en\/#organization\",\"name\":\"Fundaci\u00f3n Equipo Humano\",\"url\":\"https:\/\/fundacionequipohumano.es\/en\/\",\"logo\":{\"@type\":\"ImageObject\",\"inLanguage\":\"es\",\"@id\":\"https:\/\/fundacionequipohumano.es\/en\/#\/schema\/logo\/image\/\",\"url\":\"https:\/\/fundacionequipohumano.es\/wp-content\/uploads\/2020\/01\/FEH_logo-03-1.svg\",\"contentUrl\":\"https:\/\/fundacionequipohumano.es\/wp-content\/uploads\/2020\/01\/FEH_logo-03-1.svg\",\"width\":595,\"height\":81,\"caption\":\"Fundaci\u00f3n Equipo Humano\"},\"image\":{\"@id\":\"https:\/\/fundacionequipohumano.es\/en\/#\/schema\/logo\/image\/\"},\"sameAs\":[\"https:\/\/www.facebook.com\/fundacionEH\/\",\"https:\/\/twitter.com\/FEquipoHumano\",\"https:\/\/www.instagram.com\/fequipohumano\/\",\"https:\/\/www.linkedin.com\/company\/fundacion-equipo-humano\/\"]}]}<\/script>\n<!-- \/ Yoast SEO plugin. -->","yoast_head_json":{"title":"Gracias por asistir al webinar - Fundaci\u00f3n Equipo Humano","robots":{"index":"index","follow":"follow","max-snippet":"max-snippet:-1","max-image-preview":"max-image-preview:large","max-video-preview":"max-video-preview:-1"},"canonical":"https:\/\/fundacionequipohumano.es\/en\/gracias-por-asistir-al-webinar\/","og_locale":"es_ES","og_type":"article","og_title":"Gracias por asistir al webinar - Fundaci\u00f3n Equipo Humano","og_description":"\u00a1Hola! Los humanos de Fundaci\u00f3n Equipo Humano queremos darte las gracias por tu participaci\u00f3n en el webinar \u00abTeletrabajo, igualdad retributiva y planes de igualdad\u00bb que hemos realizado junto con AECTA&hellip;","og_url":"https:\/\/fundacionequipohumano.es\/en\/gracias-por-asistir-al-webinar\/","og_site_name":"Fundaci\u00f3n Equipo Humano","article_publisher":"https:\/\/www.facebook.com\/fundacionEH\/","article_modified_time":"2020-10-28T10:57:48+00:00","twitter_card":"summary_large_image","twitter_site":"@FEquipoHumano","twitter_misc":{"Estimated reading time":"1 minuto"},"schema":{"@context":"https:\/\/schema.org","@graph":[{"@type":"WebPage","@id":"https:\/\/fundacionequipohumano.es\/gracias-por-asistir-al-webinar\/","url":"https:\/\/fundacionequipohumano.es\/gracias-por-asistir-al-webinar\/","name":"Gracias por asistir al webinar - Fundaci\u00f3n Equipo Humano","isPartOf":{"@id":"https:\/\/fundacionequipohumano.es\/en\/#website"},"datePublished":"2020-10-28T10:45:27+00:00","dateModified":"2020-10-28T10:57:48+00:00","breadcrumb":{"@id":"https:\/\/fundacionequipohumano.es\/gracias-por-asistir-al-webinar\/#breadcrumb"},"inLanguage":"es","potentialAction":[{"@type":"ReadAction","target":["https:\/\/fundacionequipohumano.es\/gracias-por-asistir-al-webinar\/"]}]},{"@type":"BreadcrumbList","@id":"https:\/\/fundacionequipohumano.es\/gracias-por-asistir-al-webinar\/#breadcrumb","itemListElement":[{"@type":"ListItem","position":1,"name":"Portada","item":"https:\/\/fundacionequipohumano.es\/"},{"@type":"ListItem","position":2,"name":"Gracias por asistir al webinar"}]},{"@type":"WebSite","@id":"https:\/\/fundacionequipohumano.es\/en\/#website","url":"https:\/\/fundacionequipohumano.es\/en\/","name":"Fundaci\u00f3n Equipo Humano","description":"Impulsamos el desarrollo humano mediante innovaci\u00f3n, formaci\u00f3n de calidad y mejora de la empleabilidad. M\u00e1s de 10 a\u00f1os defendiendo el potencial de las personas.","publisher":{"@id":"https:\/\/fundacionequipohumano.es\/en\/#organization"},"potentialAction":[{"@type":"SearchAction","target":{"@type":"EntryPoint","urlTemplate":"https:\/\/fundacionequipohumano.es\/en\/?s={search_term_string}"},"query-input":"required name=search_term_string"}],"inLanguage":"es"},{"@type":"Organization","@id":"https:\/\/fundacionequipohumano.es\/en\/#organization","name":"Fundaci\u00f3n Equipo Humano","url":"https:\/\/fundacionequipohumano.es\/en\/","logo":{"@type":"ImageObject","inLanguage":"es","@id":"https:\/\/fundacionequipohumano.es\/en\/#\/schema\/logo\/image\/","url":"https:\/\/fundacionequipohumano.es\/wp-content\/uploads\/2020\/01\/FEH_logo-03-1.svg","contentUrl":"https:\/\/fundacionequipohumano.es\/wp-content\/uploads\/2020\/01\/FEH_logo-03-1.svg","width":595,"height":81,"caption":"Fundaci\u00f3n Equipo Humano"},"image":{"@id":"https:\/\/fundacionequipohumano.es\/en\/#\/schema\/logo\/image\/"},"sameAs":["https:\/\/www.facebook.com\/fundacionEH\/","https:\/\/twitter.com\/FEquipoHumano","https:\/\/www.instagram.com\/fequipohumano\/","https:\/\/www.linkedin.com\/company\/fundacion-equipo-humano\/"]}]}},"_links":{"self":[{"href":"https:\/\/fundacionequipohumano.es\/en\/wp-json\/wp\/v2\/pages\/18549"}],"collection":[{"href":"https:\/\/fundacionequipohumano.es\/en\/wp-json\/wp\/v2\/pages"}],"about":[{"href":"https:\/\/fundacionequipohumano.es\/en\/wp-json\/wp\/v2\/types\/page"}],"author":[{"embeddable":true,"href":"https:\/\/fundacionequipohumano.es\/en\/wp-json\/wp\/v2\/users\/18"}],"replies":[{"embeddable":true,"href":"https:\/\/fundacionequipohumano.es\/en\/wp-json\/wp\/v2\/comments?post=18549"}],"version-history":[{"count":6,"href":"https:\/\/fundacionequipohumano.es\/en\/wp-json\/wp\/v2\/pages\/18549\/revisions"}],"predecessor-version":[{"id":18561,"href":"https:\/\/fundacionequipohumano.es\/en\/wp-json\/wp\/v2\/pages\/18549\/revisions\/18561"}],"wp:attachment":[{"href":"https:\/\/fundacionequipohumano.es\/en\/wp-json\/wp\/v2\/media?parent=18549"}],"curies":[{"name":"wp","href":"https:\/\/api.w.org\/{rel}","templated":true}]}}