{"id":18280,"date":"2020-10-23T14:57:18","date_gmt":"2020-10-23T12:57:18","guid":{"rendered":"https:\/\/fundacionequipohumano.es\/?page_id=18280"},"modified":"2020-10-26T09:17:14","modified_gmt":"2020-10-26T07:17:14","slug":"attract-medvet","status":"publish","type":"page","link":"https:\/\/fundacionequipohumano.es\/attract-medvet\/","title":{"rendered":"Attract-MedVET"},"content":{"rendered":"<div data-elementor-type=\"wp-page\" data-elementor-id=\"18280\" class=\"elementor elementor-18280\" data-elementor-post-type=\"page\">\n\t\t\t\t\t\t<section class=\"elementor-section elementor-top-section elementor-element elementor-element-3f23101c elementor-section-boxed elementor-section-height-default elementor-section-height-default\" data-id=\"3f23101c\" data-element_type=\"section\">\n\t\t\t\t\t\t<div class=\"elementor-container elementor-column-gap-default\">\n\t\t\t\t\t<div class=\"elementor-column elementor-col-100 elementor-top-column elementor-element elementor-element-3f0a2dcf\" data-id=\"3f0a2dcf\" data-element_type=\"column\">\n\t\t\t<div class=\"elementor-widget-wrap elementor-element-populated\">\n\t\t\t\t\t\t<div class=\"elementor-element elementor-element-1f8c72cc elementor-widget elementor-widget-text-editor\" data-id=\"1f8c72cc\" data-element_type=\"widget\" data-widget_type=\"text-editor.default\">\n\t\t\t\t<div class=\"elementor-widget-container\">\n\t\t\t\t\t\t\t<p><img decoding=\"async\" class=\"alignnone wp-image-18362 size-full\" src=\"https:\/\/fundacionequipohumano.es\/wp-content\/uploads\/2018\/12\/ENI-CBC-MED-e1603696613202.png\" alt=\"\" width=\"308\" height=\"141\" \/><\/p><p><strong>ENI CBC MED Programme.<\/strong><\/p><p>El proyecto tiene por objetivo fomentar las capacidades de los proveedores de educaci\u00f3n y formaci\u00f3n profesional en la elaboraci\u00f3n de programas de capacitaci\u00f3n de alta calidad para los j\u00f3venes que ni estudian ni trabajan (NEETs, por sus siglas en ingl\u00e9s), lo que, por una parte mejorar\u00e1 sus posibilidades de empleo al dotarlos de conocimientos y competencias especializados que son importantes para entrar en el mercado laboral y, por otra parte, cerrar\u00e1 las lagunas existentes entre las necesidades del mercado laboral y la prestaci\u00f3n de servicios de educaci\u00f3n y formaci\u00f3n profesional en los pa\u00edses participantes.<\/p><p>Para lograr el objetivo general, los asociados llevar\u00e1n a cabo las siguientes <strong>actividades<\/strong>:<\/p><ol><li>Revisi\u00f3n de las pr\u00e1cticas \u00f3ptimas para armonizar las necesidades del mercado laboral con la provisi\u00f3n de educaci\u00f3n y formaci\u00f3n profesional en los estados miembros de la UE;<\/li><li>Elaboraci\u00f3n de un marco de colaboraci\u00f3n entre los representantes del mercado laboral y los proveedores de educaci\u00f3n y formaci\u00f3n profesional para la identificaci\u00f3n y desarrollo de los programas capacitaci\u00f3n que responden a las necesidades del mercado laboral;<\/li><li>Identificaci\u00f3n de los sectores econ\u00f3micos y sus subsectores para los cuales el proyecto desarrollar\u00e1 y pondr\u00e1 a prueba programas de educaci\u00f3n y formaci\u00f3n profesional para los j\u00f3venes NEETs;<\/li><li>Fomento de las capacidades de los proveedores de educaci\u00f3n y formaci\u00f3n profesional para la elaboraci\u00f3n y el dise\u00f1o de programas de capacitaci\u00f3n, sobre la base del marco colaboraci\u00f3n elaborado;<\/li><li>Elaboraci\u00f3n de programas de educaci\u00f3n y formaci\u00f3n profesional;<\/li><li>Lanzamiento de un llamamiento a los proveedores de educaci\u00f3n y formaci\u00f3n profesional para la aplicaci\u00f3n de estos programas;<\/li><li>Entrega de los programas y evaluaci\u00f3n;<\/li><li>Desarrollo del portal <em>Attract-VET<\/em>;<\/li><li>Redacci\u00f3n de memorandos de entendimiento para la sostenibilidad del marco de colaboraci\u00f3n y la acreditaci\u00f3n de los programas de capacitaci\u00f3n elaborados.<\/li><\/ol><p>Mediante la ejecuci\u00f3n del proyecto Attract-MedVET, el consorcio se propone lograr la participaci\u00f3n de al menos 1000 j\u00f3venes NEETs, ya sea mediante su capacitaci\u00f3n en los programas de educaci\u00f3n y formaci\u00f3n profesional elaborados y\/o mediante las actividades de sensibilizaci\u00f3n y aprovechamiento. An\u00e1logamente, participar\u00e1n en el proyecto al menos 500 proveedores de educaci\u00f3n y formaci\u00f3n profesional, ya sea directamente participando en la ejecuci\u00f3n y evaluaci\u00f3n de los programas de capacitaci\u00f3n o mediante las actividades de sensibilizaci\u00f3n y aprovechamiento.<\/p>\t\t\t\t\t\t<\/div>\n\t\t\t\t<\/div>\n\t\t\t\t\t<\/div>\n\t\t<\/div>\n\t\t\t\t\t<\/div>\n\t\t<\/section>\n\t\t\t\t<\/div>","protected":false},"excerpt":{"rendered":"<p>ENI CBC MED Programme. El proyecto tiene por objetivo fomentar las capacidades de los proveedores de educaci\u00f3n y formaci\u00f3n profesional en la elaboraci\u00f3n de programas de capacitaci\u00f3n de alta calidad&hellip;<\/p>","protected":false},"author":18,"featured_media":0,"parent":0,"menu_order":0,"comment_status":"closed","ping_status":"closed","template":"","meta":{"footnotes":""},"yoast_head":"<!-- This site is optimized with the Yoast SEO plugin v22.3 - https:\/\/yoast.com\/wordpress\/plugins\/seo\/ -->\n<title>Attract-MedVET - Fundaci\u00f3n Equipo Humano<\/title>\n<meta name=\"robots\" content=\"index, follow, max-snippet:-1, max-image-preview:large, max-video-preview:-1\" \/>\n<link rel=\"canonical\" href=\"https:\/\/fundacionequipohumano.es\/en\/attract-medvet\/\" \/>\n<meta property=\"og:locale\" content=\"es_ES\" \/>\n<meta property=\"og:type\" content=\"article\" \/>\n<meta property=\"og:title\" content=\"Attract-MedVET - Fundaci\u00f3n Equipo Humano\" \/>\n<meta property=\"og:description\" content=\"ENI CBC MED Programme. El proyecto tiene por objetivo fomentar las capacidades de los proveedores de educaci\u00f3n y formaci\u00f3n profesional en la elaboraci\u00f3n de programas de capacitaci\u00f3n de alta calidad&hellip;\" \/>\n<meta property=\"og:url\" content=\"https:\/\/fundacionequipohumano.es\/en\/attract-medvet\/\" \/>\n<meta property=\"og:site_name\" content=\"Fundaci\u00f3n Equipo Humano\" \/>\n<meta property=\"article:publisher\" content=\"https:\/\/www.facebook.com\/fundacionEH\/\" \/>\n<meta property=\"article:modified_time\" content=\"2020-10-26T07:17:14+00:00\" \/>\n<meta property=\"og:image\" content=\"https:\/\/fundacionequipohumano.es\/wp-content\/uploads\/2018\/12\/ENI-CBC-MED-e1603696613202.png\" \/>\n<meta name=\"twitter:card\" content=\"summary_large_image\" \/>\n<meta name=\"twitter:site\" content=\"@FEquipoHumano\" \/>\n<meta name=\"twitter:label1\" content=\"Estimated reading time\" \/>\n\t<meta name=\"twitter:data1\" content=\"2 minutos\" \/>\n<script type=\"application\/ld+json\" class=\"yoast-schema-graph\">{\"@context\":\"https:\/\/schema.org\",\"@graph\":[{\"@type\":\"WebPage\",\"@id\":\"https:\/\/fundacionequipohumano.es\/attract-medvet\/\",\"url\":\"https:\/\/fundacionequipohumano.es\/attract-medvet\/\",\"name\":\"Attract-MedVET - Fundaci\u00f3n Equipo Humano\",\"isPartOf\":{\"@id\":\"https:\/\/fundacionequipohumano.es\/en\/#website\"},\"primaryImageOfPage\":{\"@id\":\"https:\/\/fundacionequipohumano.es\/attract-medvet\/#primaryimage\"},\"image\":{\"@id\":\"https:\/\/fundacionequipohumano.es\/attract-medvet\/#primaryimage\"},\"thumbnailUrl\":\"https:\/\/fundacionequipohumano.es\/wp-content\/uploads\/2018\/12\/ENI-CBC-MED-e1603696613202.png\",\"datePublished\":\"2020-10-23T12:57:18+00:00\",\"dateModified\":\"2020-10-26T07:17:14+00:00\",\"breadcrumb\":{\"@id\":\"https:\/\/fundacionequipohumano.es\/attract-medvet\/#breadcrumb\"},\"inLanguage\":\"es\",\"potentialAction\":[{\"@type\":\"ReadAction\",\"target\":[\"https:\/\/fundacionequipohumano.es\/attract-medvet\/\"]}]},{\"@type\":\"ImageObject\",\"inLanguage\":\"es\",\"@id\":\"https:\/\/fundacionequipohumano.es\/attract-medvet\/#primaryimage\",\"url\":\"https:\/\/fundacionequipohumano.es\/wp-content\/uploads\/2018\/12\/ENI-CBC-MED-e1603696613202.png\",\"contentUrl\":\"https:\/\/fundacionequipohumano.es\/wp-content\/uploads\/2018\/12\/ENI-CBC-MED-e1603696613202.png\"},{\"@type\":\"BreadcrumbList\",\"@id\":\"https:\/\/fundacionequipohumano.es\/attract-medvet\/#breadcrumb\",\"itemListElement\":[{\"@type\":\"ListItem\",\"position\":1,\"name\":\"Portada\",\"item\":\"https:\/\/fundacionequipohumano.es\/\"},{\"@type\":\"ListItem\",\"position\":2,\"name\":\"Attract-MedVET\"}]},{\"@type\":\"WebSite\",\"@id\":\"https:\/\/fundacionequipohumano.es\/en\/#website\",\"url\":\"https:\/\/fundacionequipohumano.es\/en\/\",\"name\":\"Fundaci\u00f3n Equipo Humano\",\"description\":\"Impulsamos el desarrollo humano mediante innovaci\u00f3n, formaci\u00f3n de calidad y mejora de la empleabilidad. M\u00e1s de 10 a\u00f1os defendiendo el potencial de las personas.\",\"publisher\":{\"@id\":\"https:\/\/fundacionequipohumano.es\/en\/#organization\"},\"potentialAction\":[{\"@type\":\"SearchAction\",\"target\":{\"@type\":\"EntryPoint\",\"urlTemplate\":\"https:\/\/fundacionequipohumano.es\/en\/?s={search_term_string}\"},\"query-input\":\"required name=search_term_string\"}],\"inLanguage\":\"es\"},{\"@type\":\"Organization\",\"@id\":\"https:\/\/fundacionequipohumano.es\/en\/#organization\",\"name\":\"Fundaci\u00f3n Equipo Humano\",\"url\":\"https:\/\/fundacionequipohumano.es\/en\/\",\"logo\":{\"@type\":\"ImageObject\",\"inLanguage\":\"es\",\"@id\":\"https:\/\/fundacionequipohumano.es\/en\/#\/schema\/logo\/image\/\",\"url\":\"https:\/\/fundacionequipohumano.es\/wp-content\/uploads\/2020\/01\/FEH_logo-03-1.svg\",\"contentUrl\":\"https:\/\/fundacionequipohumano.es\/wp-content\/uploads\/2020\/01\/FEH_logo-03-1.svg\",\"width\":595,\"height\":81,\"caption\":\"Fundaci\u00f3n Equipo Humano\"},\"image\":{\"@id\":\"https:\/\/fundacionequipohumano.es\/en\/#\/schema\/logo\/image\/\"},\"sameAs\":[\"https:\/\/www.facebook.com\/fundacionEH\/\",\"https:\/\/twitter.com\/FEquipoHumano\",\"https:\/\/www.instagram.com\/fequipohumano\/\",\"https:\/\/www.linkedin.com\/company\/fundacion-equipo-humano\/\"]}]}<\/script>\n<!-- \/ Yoast SEO plugin. -->","yoast_head_json":{"title":"Attract-MedVET - Fundaci\u00f3n Equipo Humano","robots":{"index":"index","follow":"follow","max-snippet":"max-snippet:-1","max-image-preview":"max-image-preview:large","max-video-preview":"max-video-preview:-1"},"canonical":"https:\/\/fundacionequipohumano.es\/en\/attract-medvet\/","og_locale":"es_ES","og_type":"article","og_title":"Attract-MedVET - Fundaci\u00f3n Equipo Humano","og_description":"ENI CBC MED Programme. El proyecto tiene por objetivo fomentar las capacidades de los proveedores de educaci\u00f3n y formaci\u00f3n profesional en la elaboraci\u00f3n de programas de capacitaci\u00f3n de alta calidad&hellip;","og_url":"https:\/\/fundacionequipohumano.es\/en\/attract-medvet\/","og_site_name":"Fundaci\u00f3n Equipo Humano","article_publisher":"https:\/\/www.facebook.com\/fundacionEH\/","article_modified_time":"2020-10-26T07:17:14+00:00","og_image":[{"url":"https:\/\/fundacionequipohumano.es\/wp-content\/uploads\/2018\/12\/ENI-CBC-MED-e1603696613202.png"}],"twitter_card":"summary_large_image","twitter_site":"@FEquipoHumano","twitter_misc":{"Estimated reading time":"2 minutos"},"schema":{"@context":"https:\/\/schema.org","@graph":[{"@type":"WebPage","@id":"https:\/\/fundacionequipohumano.es\/attract-medvet\/","url":"https:\/\/fundacionequipohumano.es\/attract-medvet\/","name":"Attract-MedVET - Fundaci\u00f3n Equipo Humano","isPartOf":{"@id":"https:\/\/fundacionequipohumano.es\/en\/#website"},"primaryImageOfPage":{"@id":"https:\/\/fundacionequipohumano.es\/attract-medvet\/#primaryimage"},"image":{"@id":"https:\/\/fundacionequipohumano.es\/attract-medvet\/#primaryimage"},"thumbnailUrl":"https:\/\/fundacionequipohumano.es\/wp-content\/uploads\/2018\/12\/ENI-CBC-MED-e1603696613202.png","datePublished":"2020-10-23T12:57:18+00:00","dateModified":"2020-10-26T07:17:14+00:00","breadcrumb":{"@id":"https:\/\/fundacionequipohumano.es\/attract-medvet\/#breadcrumb"},"inLanguage":"es","potentialAction":[{"@type":"ReadAction","target":["https:\/\/fundacionequipohumano.es\/attract-medvet\/"]}]},{"@type":"ImageObject","inLanguage":"es","@id":"https:\/\/fundacionequipohumano.es\/attract-medvet\/#primaryimage","url":"https:\/\/fundacionequipohumano.es\/wp-content\/uploads\/2018\/12\/ENI-CBC-MED-e1603696613202.png","contentUrl":"https:\/\/fundacionequipohumano.es\/wp-content\/uploads\/2018\/12\/ENI-CBC-MED-e1603696613202.png"},{"@type":"BreadcrumbList","@id":"https:\/\/fundacionequipohumano.es\/attract-medvet\/#breadcrumb","itemListElement":[{"@type":"ListItem","position":1,"name":"Portada","item":"https:\/\/fundacionequipohumano.es\/"},{"@type":"ListItem","position":2,"name":"Attract-MedVET"}]},{"@type":"WebSite","@id":"https:\/\/fundacionequipohumano.es\/en\/#website","url":"https:\/\/fundacionequipohumano.es\/en\/","name":"Fundaci\u00f3n Equipo Humano","description":"Impulsamos el desarrollo humano mediante innovaci\u00f3n, formaci\u00f3n de calidad y mejora de la empleabilidad. M\u00e1s de 10 a\u00f1os defendiendo el potencial de las personas.","publisher":{"@id":"https:\/\/fundacionequipohumano.es\/en\/#organization"},"potentialAction":[{"@type":"SearchAction","target":{"@type":"EntryPoint","urlTemplate":"https:\/\/fundacionequipohumano.es\/en\/?s={search_term_string}"},"query-input":"required name=search_term_string"}],"inLanguage":"es"},{"@type":"Organization","@id":"https:\/\/fundacionequipohumano.es\/en\/#organization","name":"Fundaci\u00f3n Equipo Humano","url":"https:\/\/fundacionequipohumano.es\/en\/","logo":{"@type":"ImageObject","inLanguage":"es","@id":"https:\/\/fundacionequipohumano.es\/en\/#\/schema\/logo\/image\/","url":"https:\/\/fundacionequipohumano.es\/wp-content\/uploads\/2020\/01\/FEH_logo-03-1.svg","contentUrl":"https:\/\/fundacionequipohumano.es\/wp-content\/uploads\/2020\/01\/FEH_logo-03-1.svg","width":595,"height":81,"caption":"Fundaci\u00f3n Equipo Humano"},"image":{"@id":"https:\/\/fundacionequipohumano.es\/en\/#\/schema\/logo\/image\/"},"sameAs":["https:\/\/www.facebook.com\/fundacionEH\/","https:\/\/twitter.com\/FEquipoHumano","https:\/\/www.instagram.com\/fequipohumano\/","https:\/\/www.linkedin.com\/company\/fundacion-equipo-humano\/"]}]}},"_links":{"self":[{"href":"https:\/\/fundacionequipohumano.es\/en\/wp-json\/wp\/v2\/pages\/18280"}],"collection":[{"href":"https:\/\/fundacionequipohumano.es\/en\/wp-json\/wp\/v2\/pages"}],"about":[{"href":"https:\/\/fundacionequipohumano.es\/en\/wp-json\/wp\/v2\/types\/page"}],"author":[{"embeddable":true,"href":"https:\/\/fundacionequipohumano.es\/en\/wp-json\/wp\/v2\/users\/18"}],"replies":[{"embeddable":true,"href":"https:\/\/fundacionequipohumano.es\/en\/wp-json\/wp\/v2\/comments?post=18280"}],"version-history":[{"count":18,"href":"https:\/\/fundacionequipohumano.es\/en\/wp-json\/wp\/v2\/pages\/18280\/revisions"}],"predecessor-version":[{"id":18385,"href":"https:\/\/fundacionequipohumano.es\/en\/wp-json\/wp\/v2\/pages\/18280\/revisions\/18385"}],"wp:attachment":[{"href":"https:\/\/fundacionequipohumano.es\/en\/wp-json\/wp\/v2\/media?parent=18280"}],"curies":[{"name":"wp","href":"https:\/\/api.w.org\/{rel}","templated":true}]}}