{"id":16774,"date":"2020-03-29T17:54:49","date_gmt":"2020-03-29T16:54:49","guid":{"rendered":"https:\/\/fundacionequipohumano.es\/?page_id=16774"},"modified":"2020-04-25T20:47:02","modified_gmt":"2020-04-25T19:47:02","slug":"adelantatealfuturo-gracias","status":"publish","type":"page","link":"https:\/\/fundacionequipohumano.es\/adelantatealfuturo-gracias\/","title":{"rendered":"adelantatealfuturo-gracias"},"content":{"rendered":"<div data-elementor-type=\"wp-page\" data-elementor-id=\"16774\" class=\"elementor elementor-16774\" data-elementor-post-type=\"page\">\n\t\t\t\t\t\t<section class=\"elementor-section elementor-top-section elementor-element elementor-element-41abfa8 elementor-section-stretched elementor-section-full_width elementor-section-height-default elementor-section-height-default\" data-id=\"41abfa8\" data-element_type=\"section\" data-settings=\"{&quot;stretch_section&quot;:&quot;section-stretched&quot;}\">\n\t\t\t\t\t\t<div class=\"elementor-container elementor-column-gap-no\">\n\t\t\t\t\t<div class=\"elementor-column elementor-col-100 elementor-top-column elementor-element elementor-element-4369e35\" data-id=\"4369e35\" data-element_type=\"column\">\n\t\t\t<div class=\"elementor-widget-wrap elementor-element-populated\">\n\t\t\t\t\t\t<div class=\"elementor-element elementor-element-e970ccb elementor-widget elementor-widget-image\" data-id=\"e970ccb\" data-element_type=\"widget\" data-widget_type=\"image.default\">\n\t\t\t\t<div class=\"elementor-widget-container\">\n\t\t\t\t\t\t\t\t\t\t\t\t\t<img fetchpriority=\"high\" decoding=\"async\" width=\"1024\" height=\"267\" src=\"https:\/\/fundacionequipohumano.es\/wp-content\/uploads\/2020\/03\/adelantatealfuturo-equipo-humano_01-1024x267.jpg\" class=\"attachment-large size-large wp-image-16756\" alt=\"\" \/>\t\t\t\t\t\t\t\t\t\t\t\t\t<\/div>\n\t\t\t\t<\/div>\n\t\t\t\t\t<\/div>\n\t\t<\/div>\n\t\t\t\t\t<\/div>\n\t\t<\/section>\n\t\t\t\t<section class=\"elementor-section elementor-top-section elementor-element elementor-element-0d6e7a5 elementor-section-boxed elementor-section-height-default elementor-section-height-default\" data-id=\"0d6e7a5\" data-element_type=\"section\">\n\t\t\t\t\t\t<div class=\"elementor-container elementor-column-gap-default\">\n\t\t\t\t\t<div class=\"elementor-column elementor-col-100 elementor-top-column elementor-element elementor-element-f2543bd\" data-id=\"f2543bd\" data-element_type=\"column\">\n\t\t\t<div class=\"elementor-widget-wrap elementor-element-populated\">\n\t\t\t\t\t\t<div class=\"elementor-element elementor-element-9668508 elementor-widget elementor-widget-image\" data-id=\"9668508\" data-element_type=\"widget\" data-widget_type=\"image.default\">\n\t\t\t\t<div class=\"elementor-widget-container\">\n\t\t\t\t\t\t\t\t\t\t\t\t\t<img decoding=\"async\" width=\"1024\" height=\"145\" src=\"https:\/\/fundacionequipohumano.es\/wp-content\/uploads\/2020\/03\/adelantate_web1-1024x145.png\" class=\"attachment-large size-large wp-image-16715\" alt=\"\" \/>\t\t\t\t\t\t\t\t\t\t\t\t\t<\/div>\n\t\t\t\t<\/div>\n\t\t\t\t\t<\/div>\n\t\t<\/div>\n\t\t\t\t\t<\/div>\n\t\t<\/section>\n\t\t\t\t<section class=\"elementor-section elementor-top-section elementor-element elementor-element-647cc5e elementor-section-boxed elementor-section-height-default elementor-section-height-default\" data-id=\"647cc5e\" data-element_type=\"section\">\n\t\t\t\t\t\t<div class=\"elementor-container elementor-column-gap-default\">\n\t\t\t\t\t<div class=\"elementor-column elementor-col-100 elementor-top-column elementor-element elementor-element-50c7f07\" data-id=\"50c7f07\" data-element_type=\"column\">\n\t\t\t<div class=\"elementor-widget-wrap elementor-element-populated\">\n\t\t\t\t\t\t<div class=\"elementor-element elementor-element-f420fd5 elementor-widget elementor-widget-heading\" data-id=\"f420fd5\" data-element_type=\"widget\" data-widget_type=\"heading.default\">\n\t\t\t\t<div class=\"elementor-widget-container\">\n\t\t\t<h2 class=\"elementor-heading-title elementor-size-default\">Muchas gracias<br>enhorabuena, terminas de dar un paso al futuro<br><br><br><\/h2>\t\t<\/div>\n\t\t\t\t<\/div>\n\t\t\t\t\t<\/div>\n\t\t<\/div>\n\t\t\t\t\t<\/div>\n\t\t<\/section>\n\t\t\t\t<section class=\"elementor-section elementor-top-section elementor-element elementor-element-4cb5690 elementor-section-boxed elementor-section-height-default elementor-section-height-default\" data-id=\"4cb5690\" data-element_type=\"section\">\n\t\t\t\t\t\t<div class=\"elementor-container elementor-column-gap-default\">\n\t\t\t\t\t<div class=\"elementor-column elementor-col-100 elementor-top-column elementor-element elementor-element-2c11eb8\" data-id=\"2c11eb8\" data-element_type=\"column\">\n\t\t\t<div class=\"elementor-widget-wrap elementor-element-populated\">\n\t\t\t\t\t\t<div class=\"elementor-element elementor-element-69a273c elementor-widget elementor-widget-image\" data-id=\"69a273c\" data-element_type=\"widget\" data-widget_type=\"image.default\">\n\t\t\t\t<div class=\"elementor-widget-container\">\n\t\t\t\t\t\t\t\t\t\t\t\t\t<img decoding=\"async\" width=\"300\" height=\"73\" src=\"https:\/\/fundacionequipohumano.es\/wp-content\/uploads\/2020\/03\/logo_equipohumano_2018-300x73.png\" class=\"attachment-medium size-medium wp-image-16768\" alt=\"\" \/>\t\t\t\t\t\t\t\t\t\t\t\t\t<\/div>\n\t\t\t\t<\/div>\n\t\t\t\t\t<\/div>\n\t\t<\/div>\n\t\t\t\t\t<\/div>\n\t\t<\/section>\n\t\t\t\t<\/div>","protected":false},"excerpt":{"rendered":"<p>Muchas gracias enhorabuena, terminas de dar un paso al futuro<\/p>","protected":false},"author":1,"featured_media":0,"parent":0,"menu_order":0,"comment_status":"closed","ping_status":"closed","template":"","meta":{"footnotes":""},"yoast_head":"<!-- This site is optimized with the Yoast SEO plugin v22.3 - https:\/\/yoast.com\/wordpress\/plugins\/seo\/ -->\n<title>adelantatealfuturo-gracias - Fundaci\u00f3n Equipo Humano<\/title>\n<meta name=\"robots\" content=\"index, follow, max-snippet:-1, max-image-preview:large, max-video-preview:-1\" \/>\n<link rel=\"canonical\" href=\"https:\/\/fundacionequipohumano.es\/en\/adelantatealfuturo-gracias\/\" \/>\n<meta property=\"og:locale\" content=\"es_ES\" \/>\n<meta property=\"og:type\" content=\"article\" \/>\n<meta property=\"og:title\" content=\"adelantatealfuturo-gracias - Fundaci\u00f3n Equipo Humano\" \/>\n<meta property=\"og:description\" content=\"Muchas gracias enhorabuena, terminas de dar un paso al futuro\" \/>\n<meta property=\"og:url\" content=\"https:\/\/fundacionequipohumano.es\/en\/adelantatealfuturo-gracias\/\" \/>\n<meta property=\"og:site_name\" content=\"Fundaci\u00f3n Equipo Humano\" \/>\n<meta property=\"article:publisher\" content=\"https:\/\/www.facebook.com\/fundacionEH\/\" \/>\n<meta property=\"article:modified_time\" content=\"2020-04-25T19:47:02+00:00\" \/>\n<meta property=\"og:image\" content=\"https:\/\/fundacionequipohumano.es\/wp-content\/uploads\/2020\/03\/adelantatealfuturo-equipo-humano_01-1024x267.jpg\" \/>\n<meta name=\"twitter:card\" content=\"summary_large_image\" \/>\n<meta name=\"twitter:site\" content=\"@FEquipoHumano\" \/>\n<script type=\"application\/ld+json\" class=\"yoast-schema-graph\">{\"@context\":\"https:\/\/schema.org\",\"@graph\":[{\"@type\":\"WebPage\",\"@id\":\"https:\/\/fundacionequipohumano.es\/adelantatealfuturo-gracias\/\",\"url\":\"https:\/\/fundacionequipohumano.es\/adelantatealfuturo-gracias\/\",\"name\":\"adelantatealfuturo-gracias - Fundaci\u00f3n Equipo Humano\",\"isPartOf\":{\"@id\":\"https:\/\/fundacionequipohumano.es\/en\/#website\"},\"primaryImageOfPage\":{\"@id\":\"https:\/\/fundacionequipohumano.es\/adelantatealfuturo-gracias\/#primaryimage\"},\"image\":{\"@id\":\"https:\/\/fundacionequipohumano.es\/adelantatealfuturo-gracias\/#primaryimage\"},\"thumbnailUrl\":\"https:\/\/fundacionequipohumano.es\/wp-content\/uploads\/2020\/03\/adelantatealfuturo-equipo-humano_01-1024x267.jpg\",\"datePublished\":\"2020-03-29T16:54:49+00:00\",\"dateModified\":\"2020-04-25T19:47:02+00:00\",\"breadcrumb\":{\"@id\":\"https:\/\/fundacionequipohumano.es\/adelantatealfuturo-gracias\/#breadcrumb\"},\"inLanguage\":\"es\",\"potentialAction\":[{\"@type\":\"ReadAction\",\"target\":[\"https:\/\/fundacionequipohumano.es\/adelantatealfuturo-gracias\/\"]}]},{\"@type\":\"ImageObject\",\"inLanguage\":\"es\",\"@id\":\"https:\/\/fundacionequipohumano.es\/adelantatealfuturo-gracias\/#primaryimage\",\"url\":\"https:\/\/fundacionequipohumano.es\/wp-content\/uploads\/2020\/03\/adelantatealfuturo-equipo-humano_01.jpg\",\"contentUrl\":\"https:\/\/fundacionequipohumano.es\/wp-content\/uploads\/2020\/03\/adelantatealfuturo-equipo-humano_01.jpg\",\"width\":1920,\"height\":500},{\"@type\":\"BreadcrumbList\",\"@id\":\"https:\/\/fundacionequipohumano.es\/adelantatealfuturo-gracias\/#breadcrumb\",\"itemListElement\":[{\"@type\":\"ListItem\",\"position\":1,\"name\":\"Portada\",\"item\":\"https:\/\/fundacionequipohumano.es\/\"},{\"@type\":\"ListItem\",\"position\":2,\"name\":\"adelantatealfuturo-gracias\"}]},{\"@type\":\"WebSite\",\"@id\":\"https:\/\/fundacionequipohumano.es\/en\/#website\",\"url\":\"https:\/\/fundacionequipohumano.es\/en\/\",\"name\":\"Fundaci\u00f3n Equipo Humano\",\"description\":\"Impulsamos el desarrollo humano mediante innovaci\u00f3n, formaci\u00f3n de calidad y mejora de la empleabilidad. M\u00e1s de 10 a\u00f1os defendiendo el potencial de las personas.\",\"publisher\":{\"@id\":\"https:\/\/fundacionequipohumano.es\/en\/#organization\"},\"potentialAction\":[{\"@type\":\"SearchAction\",\"target\":{\"@type\":\"EntryPoint\",\"urlTemplate\":\"https:\/\/fundacionequipohumano.es\/en\/?s={search_term_string}\"},\"query-input\":\"required name=search_term_string\"}],\"inLanguage\":\"es\"},{\"@type\":\"Organization\",\"@id\":\"https:\/\/fundacionequipohumano.es\/en\/#organization\",\"name\":\"Fundaci\u00f3n Equipo Humano\",\"url\":\"https:\/\/fundacionequipohumano.es\/en\/\",\"logo\":{\"@type\":\"ImageObject\",\"inLanguage\":\"es\",\"@id\":\"https:\/\/fundacionequipohumano.es\/en\/#\/schema\/logo\/image\/\",\"url\":\"https:\/\/fundacionequipohumano.es\/wp-content\/uploads\/2020\/01\/FEH_logo-03-1.svg\",\"contentUrl\":\"https:\/\/fundacionequipohumano.es\/wp-content\/uploads\/2020\/01\/FEH_logo-03-1.svg\",\"width\":595,\"height\":81,\"caption\":\"Fundaci\u00f3n Equipo Humano\"},\"image\":{\"@id\":\"https:\/\/fundacionequipohumano.es\/en\/#\/schema\/logo\/image\/\"},\"sameAs\":[\"https:\/\/www.facebook.com\/fundacionEH\/\",\"https:\/\/twitter.com\/FEquipoHumano\",\"https:\/\/www.instagram.com\/fequipohumano\/\",\"https:\/\/www.linkedin.com\/company\/fundacion-equipo-humano\/\"]}]}<\/script>\n<!-- \/ Yoast SEO plugin. -->","yoast_head_json":{"title":"adelantatealfuturo-gracias - Fundaci\u00f3n Equipo Humano","robots":{"index":"index","follow":"follow","max-snippet":"max-snippet:-1","max-image-preview":"max-image-preview:large","max-video-preview":"max-video-preview:-1"},"canonical":"https:\/\/fundacionequipohumano.es\/en\/adelantatealfuturo-gracias\/","og_locale":"es_ES","og_type":"article","og_title":"adelantatealfuturo-gracias - Fundaci\u00f3n Equipo Humano","og_description":"Muchas gracias enhorabuena, terminas de dar un paso al futuro","og_url":"https:\/\/fundacionequipohumano.es\/en\/adelantatealfuturo-gracias\/","og_site_name":"Fundaci\u00f3n Equipo Humano","article_publisher":"https:\/\/www.facebook.com\/fundacionEH\/","article_modified_time":"2020-04-25T19:47:02+00:00","og_image":[{"url":"https:\/\/fundacionequipohumano.es\/wp-content\/uploads\/2020\/03\/adelantatealfuturo-equipo-humano_01-1024x267.jpg"}],"twitter_card":"summary_large_image","twitter_site":"@FEquipoHumano","schema":{"@context":"https:\/\/schema.org","@graph":[{"@type":"WebPage","@id":"https:\/\/fundacionequipohumano.es\/adelantatealfuturo-gracias\/","url":"https:\/\/fundacionequipohumano.es\/adelantatealfuturo-gracias\/","name":"adelantatealfuturo-gracias - Fundaci\u00f3n Equipo Humano","isPartOf":{"@id":"https:\/\/fundacionequipohumano.es\/en\/#website"},"primaryImageOfPage":{"@id":"https:\/\/fundacionequipohumano.es\/adelantatealfuturo-gracias\/#primaryimage"},"image":{"@id":"https:\/\/fundacionequipohumano.es\/adelantatealfuturo-gracias\/#primaryimage"},"thumbnailUrl":"https:\/\/fundacionequipohumano.es\/wp-content\/uploads\/2020\/03\/adelantatealfuturo-equipo-humano_01-1024x267.jpg","datePublished":"2020-03-29T16:54:49+00:00","dateModified":"2020-04-25T19:47:02+00:00","breadcrumb":{"@id":"https:\/\/fundacionequipohumano.es\/adelantatealfuturo-gracias\/#breadcrumb"},"inLanguage":"es","potentialAction":[{"@type":"ReadAction","target":["https:\/\/fundacionequipohumano.es\/adelantatealfuturo-gracias\/"]}]},{"@type":"ImageObject","inLanguage":"es","@id":"https:\/\/fundacionequipohumano.es\/adelantatealfuturo-gracias\/#primaryimage","url":"https:\/\/fundacionequipohumano.es\/wp-content\/uploads\/2020\/03\/adelantatealfuturo-equipo-humano_01.jpg","contentUrl":"https:\/\/fundacionequipohumano.es\/wp-content\/uploads\/2020\/03\/adelantatealfuturo-equipo-humano_01.jpg","width":1920,"height":500},{"@type":"BreadcrumbList","@id":"https:\/\/fundacionequipohumano.es\/adelantatealfuturo-gracias\/#breadcrumb","itemListElement":[{"@type":"ListItem","position":1,"name":"Portada","item":"https:\/\/fundacionequipohumano.es\/"},{"@type":"ListItem","position":2,"name":"adelantatealfuturo-gracias"}]},{"@type":"WebSite","@id":"https:\/\/fundacionequipohumano.es\/en\/#website","url":"https:\/\/fundacionequipohumano.es\/en\/","name":"Fundaci\u00f3n Equipo Humano","description":"Impulsamos el desarrollo humano mediante innovaci\u00f3n, formaci\u00f3n de calidad y mejora de la empleabilidad. M\u00e1s de 10 a\u00f1os defendiendo el potencial de las personas.","publisher":{"@id":"https:\/\/fundacionequipohumano.es\/en\/#organization"},"potentialAction":[{"@type":"SearchAction","target":{"@type":"EntryPoint","urlTemplate":"https:\/\/fundacionequipohumano.es\/en\/?s={search_term_string}"},"query-input":"required name=search_term_string"}],"inLanguage":"es"},{"@type":"Organization","@id":"https:\/\/fundacionequipohumano.es\/en\/#organization","name":"Fundaci\u00f3n Equipo Humano","url":"https:\/\/fundacionequipohumano.es\/en\/","logo":{"@type":"ImageObject","inLanguage":"es","@id":"https:\/\/fundacionequipohumano.es\/en\/#\/schema\/logo\/image\/","url":"https:\/\/fundacionequipohumano.es\/wp-content\/uploads\/2020\/01\/FEH_logo-03-1.svg","contentUrl":"https:\/\/fundacionequipohumano.es\/wp-content\/uploads\/2020\/01\/FEH_logo-03-1.svg","width":595,"height":81,"caption":"Fundaci\u00f3n Equipo Humano"},"image":{"@id":"https:\/\/fundacionequipohumano.es\/en\/#\/schema\/logo\/image\/"},"sameAs":["https:\/\/www.facebook.com\/fundacionEH\/","https:\/\/twitter.com\/FEquipoHumano","https:\/\/www.instagram.com\/fequipohumano\/","https:\/\/www.linkedin.com\/company\/fundacion-equipo-humano\/"]}]}},"_links":{"self":[{"href":"https:\/\/fundacionequipohumano.es\/en\/wp-json\/wp\/v2\/pages\/16774"}],"collection":[{"href":"https:\/\/fundacionequipohumano.es\/en\/wp-json\/wp\/v2\/pages"}],"about":[{"href":"https:\/\/fundacionequipohumano.es\/en\/wp-json\/wp\/v2\/types\/page"}],"author":[{"embeddable":true,"href":"https:\/\/fundacionequipohumano.es\/en\/wp-json\/wp\/v2\/users\/1"}],"replies":[{"embeddable":true,"href":"https:\/\/fundacionequipohumano.es\/en\/wp-json\/wp\/v2\/comments?post=16774"}],"version-history":[{"count":17,"href":"https:\/\/fundacionequipohumano.es\/en\/wp-json\/wp\/v2\/pages\/16774\/revisions"}],"predecessor-version":[{"id":17185,"href":"https:\/\/fundacionequipohumano.es\/en\/wp-json\/wp\/v2\/pages\/16774\/revisions\/17185"}],"wp:attachment":[{"href":"https:\/\/fundacionequipohumano.es\/en\/wp-json\/wp\/v2\/media?parent=16774"}],"curies":[{"name":"wp","href":"https:\/\/api.w.org\/{rel}","templated":true}]}}