{"id":12313,"date":"2018-06-26T11:49:31","date_gmt":"2018-06-26T11:49:31","guid":{"rendered":"https:\/\/fundacionequipohumano.es\/fresh-project\/"},"modified":"2018-06-26T11:49:31","modified_gmt":"2018-06-26T11:49:31","slug":"fresh-project","status":"publish","type":"page","link":"https:\/\/fundacionequipohumano.es\/fresh-project\/","title":{"rendered":"FRESH Project"},"content":{"rendered":"<p><img fetchpriority=\"high\" decoding=\"async\" class=\"alignright size-full wp-image-12311\" src=\"https:\/\/fundacionequipohumano.es\/wp-content\/uploads\/2018\/06\/fresh_logo.png\" alt=\"\" width=\"522\" height=\"228\" style=\"float: right;\" \/><strong><\/strong><\/p>\n<p><strong>On 15<sup>th<\/sup>&nbsp;October 2017 the project agriFood open educational RESources for Human capital managers, also known as FRESH Project<\/strong>, was launched under the Erasmus+ Program. Its main goal is to<strong>&nbsp;reduce the skill gaps that Small and Medium Size Companies (SMEs)<\/strong>&nbsp;have in Human Resources (HR) strategies by developing an open online tool about Human Resources Management (HRM).<\/p>\n<p>In 2015, CEDEFOP (European Centre for the Development of Vocational Training) revealed that the skills gaps are related to inefficient human resources practices such as an inadequate lifelong training of the employees or low quality jobs with low chances of promotion.<\/p>\n<p>The project itself is aimed at&nbsp;<strong>human resources managers with either low or any professional skills<\/strong>. They will have the chance to participate in the training courses developed by the project to acquired knowledge, skills and high quality competences to maximize their companies and employees competitiveness.<\/p>\n<p>FRESH gathers the expertise of different kind of entities in different fields like Human Resources and Fundaci\u00f3n Equipo Humano (Spain), an ICT technology developer centre EDITC (Cyprus), two VET centres, BIC Ljubljana, Biotehniski izobrazevalni center (Slovenia), NEC Cerknica, NOTRANJSKI EKOLOSKI CENTER CERKNICA (Slovenia) and three agrifood companies and associations: FEDAVOVA, FEDERACION EMPRESARIAL DE AGROALIMENTACION DE LA COMUNIDAD VALENCIANA (Spain), SEVT, SYNDESMOS ELLINIKON VIOMICHANION TROFIMON SOMATEIO (Greece) and ANIA , ASSOCIATION NATIONALE DES INDUSTRIES ALIMENTAIRES (France).<\/p>\n<p>Download our&nbsp;<a href=\"\/en\/images\/FRESH\/leaflet_fresh_EN.pdf\/\" target=\"_blank\" rel=\"noopener noreferrer\">FRESH leaflet<\/a>&nbsp;to know more about the project.<\/p>\n<p><img decoding=\"async\" class=\"size-full wp-image-12308\" src=\"https:\/\/fundacionequipohumano.es\/wp-content\/uploads\/2017\/12\/Erasmus_logo.jpg\" alt=\"\" width=\"434\" height=\"89\" \/><\/p>\n<p>&nbsp;<\/p>\n<p>&nbsp;<\/p>","protected":false},"excerpt":{"rendered":"<p>On 15th&nbsp;October 2017 the project agriFood open educational RESources for Human capital managers, also known as FRESH Project, was launched under the Erasmus+ Program. Its main goal is to&nbsp;reduce the&hellip;<\/p>","protected":false},"author":18,"featured_media":12311,"parent":0,"menu_order":3,"comment_status":"closed","ping_status":"closed","template":"","meta":{"footnotes":""},"yoast_head":"<!-- This site is optimized with the Yoast SEO plugin v22.3 - https:\/\/yoast.com\/wordpress\/plugins\/seo\/ -->\n<title>FRESH Project - Fundaci\u00f3n Equipo Humano<\/title>\n<meta name=\"robots\" content=\"index, follow, max-snippet:-1, max-image-preview:large, max-video-preview:-1\" \/>\n<link rel=\"canonical\" href=\"https:\/\/fundacionequipohumano.es\/en\/fresh-project\/\" \/>\n<meta property=\"og:locale\" content=\"es_ES\" \/>\n<meta property=\"og:type\" content=\"article\" \/>\n<meta property=\"og:title\" content=\"FRESH Project - Fundaci\u00f3n Equipo Humano\" \/>\n<meta property=\"og:description\" content=\"On 15th&nbsp;October 2017 the project agriFood open educational RESources for Human capital managers, also known as FRESH Project, was launched under the Erasmus+ Program. Its main goal is to&nbsp;reduce the&hellip;\" \/>\n<meta property=\"og:url\" content=\"https:\/\/fundacionequipohumano.es\/en\/fresh-project\/\" \/>\n<meta property=\"og:site_name\" content=\"Fundaci\u00f3n Equipo Humano\" \/>\n<meta property=\"article:publisher\" content=\"https:\/\/www.facebook.com\/fundacionEH\/\" \/>\n<meta property=\"og:image\" content=\"https:\/\/fundacionequipohumano.es\/wp-content\/uploads\/2018\/06\/fresh_logo-e1603451561532.png\" \/>\n\t<meta property=\"og:image:width\" content=\"499\" \/>\n\t<meta property=\"og:image:height\" content=\"129\" \/>\n\t<meta property=\"og:image:type\" content=\"image\/png\" \/>\n<meta name=\"twitter:card\" content=\"summary_large_image\" \/>\n<meta name=\"twitter:site\" content=\"@FEquipoHumano\" \/>\n<meta name=\"twitter:label1\" content=\"Estimated reading time\" \/>\n\t<meta name=\"twitter:data1\" content=\"1 minuto\" \/>\n<script type=\"application\/ld+json\" class=\"yoast-schema-graph\">{\"@context\":\"https:\/\/schema.org\",\"@graph\":[{\"@type\":\"WebPage\",\"@id\":\"https:\/\/fundacionequipohumano.es\/fresh-project\/\",\"url\":\"https:\/\/fundacionequipohumano.es\/fresh-project\/\",\"name\":\"FRESH Project - Fundaci\u00f3n Equipo Humano\",\"isPartOf\":{\"@id\":\"https:\/\/fundacionequipohumano.es\/en\/#website\"},\"primaryImageOfPage\":{\"@id\":\"https:\/\/fundacionequipohumano.es\/fresh-project\/#primaryimage\"},\"image\":{\"@id\":\"https:\/\/fundacionequipohumano.es\/fresh-project\/#primaryimage\"},\"thumbnailUrl\":\"https:\/\/fundacionequipohumano.es\/wp-content\/uploads\/2018\/06\/fresh_logo-e1603451561532.png\",\"datePublished\":\"2018-06-26T11:49:31+00:00\",\"dateModified\":\"2018-06-26T11:49:31+00:00\",\"breadcrumb\":{\"@id\":\"https:\/\/fundacionequipohumano.es\/fresh-project\/#breadcrumb\"},\"inLanguage\":\"es\",\"potentialAction\":[{\"@type\":\"ReadAction\",\"target\":[\"https:\/\/fundacionequipohumano.es\/fresh-project\/\"]}]},{\"@type\":\"ImageObject\",\"inLanguage\":\"es\",\"@id\":\"https:\/\/fundacionequipohumano.es\/fresh-project\/#primaryimage\",\"url\":\"https:\/\/fundacionequipohumano.es\/wp-content\/uploads\/2018\/06\/fresh_logo-e1603451561532.png\",\"contentUrl\":\"https:\/\/fundacionequipohumano.es\/wp-content\/uploads\/2018\/06\/fresh_logo-e1603451561532.png\",\"width\":499,\"height\":129},{\"@type\":\"BreadcrumbList\",\"@id\":\"https:\/\/fundacionequipohumano.es\/fresh-project\/#breadcrumb\",\"itemListElement\":[{\"@type\":\"ListItem\",\"position\":1,\"name\":\"Portada\",\"item\":\"https:\/\/fundacionequipohumano.es\/\"},{\"@type\":\"ListItem\",\"position\":2,\"name\":\"FRESH Project\"}]},{\"@type\":\"WebSite\",\"@id\":\"https:\/\/fundacionequipohumano.es\/en\/#website\",\"url\":\"https:\/\/fundacionequipohumano.es\/en\/\",\"name\":\"Fundaci\u00f3n Equipo Humano\",\"description\":\"Impulsamos el desarrollo humano mediante innovaci\u00f3n, formaci\u00f3n de calidad y mejora de la empleabilidad. M\u00e1s de 10 a\u00f1os defendiendo el potencial de las personas.\",\"publisher\":{\"@id\":\"https:\/\/fundacionequipohumano.es\/en\/#organization\"},\"potentialAction\":[{\"@type\":\"SearchAction\",\"target\":{\"@type\":\"EntryPoint\",\"urlTemplate\":\"https:\/\/fundacionequipohumano.es\/en\/?s={search_term_string}\"},\"query-input\":\"required name=search_term_string\"}],\"inLanguage\":\"es\"},{\"@type\":\"Organization\",\"@id\":\"https:\/\/fundacionequipohumano.es\/en\/#organization\",\"name\":\"Fundaci\u00f3n Equipo Humano\",\"url\":\"https:\/\/fundacionequipohumano.es\/en\/\",\"logo\":{\"@type\":\"ImageObject\",\"inLanguage\":\"es\",\"@id\":\"https:\/\/fundacionequipohumano.es\/en\/#\/schema\/logo\/image\/\",\"url\":\"https:\/\/fundacionequipohumano.es\/wp-content\/uploads\/2020\/01\/FEH_logo-03-1.svg\",\"contentUrl\":\"https:\/\/fundacionequipohumano.es\/wp-content\/uploads\/2020\/01\/FEH_logo-03-1.svg\",\"width\":595,\"height\":81,\"caption\":\"Fundaci\u00f3n Equipo Humano\"},\"image\":{\"@id\":\"https:\/\/fundacionequipohumano.es\/en\/#\/schema\/logo\/image\/\"},\"sameAs\":[\"https:\/\/www.facebook.com\/fundacionEH\/\",\"https:\/\/twitter.com\/FEquipoHumano\",\"https:\/\/www.instagram.com\/fequipohumano\/\",\"https:\/\/www.linkedin.com\/company\/fundacion-equipo-humano\/\"]}]}<\/script>\n<!-- \/ Yoast SEO plugin. -->","yoast_head_json":{"title":"FRESH Project - Fundaci\u00f3n Equipo Humano","robots":{"index":"index","follow":"follow","max-snippet":"max-snippet:-1","max-image-preview":"max-image-preview:large","max-video-preview":"max-video-preview:-1"},"canonical":"https:\/\/fundacionequipohumano.es\/en\/fresh-project\/","og_locale":"es_ES","og_type":"article","og_title":"FRESH Project - Fundaci\u00f3n Equipo Humano","og_description":"On 15th&nbsp;October 2017 the project agriFood open educational RESources for Human capital managers, also known as FRESH Project, was launched under the Erasmus+ Program. Its main goal is to&nbsp;reduce the&hellip;","og_url":"https:\/\/fundacionequipohumano.es\/en\/fresh-project\/","og_site_name":"Fundaci\u00f3n Equipo Humano","article_publisher":"https:\/\/www.facebook.com\/fundacionEH\/","og_image":[{"width":499,"height":129,"url":"https:\/\/fundacionequipohumano.es\/wp-content\/uploads\/2018\/06\/fresh_logo-e1603451561532.png","type":"image\/png"}],"twitter_card":"summary_large_image","twitter_site":"@FEquipoHumano","twitter_misc":{"Estimated reading time":"1 minuto"},"schema":{"@context":"https:\/\/schema.org","@graph":[{"@type":"WebPage","@id":"https:\/\/fundacionequipohumano.es\/fresh-project\/","url":"https:\/\/fundacionequipohumano.es\/fresh-project\/","name":"FRESH Project - Fundaci\u00f3n Equipo Humano","isPartOf":{"@id":"https:\/\/fundacionequipohumano.es\/en\/#website"},"primaryImageOfPage":{"@id":"https:\/\/fundacionequipohumano.es\/fresh-project\/#primaryimage"},"image":{"@id":"https:\/\/fundacionequipohumano.es\/fresh-project\/#primaryimage"},"thumbnailUrl":"https:\/\/fundacionequipohumano.es\/wp-content\/uploads\/2018\/06\/fresh_logo-e1603451561532.png","datePublished":"2018-06-26T11:49:31+00:00","dateModified":"2018-06-26T11:49:31+00:00","breadcrumb":{"@id":"https:\/\/fundacionequipohumano.es\/fresh-project\/#breadcrumb"},"inLanguage":"es","potentialAction":[{"@type":"ReadAction","target":["https:\/\/fundacionequipohumano.es\/fresh-project\/"]}]},{"@type":"ImageObject","inLanguage":"es","@id":"https:\/\/fundacionequipohumano.es\/fresh-project\/#primaryimage","url":"https:\/\/fundacionequipohumano.es\/wp-content\/uploads\/2018\/06\/fresh_logo-e1603451561532.png","contentUrl":"https:\/\/fundacionequipohumano.es\/wp-content\/uploads\/2018\/06\/fresh_logo-e1603451561532.png","width":499,"height":129},{"@type":"BreadcrumbList","@id":"https:\/\/fundacionequipohumano.es\/fresh-project\/#breadcrumb","itemListElement":[{"@type":"ListItem","position":1,"name":"Portada","item":"https:\/\/fundacionequipohumano.es\/"},{"@type":"ListItem","position":2,"name":"FRESH Project"}]},{"@type":"WebSite","@id":"https:\/\/fundacionequipohumano.es\/en\/#website","url":"https:\/\/fundacionequipohumano.es\/en\/","name":"Fundaci\u00f3n Equipo Humano","description":"Impulsamos el desarrollo humano mediante innovaci\u00f3n, formaci\u00f3n de calidad y mejora de la empleabilidad. M\u00e1s de 10 a\u00f1os defendiendo el potencial de las personas.","publisher":{"@id":"https:\/\/fundacionequipohumano.es\/en\/#organization"},"potentialAction":[{"@type":"SearchAction","target":{"@type":"EntryPoint","urlTemplate":"https:\/\/fundacionequipohumano.es\/en\/?s={search_term_string}"},"query-input":"required name=search_term_string"}],"inLanguage":"es"},{"@type":"Organization","@id":"https:\/\/fundacionequipohumano.es\/en\/#organization","name":"Fundaci\u00f3n Equipo Humano","url":"https:\/\/fundacionequipohumano.es\/en\/","logo":{"@type":"ImageObject","inLanguage":"es","@id":"https:\/\/fundacionequipohumano.es\/en\/#\/schema\/logo\/image\/","url":"https:\/\/fundacionequipohumano.es\/wp-content\/uploads\/2020\/01\/FEH_logo-03-1.svg","contentUrl":"https:\/\/fundacionequipohumano.es\/wp-content\/uploads\/2020\/01\/FEH_logo-03-1.svg","width":595,"height":81,"caption":"Fundaci\u00f3n Equipo Humano"},"image":{"@id":"https:\/\/fundacionequipohumano.es\/en\/#\/schema\/logo\/image\/"},"sameAs":["https:\/\/www.facebook.com\/fundacionEH\/","https:\/\/twitter.com\/FEquipoHumano","https:\/\/www.instagram.com\/fequipohumano\/","https:\/\/www.linkedin.com\/company\/fundacion-equipo-humano\/"]}]}},"_links":{"self":[{"href":"https:\/\/fundacionequipohumano.es\/en\/wp-json\/wp\/v2\/pages\/12313"}],"collection":[{"href":"https:\/\/fundacionequipohumano.es\/en\/wp-json\/wp\/v2\/pages"}],"about":[{"href":"https:\/\/fundacionequipohumano.es\/en\/wp-json\/wp\/v2\/types\/page"}],"author":[{"embeddable":true,"href":"https:\/\/fundacionequipohumano.es\/en\/wp-json\/wp\/v2\/users\/18"}],"replies":[{"embeddable":true,"href":"https:\/\/fundacionequipohumano.es\/en\/wp-json\/wp\/v2\/comments?post=12313"}],"version-history":[{"count":0,"href":"https:\/\/fundacionequipohumano.es\/en\/wp-json\/wp\/v2\/pages\/12313\/revisions"}],"wp:featuredmedia":[{"embeddable":true,"href":"https:\/\/fundacionequipohumano.es\/en\/wp-json\/wp\/v2\/media\/12311"}],"wp:attachment":[{"href":"https:\/\/fundacionequipohumano.es\/en\/wp-json\/wp\/v2\/media?parent=12313"}],"curies":[{"name":"wp","href":"https:\/\/api.w.org\/{rel}","templated":true}]}}