{"id":12273,"date":"2015-10-05T14:28:23","date_gmt":"2015-10-05T14:28:23","guid":{"rendered":"https:\/\/fundacionequipohumano.es\/proyectos-feag\/"},"modified":"2024-02-01T14:14:05","modified_gmt":"2024-02-01T13:14:05","slug":"feag","status":"publish","type":"page","link":"https:\/\/fundacionequipohumano.es\/feag\/","title":{"rendered":"FEAG: Fondo Europeo de Adaptaci\u00f3n a la Globalizaci\u00f3n"},"content":{"rendered":"<div data-elementor-type=\"wp-page\" data-elementor-id=\"12273\" class=\"elementor elementor-12273\" data-elementor-post-type=\"page\">\n\t\t\t\t\t\t<section class=\"elementor-section elementor-top-section elementor-element elementor-element-ba05457 elementor-section-boxed elementor-section-height-default elementor-section-height-default\" data-id=\"ba05457\" data-element_type=\"section\">\n\t\t\t\t\t\t<div class=\"elementor-container elementor-column-gap-default\">\n\t\t\t\t\t<div class=\"elementor-column elementor-col-100 elementor-top-column elementor-element elementor-element-494357f\" data-id=\"494357f\" data-element_type=\"column\">\n\t\t\t<div class=\"elementor-widget-wrap elementor-element-populated\">\n\t\t\t\t\t\t<div class=\"elementor-element elementor-element-a6d7a9c elementor-widget elementor-widget-heading\" data-id=\"a6d7a9c\" data-element_type=\"widget\" data-widget_type=\"heading.default\">\n\t\t\t\t<div class=\"elementor-widget-container\">\n\t\t\t<h1 class=\"elementor-heading-title elementor-size-default\">Fondo Europeo de Adaptaci\u00f3n a la Globalizaci\u00f3n (FEAG)<\/h1>\t\t<\/div>\n\t\t\t\t<\/div>\n\t\t\t\t\t<\/div>\n\t\t<\/div>\n\t\t\t\t\t<\/div>\n\t\t<\/section>\n\t\t\t\t<section class=\"elementor-section elementor-top-section elementor-element elementor-element-2b74b86 elementor-section-boxed elementor-section-height-default elementor-section-height-default\" data-id=\"2b74b86\" data-element_type=\"section\">\n\t\t\t\t\t\t<div class=\"elementor-container elementor-column-gap-default\">\n\t\t\t\t\t<div class=\"elementor-column elementor-col-100 elementor-top-column elementor-element elementor-element-7f79631e\" data-id=\"7f79631e\" data-element_type=\"column\">\n\t\t\t<div class=\"elementor-widget-wrap elementor-element-populated\">\n\t\t\t\t\t\t<div class=\"elementor-element elementor-element-7b1075f7 elementor-widget elementor-widget-text-editor\" data-id=\"7b1075f7\" data-element_type=\"widget\" data-widget_type=\"text-editor.default\">\n\t\t\t\t<div class=\"elementor-widget-container\">\n\t\t\t\t\t\t\t<p>En el a\u00f1o 2006, la Comisi\u00f3n Europea cre\u00f3 el <a href=\"https:\/\/ec.europa.eu\/social\/main.jsp?catId=326&amp;langId=es\"><span style=\"text-decoration: underline;\">Fondo Europeo de Adaptaci\u00f3n a la Globalizaci\u00f3n (FEAG)<\/span><\/a> dotado con 500 M \u20ac.<\/p><p>Destinado a atender las necesidades de aquellos <strong>trabajadores\/as europeos que hubieran perdido su empleo como consecuencia de los efectos de la globalizaci\u00f3n econ\u00f3mica<\/strong>.<\/p>\t\t\t\t\t\t<\/div>\n\t\t\t\t<\/div>\n\t\t\t\t<div class=\"elementor-element elementor-element-135dbac elementor-widget elementor-widget-spacer\" data-id=\"135dbac\" data-element_type=\"widget\" data-widget_type=\"spacer.default\">\n\t\t\t\t<div class=\"elementor-widget-container\">\n\t\t\t\t\t<div class=\"elementor-spacer\">\n\t\t\t<div class=\"elementor-spacer-inner\"><\/div>\n\t\t<\/div>\n\t\t\t\t<\/div>\n\t\t\t\t<\/div>\n\t\t\t\t<div class=\"elementor-element elementor-element-e748ade elementor-widget elementor-widget-heading\" data-id=\"e748ade\" data-element_type=\"widget\" data-widget_type=\"heading.default\">\n\t\t\t\t<div class=\"elementor-widget-container\">\n\t\t\t<h2 class=\"elementor-heading-title elementor-size-default\">\u00bfQu\u00e9 objetivo tiene el Fondo Europeo de Adaptaci\u00f3n a la Globalizaci\u00f3n?<\/h2>\t\t<\/div>\n\t\t\t\t<\/div>\n\t\t\t\t<div class=\"elementor-element elementor-element-9124a6d elementor-widget elementor-widget-text-editor\" data-id=\"9124a6d\" data-element_type=\"widget\" data-widget_type=\"text-editor.default\">\n\t\t\t\t<div class=\"elementor-widget-container\">\n\t\t\t\t\t\t\t<p>Este <strong>Fondo Europeo de Adaptaci\u00f3n a la Globalizaci\u00f3n \u2013 FEAG<\/strong> <strong>\u2013<\/strong> tiene como objetivo el que los estados miembros soliciten ayudas de hasta el 65% del coste de proyectos integrales de asistencia para la inserci\u00f3n profesional y a cualificaci\u00f3n profesional.<\/p><p>En aquellos casos en los que como consecuencia de la globalizaci\u00f3n o debido a la crisis econ\u00f3mica, un sector determinado haya destruido m\u00e1s de 500 puestos de trabajo en un periodo de 9 meses.<\/p><p>Adem\u00e1s, estas ayudas tambi\u00e9n pueden solicitarse en el caso de empresas, debiendo producirse los despidos en un periodo de cuatro meses.<\/p><p>Los despidos deben computarse en una misma actividad econ\u00f3mica, seg\u00fan c\u00f3digo CNAE y producirse en una misma regi\u00f3n o dos territorialmente lim\u00edtrofes.<\/p><p><strong>Las personas beneficiarias de estos proyectos de orientaci\u00f3n pueden recibir durante un periodo de 24 meses diferentes servicios orientados a ayudarles en la b\u00fasqueda de empleo.<\/strong><\/p><p>Por \u00faltimo, aunque los programas de ayudas se dise\u00f1an ad hoc, los servicios que habitualmente se ofertan se centran en orientaci\u00f3n laboral, b\u00fasqueda de empleo, asesoramiento para el auto-empleo, formaci\u00f3n a medida e incluso ayudas econ\u00f3micas (participaci\u00f3n, transporte, ayudas para la constituci\u00f3n de empresas\u2026)<\/p>\t\t\t\t\t\t<\/div>\n\t\t\t\t<\/div>\n\t\t\t\t<div class=\"elementor-element elementor-element-314ccc8 elementor-widget elementor-widget-spacer\" data-id=\"314ccc8\" data-element_type=\"widget\" data-widget_type=\"spacer.default\">\n\t\t\t\t<div class=\"elementor-widget-container\">\n\t\t\t\t\t<div class=\"elementor-spacer\">\n\t\t\t<div class=\"elementor-spacer-inner\"><\/div>\n\t\t<\/div>\n\t\t\t\t<\/div>\n\t\t\t\t<\/div>\n\t\t\t\t<div class=\"elementor-element elementor-element-37e5c49 elementor-widget elementor-widget-heading\" data-id=\"37e5c49\" data-element_type=\"widget\" data-widget_type=\"heading.default\">\n\t\t\t\t<div class=\"elementor-widget-container\">\n\t\t\t<h2 class=\"elementor-heading-title elementor-size-default\">Fundaci\u00f3n Equipo Humano ha gestionado uno de cada seis solicitudes FEAG realizadas por el estado espa\u00f1ol, habiendo gestionado ayudas de m\u00e1s de 5 millones de euros en este tipo de proyectos:<\/h2>\t\t<\/div>\n\t\t\t\t<\/div>\n\t\t\t\t<div class=\"elementor-element elementor-element-ed77575 elementor-widget elementor-widget-text-editor\" data-id=\"ed77575\" data-element_type=\"widget\" data-widget_type=\"text-editor.default\">\n\t\t\t\t<div class=\"elementor-widget-container\">\n\t\t\t\t\t\t\t<ul><li><strong>Programa Europeo FEAG Construcci\u00f3n:<\/strong> 1.138 trabajadores\/as.<\/li><li><strong>Programa Europeo FEAG Calzado:<\/strong> 876 trabajadores\/as.<\/li><li><strong>Programa Europeo FEAG Sector Metal Mec\u00e1nico:<\/strong> 950 trabajadores\/as.<\/li><li><strong>Programa Europeo FEAG Sector del M\u00e1rmol<\/strong>: 850 trabajadores\/as.<\/li><li><strong>Propuesta FEAG Sector Automoci\u00f3n:<\/strong> 1.500 trabajadores\/as.<\/li><li><strong>Propuesta FEAG Sector Audiovisual:<\/strong> 1.500 trabajadores\/as.<\/li><\/ul><p>Fundaci\u00f3n Equipo Humano asesora a empresas, asociaciones y federaciones empresariales, agentes sociales y organismos p\u00fablicos en la solicitud, gesti\u00f3n y ejecuci\u00f3n de estos proyectos europeos.\u00a0<\/p>\t\t\t\t\t\t<\/div>\n\t\t\t\t<\/div>\n\t\t\t\t<div class=\"elementor-element elementor-element-759bbca elementor-widget elementor-widget-spacer\" data-id=\"759bbca\" data-element_type=\"widget\" data-widget_type=\"spacer.default\">\n\t\t\t\t<div class=\"elementor-widget-container\">\n\t\t\t\t\t<div class=\"elementor-spacer\">\n\t\t\t<div class=\"elementor-spacer-inner\"><\/div>\n\t\t<\/div>\n\t\t\t\t<\/div>\n\t\t\t\t<\/div>\n\t\t\t\t<div class=\"elementor-element elementor-element-52a61d8 elementor-widget elementor-widget-heading\" data-id=\"52a61d8\" data-element_type=\"widget\" data-widget_type=\"heading.default\">\n\t\t\t\t<div class=\"elementor-widget-container\">\n\t\t\t<h2 class=\"elementor-heading-title elementor-size-default\">\u00bfQuieres m\u00e1s informaci\u00f3n sobre los Fondos Europeo de Adaptaci\u00f3n a la Globalizaci\u00f3n? <\/h2>\t\t<\/div>\n\t\t\t\t<\/div>\n\t\t\t\t<div class=\"elementor-element elementor-element-4838ce5 elementor-widget elementor-widget-text-editor\" data-id=\"4838ce5\" data-element_type=\"widget\" data-widget_type=\"text-editor.default\">\n\t\t\t\t<div class=\"elementor-widget-container\">\n\t\t\t\t\t\t\t<p><a href=\"https:\/\/fundacionequipohumano.es\/en\/la-fundacion\/equipo\/\">Los humanos\/as de Fundaci\u00f3n Equipo Humano<\/a> estamos encantados\/as de escucharte y atender tus dudas:<\/p>\t\t\t\t\t\t<\/div>\n\t\t\t\t<\/div>\n\t\t\t\t<div class=\"elementor-element elementor-element-3bf9856 elementor-button-align-stretch elementor-widget elementor-widget-form\" data-id=\"3bf9856\" data-element_type=\"widget\" data-settings=\"{&quot;step_next_label&quot;:&quot;Next&quot;,&quot;step_previous_label&quot;:&quot;Previous&quot;,&quot;button_width&quot;:&quot;100&quot;,&quot;step_type&quot;:&quot;number_text&quot;,&quot;step_icon_shape&quot;:&quot;circle&quot;}\" data-widget_type=\"form.default\">\n\t\t\t\t<div class=\"elementor-widget-container\">\n\t\t\t\t\t<form class=\"elementor-form\" method=\"post\" name=\"Nuevo Formulario\" action=\"\">\n\t\t\t<input type=\"hidden\" name=\"post_id\" value=\"12273\"\/>\n\t\t\t<input type=\"hidden\" name=\"form_id\" value=\"3bf9856\"\/>\n\t\t\t<input type=\"hidden\" name=\"referer_title\" value=\"Fundaci\u00f3n Equipo Humano\" \/>\n\n\t\t\t\n\t\t\t<div class=\"elementor-form-fields-wrapper elementor-labels-above\">\n\t\t\t\t\t\t\t\t<div class=\"elementor-field-type-text elementor-field-group elementor-column elementor-field-group-name elementor-col-100 elementor-field-required\">\n\t\t\t\t\t\t\t\t\t\t\t\t<label for=\"form-field-name\" class=\"elementor-field-label\">\n\t\t\t\t\t\t\t\tNombre\t\t\t\t\t\t\t<\/label>\n\t\t\t\t\t\t\t\t\t\t\t\t\t\t<input size=\"1\" type=\"text\" name=\"form_fields[name]\" id=\"form-field-name\" class=\"elementor-field elementor-size-sm  elementor-field-textual\" placeholder=\"Nombre\" required=\"required\" aria-required=\"true\">\n\t\t\t\t\t\t\t\t\t\t\t<\/div>\n\t\t\t\t\t\t\t\t<div class=\"elementor-field-type-email elementor-field-group elementor-column elementor-field-group-email elementor-col-100 elementor-field-required\">\n\t\t\t\t\t\t\t\t\t\t\t\t<label for=\"form-field-email\" class=\"elementor-field-label\">\n\t\t\t\t\t\t\t\tEmail\t\t\t\t\t\t\t<\/label>\n\t\t\t\t\t\t\t\t\t\t\t\t\t\t<input size=\"1\" type=\"email\" name=\"form_fields[email]\" id=\"form-field-email\" class=\"elementor-field elementor-size-sm  elementor-field-textual\" placeholder=\"Email\" required=\"required\" aria-required=\"true\">\n\t\t\t\t\t\t\t\t\t\t\t<\/div>\n\t\t\t\t\t\t\t\t<div class=\"elementor-field-type-textarea elementor-field-group elementor-column elementor-field-group-message elementor-col-100\">\n\t\t\t\t\t\t\t\t\t\t\t\t<label for=\"form-field-message\" class=\"elementor-field-label\">\n\t\t\t\t\t\t\t\tMensaje\t\t\t\t\t\t\t<\/label>\n\t\t\t\t\t\t<textarea class=\"elementor-field-textual elementor-field  elementor-size-sm\" name=\"form_fields[message]\" id=\"form-field-message\" rows=\"4\" placeholder=\"\u00bfCu\u00e1les son tus dudas sobre los Fondos FEAG?\"><\/textarea>\t\t\t\t<\/div>\n\t\t\t\t\t\t\t\t<div class=\"elementor-field-type-acceptance elementor-field-group elementor-column elementor-field-group-field_a394e5d elementor-col-100 elementor-field-required\">\n\t\t\t\t\t\t\t<div class=\"elementor-field-subgroup\">\n\t\t\t<span class=\"elementor-field-option\">\n\t\t\t\t<input type=\"checkbox\" name=\"form_fields[field_a394e5d]\" id=\"form-field-field_a394e5d\" class=\"elementor-field elementor-size-sm  elementor-acceptance-field\" required=\"required\" aria-required=\"true\">\n\t\t\t\t<label for=\"form-field-field_a394e5d\">He le\u00eddo y acepto el <a href=\"https:\/\/fundacionequipohumano.es\/en\/politica-privacidad\/\" target= \"_blank\"> Compromiso de Privacidad <\/a><\/label>\t\t\t<\/span>\n\t\t<\/div>\n\t\t\t\t\t\t<\/div>\n\t\t\t\t\t\t\t\t<div class=\"elementor-field-type-recaptcha_v3 elementor-field-group elementor-column elementor-field-group-field_468048c elementor-col-100 recaptcha_v3-bottomright\">\n\t\t\t\t\t<div class=\"elementor-field\" id=\"form-field-field_468048c\"><div class=\"elementor-g-recaptcha\" data-sitekey=\"6LcrAIoUAAAAAA5gUoVq4rW16SrHOzCtPXd_M75s\" data-type=\"v3\" data-action=\"Form\" data-badge=\"bottomright\" data-size=\"invisible\"><\/div><\/div>\t\t\t\t<\/div>\n\t\t\t\t\t\t\t\t<div class=\"elementor-field-group elementor-column elementor-field-type-submit elementor-col-100 e-form__buttons\">\n\t\t\t\t\t<button type=\"submit\" class=\"elementor-button elementor-size-sm\">\n\t\t\t\t\t\t<span >\n\t\t\t\t\t\t\t\t\t\t\t\t\t\t\t<span class=\"elementor-button-icon\">\n\t\t\t\t\t\t\t\t\t\t\t\t\t\t\t\t\t\t\t\t\t\t\t\t\t\t<\/span>\n\t\t\t\t\t\t\t\t\t\t\t\t\t\t\t\t\t\t\t\t\t\t<span class=\"elementor-button-text\">Enviar<\/span>\n\t\t\t\t\t\t\t\t\t\t\t\t\t<\/span>\n\t\t\t\t\t<\/button>\n\t\t\t\t<\/div>\n\t\t\t<\/div>\n\t\t<input type=\"hidden\" name=\"trp-form-language\" value=\"en\"\/><\/form>\n\t\t\t\t<\/div>\n\t\t\t\t<\/div>\n\t\t\t\t\t<\/div>\n\t\t<\/div>\n\t\t\t\t\t<\/div>\n\t\t<\/section>\n\t\t\t\t<\/div>","protected":false},"excerpt":{"rendered":"<p>Fondo Europeo de Adaptaci\u00f3n a la Globalizaci\u00f3n (FEAG) En el a\u00f1o 2006, la Comisi\u00f3n Europea cre\u00f3 el Fondo Europeo de Adaptaci\u00f3n a la Globalizaci\u00f3n (FEAG) dotado con 500 M \u20ac.&hellip;<\/p>","protected":false},"author":18,"featured_media":0,"parent":0,"menu_order":11,"comment_status":"closed","ping_status":"closed","template":"","meta":{"footnotes":""},"yoast_head":"<!-- This site is optimized with the Yoast SEO plugin v22.3 - https:\/\/yoast.com\/wordpress\/plugins\/seo\/ -->\n<title>FEAG: Fondo Europeo de Adaptaci\u00f3n a la Globalizaci\u00f3n - Fundaci\u00f3n Equipo Humano<\/title>\n<meta name=\"description\" content=\"En 2006, la Comisi\u00f3n Europea cre\u00f3 el Fondo Europeo de Adaptaci\u00f3n a la Globalizaci\u00f3n (FEAG) dotado con 500 M \u20ac. \u00bfQu\u00e9 objetivo tiene?\" \/>\n<meta name=\"robots\" content=\"index, follow, max-snippet:-1, max-image-preview:large, max-video-preview:-1\" \/>\n<link rel=\"canonical\" href=\"https:\/\/fundacionequipohumano.es\/en\/feag\/\" \/>\n<meta property=\"og:locale\" content=\"es_ES\" \/>\n<meta property=\"og:type\" content=\"article\" \/>\n<meta property=\"og:title\" content=\"FEAG: Fondo Europeo de Adaptaci\u00f3n a la Globalizaci\u00f3n - Fundaci\u00f3n Equipo Humano\" \/>\n<meta property=\"og:description\" content=\"En 2006, la Comisi\u00f3n Europea cre\u00f3 el Fondo Europeo de Adaptaci\u00f3n a la Globalizaci\u00f3n (FEAG) dotado con 500 M \u20ac. \u00bfQu\u00e9 objetivo tiene?\" \/>\n<meta property=\"og:url\" content=\"https:\/\/fundacionequipohumano.es\/en\/feag\/\" \/>\n<meta property=\"og:site_name\" content=\"Fundaci\u00f3n Equipo Humano\" \/>\n<meta property=\"article:publisher\" content=\"https:\/\/www.facebook.com\/fundacionEH\/\" \/>\n<meta property=\"article:modified_time\" content=\"2024-02-01T13:14:05+00:00\" \/>\n<meta name=\"twitter:card\" content=\"summary_large_image\" \/>\n<meta name=\"twitter:site\" content=\"@FEquipoHumano\" \/>\n<meta name=\"twitter:label1\" content=\"Estimated reading time\" \/>\n\t<meta name=\"twitter:data1\" content=\"2 minutos\" \/>\n<script type=\"application\/ld+json\" class=\"yoast-schema-graph\">{\"@context\":\"https:\/\/schema.org\",\"@graph\":[{\"@type\":\"WebPage\",\"@id\":\"https:\/\/fundacionequipohumano.es\/feag\/\",\"url\":\"https:\/\/fundacionequipohumano.es\/feag\/\",\"name\":\"FEAG: Fondo Europeo de Adaptaci\u00f3n a la Globalizaci\u00f3n - Fundaci\u00f3n Equipo Humano\",\"isPartOf\":{\"@id\":\"https:\/\/fundacionequipohumano.es\/en\/#website\"},\"datePublished\":\"2015-10-05T14:28:23+00:00\",\"dateModified\":\"2024-02-01T13:14:05+00:00\",\"description\":\"En 2006, la Comisi\u00f3n Europea cre\u00f3 el Fondo Europeo de Adaptaci\u00f3n a la Globalizaci\u00f3n (FEAG) dotado con 500 M \u20ac. \u00bfQu\u00e9 objetivo tiene?\",\"breadcrumb\":{\"@id\":\"https:\/\/fundacionequipohumano.es\/feag\/#breadcrumb\"},\"inLanguage\":\"es\",\"potentialAction\":[{\"@type\":\"ReadAction\",\"target\":[\"https:\/\/fundacionequipohumano.es\/feag\/\"]}]},{\"@type\":\"BreadcrumbList\",\"@id\":\"https:\/\/fundacionequipohumano.es\/feag\/#breadcrumb\",\"itemListElement\":[{\"@type\":\"ListItem\",\"position\":1,\"name\":\"Portada\",\"item\":\"https:\/\/fundacionequipohumano.es\/\"},{\"@type\":\"ListItem\",\"position\":2,\"name\":\"FEAG: Fondo Europeo de Adaptaci\u00f3n a la Globalizaci\u00f3n\"}]},{\"@type\":\"WebSite\",\"@id\":\"https:\/\/fundacionequipohumano.es\/en\/#website\",\"url\":\"https:\/\/fundacionequipohumano.es\/en\/\",\"name\":\"Fundaci\u00f3n Equipo Humano\",\"description\":\"Impulsamos el desarrollo humano mediante innovaci\u00f3n, formaci\u00f3n de calidad y mejora de la empleabilidad. M\u00e1s de 10 a\u00f1os defendiendo el potencial de las personas.\",\"publisher\":{\"@id\":\"https:\/\/fundacionequipohumano.es\/en\/#organization\"},\"potentialAction\":[{\"@type\":\"SearchAction\",\"target\":{\"@type\":\"EntryPoint\",\"urlTemplate\":\"https:\/\/fundacionequipohumano.es\/en\/?s={search_term_string}\"},\"query-input\":\"required name=search_term_string\"}],\"inLanguage\":\"es\"},{\"@type\":\"Organization\",\"@id\":\"https:\/\/fundacionequipohumano.es\/en\/#organization\",\"name\":\"Fundaci\u00f3n Equipo Humano\",\"url\":\"https:\/\/fundacionequipohumano.es\/en\/\",\"logo\":{\"@type\":\"ImageObject\",\"inLanguage\":\"es\",\"@id\":\"https:\/\/fundacionequipohumano.es\/en\/#\/schema\/logo\/image\/\",\"url\":\"https:\/\/fundacionequipohumano.es\/wp-content\/uploads\/2020\/01\/FEH_logo-03-1.svg\",\"contentUrl\":\"https:\/\/fundacionequipohumano.es\/wp-content\/uploads\/2020\/01\/FEH_logo-03-1.svg\",\"width\":595,\"height\":81,\"caption\":\"Fundaci\u00f3n Equipo Humano\"},\"image\":{\"@id\":\"https:\/\/fundacionequipohumano.es\/en\/#\/schema\/logo\/image\/\"},\"sameAs\":[\"https:\/\/www.facebook.com\/fundacionEH\/\",\"https:\/\/twitter.com\/FEquipoHumano\",\"https:\/\/www.instagram.com\/fequipohumano\/\",\"https:\/\/www.linkedin.com\/company\/fundacion-equipo-humano\/\"]}]}<\/script>\n<!-- \/ Yoast SEO plugin. -->","yoast_head_json":{"title":"FEAG: Fondo Europeo de Adaptaci\u00f3n a la Globalizaci\u00f3n - Fundaci\u00f3n Equipo Humano","description":"En 2006, la Comisi\u00f3n Europea cre\u00f3 el Fondo Europeo de Adaptaci\u00f3n a la Globalizaci\u00f3n (FEAG) dotado con 500 M \u20ac. \u00bfQu\u00e9 objetivo tiene?","robots":{"index":"index","follow":"follow","max-snippet":"max-snippet:-1","max-image-preview":"max-image-preview:large","max-video-preview":"max-video-preview:-1"},"canonical":"https:\/\/fundacionequipohumano.es\/en\/feag\/","og_locale":"es_ES","og_type":"article","og_title":"FEAG: Fondo Europeo de Adaptaci\u00f3n a la Globalizaci\u00f3n - Fundaci\u00f3n Equipo Humano","og_description":"En 2006, la Comisi\u00f3n Europea cre\u00f3 el Fondo Europeo de Adaptaci\u00f3n a la Globalizaci\u00f3n (FEAG) dotado con 500 M \u20ac. \u00bfQu\u00e9 objetivo tiene?","og_url":"https:\/\/fundacionequipohumano.es\/en\/feag\/","og_site_name":"Fundaci\u00f3n Equipo Humano","article_publisher":"https:\/\/www.facebook.com\/fundacionEH\/","article_modified_time":"2024-02-01T13:14:05+00:00","twitter_card":"summary_large_image","twitter_site":"@FEquipoHumano","twitter_misc":{"Estimated reading time":"2 minutos"},"schema":{"@context":"https:\/\/schema.org","@graph":[{"@type":"WebPage","@id":"https:\/\/fundacionequipohumano.es\/feag\/","url":"https:\/\/fundacionequipohumano.es\/feag\/","name":"FEAG: Fondo Europeo de Adaptaci\u00f3n a la Globalizaci\u00f3n - Fundaci\u00f3n Equipo Humano","isPartOf":{"@id":"https:\/\/fundacionequipohumano.es\/en\/#website"},"datePublished":"2015-10-05T14:28:23+00:00","dateModified":"2024-02-01T13:14:05+00:00","description":"En 2006, la Comisi\u00f3n Europea cre\u00f3 el Fondo Europeo de Adaptaci\u00f3n a la Globalizaci\u00f3n (FEAG) dotado con 500 M \u20ac. \u00bfQu\u00e9 objetivo tiene?","breadcrumb":{"@id":"https:\/\/fundacionequipohumano.es\/feag\/#breadcrumb"},"inLanguage":"es","potentialAction":[{"@type":"ReadAction","target":["https:\/\/fundacionequipohumano.es\/feag\/"]}]},{"@type":"BreadcrumbList","@id":"https:\/\/fundacionequipohumano.es\/feag\/#breadcrumb","itemListElement":[{"@type":"ListItem","position":1,"name":"Portada","item":"https:\/\/fundacionequipohumano.es\/"},{"@type":"ListItem","position":2,"name":"FEAG: Fondo Europeo de Adaptaci\u00f3n a la Globalizaci\u00f3n"}]},{"@type":"WebSite","@id":"https:\/\/fundacionequipohumano.es\/en\/#website","url":"https:\/\/fundacionequipohumano.es\/en\/","name":"Fundaci\u00f3n Equipo Humano","description":"Impulsamos el desarrollo humano mediante innovaci\u00f3n, formaci\u00f3n de calidad y mejora de la empleabilidad. M\u00e1s de 10 a\u00f1os defendiendo el potencial de las personas.","publisher":{"@id":"https:\/\/fundacionequipohumano.es\/en\/#organization"},"potentialAction":[{"@type":"SearchAction","target":{"@type":"EntryPoint","urlTemplate":"https:\/\/fundacionequipohumano.es\/en\/?s={search_term_string}"},"query-input":"required name=search_term_string"}],"inLanguage":"es"},{"@type":"Organization","@id":"https:\/\/fundacionequipohumano.es\/en\/#organization","name":"Fundaci\u00f3n Equipo Humano","url":"https:\/\/fundacionequipohumano.es\/en\/","logo":{"@type":"ImageObject","inLanguage":"es","@id":"https:\/\/fundacionequipohumano.es\/en\/#\/schema\/logo\/image\/","url":"https:\/\/fundacionequipohumano.es\/wp-content\/uploads\/2020\/01\/FEH_logo-03-1.svg","contentUrl":"https:\/\/fundacionequipohumano.es\/wp-content\/uploads\/2020\/01\/FEH_logo-03-1.svg","width":595,"height":81,"caption":"Fundaci\u00f3n Equipo Humano"},"image":{"@id":"https:\/\/fundacionequipohumano.es\/en\/#\/schema\/logo\/image\/"},"sameAs":["https:\/\/www.facebook.com\/fundacionEH\/","https:\/\/twitter.com\/FEquipoHumano","https:\/\/www.instagram.com\/fequipohumano\/","https:\/\/www.linkedin.com\/company\/fundacion-equipo-humano\/"]}]}},"_links":{"self":[{"href":"https:\/\/fundacionequipohumano.es\/en\/wp-json\/wp\/v2\/pages\/12273"}],"collection":[{"href":"https:\/\/fundacionequipohumano.es\/en\/wp-json\/wp\/v2\/pages"}],"about":[{"href":"https:\/\/fundacionequipohumano.es\/en\/wp-json\/wp\/v2\/types\/page"}],"author":[{"embeddable":true,"href":"https:\/\/fundacionequipohumano.es\/en\/wp-json\/wp\/v2\/users\/18"}],"replies":[{"embeddable":true,"href":"https:\/\/fundacionequipohumano.es\/en\/wp-json\/wp\/v2\/comments?post=12273"}],"version-history":[{"count":77,"href":"https:\/\/fundacionequipohumano.es\/en\/wp-json\/wp\/v2\/pages\/12273\/revisions"}],"predecessor-version":[{"id":28372,"href":"https:\/\/fundacionequipohumano.es\/en\/wp-json\/wp\/v2\/pages\/12273\/revisions\/28372"}],"wp:attachment":[{"href":"https:\/\/fundacionequipohumano.es\/en\/wp-json\/wp\/v2\/media?parent=12273"}],"curies":[{"name":"wp","href":"https:\/\/api.w.org\/{rel}","templated":true}]}}