{"id":12221,"date":"2014-02-08T16:01:47","date_gmt":"2014-02-08T15:01:47","guid":{"rendered":"https:\/\/fundacionequipohumano.es\/contacto\/"},"modified":"2025-02-25T09:07:15","modified_gmt":"2025-02-25T08:07:15","slug":"contacto","status":"publish","type":"page","link":"https:\/\/fundacionequipohumano.es\/contacto\/","title":{"rendered":"Contacto"},"content":{"rendered":"<div data-elementor-type=\"wp-page\" data-elementor-id=\"12221\" class=\"elementor elementor-12221\" data-elementor-post-type=\"page\">\n\t\t\t\t\t\t<section class=\"elementor-section elementor-top-section elementor-element elementor-element-0978249 elementor-section-boxed elementor-section-height-default elementor-section-height-default\" data-id=\"0978249\" data-element_type=\"section\">\n\t\t\t\t\t\t<div class=\"elementor-container elementor-column-gap-wide\">\n\t\t\t\t\t<div class=\"elementor-column elementor-col-50 elementor-top-column elementor-element elementor-element-fcc4199\" data-id=\"fcc4199\" data-element_type=\"column\">\n\t\t\t<div class=\"elementor-widget-wrap elementor-element-populated\">\n\t\t\t\t\t\t<div class=\"elementor-element elementor-element-10a8eb7 elementor-widget elementor-widget-heading\" data-id=\"10a8eb7\" data-element_type=\"widget\" data-widget_type=\"heading.default\">\n\t\t\t\t<div class=\"elementor-widget-container\">\n\t\t\t<h2 class=\"elementor-heading-title elementor-size-default\">Estamos deseando conocerte<\/h2>\t\t<\/div>\n\t\t\t\t<\/div>\n\t\t\t\t<div class=\"elementor-element elementor-element-eea7442 elementor-button-align-center elementor-widget elementor-widget-form\" data-id=\"eea7442\" data-element_type=\"widget\" data-settings=\"{&quot;step_next_label&quot;:&quot;Next&quot;,&quot;step_previous_label&quot;:&quot;Previous&quot;,&quot;button_width&quot;:&quot;100&quot;,&quot;step_type&quot;:&quot;number_text&quot;,&quot;step_icon_shape&quot;:&quot;circle&quot;}\" data-widget_type=\"form.default\">\n\t\t\t\t<div class=\"elementor-widget-container\">\n\t\t\t\t\t<form class=\"elementor-form\" method=\"post\" name=\"Contacto\" action=\"\">\n\t\t\t<input type=\"hidden\" name=\"post_id\" value=\"12221\"\/>\n\t\t\t<input type=\"hidden\" name=\"form_id\" value=\"eea7442\"\/>\n\t\t\t<input type=\"hidden\" name=\"referer_title\" value=\"Fundaci\u00f3n Equipo Humano\" \/>\n\n\t\t\t\n\t\t\t<div class=\"elementor-form-fields-wrapper elementor-labels-above\">\n\t\t\t\t\t\t\t\t<div class=\"elementor-field-type-text elementor-field-group elementor-column elementor-field-group-name elementor-col-100 elementor-field-required elementor-mark-required\">\n\t\t\t\t\t\t\t\t\t\t\t\t<label for=\"form-field-name\" class=\"elementor-field-label\">\n\t\t\t\t\t\t\t\tTu nombre (obligatorio)\t\t\t\t\t\t\t<\/label>\n\t\t\t\t\t\t\t\t\t\t\t\t\t\t<input size=\"1\" type=\"text\" name=\"form_fields[name]\" id=\"form-field-name\" class=\"elementor-field elementor-size-sm  elementor-field-textual\" required=\"required\" aria-required=\"true\">\n\t\t\t\t\t\t\t\t\t\t\t<\/div>\n\t\t\t\t\t\t\t\t<div class=\"elementor-field-type-email elementor-field-group elementor-column elementor-field-group-email elementor-col-100 elementor-field-required elementor-mark-required\">\n\t\t\t\t\t\t\t\t\t\t\t\t<label for=\"form-field-email\" class=\"elementor-field-label\">\n\t\t\t\t\t\t\t\tTu correo electr\u00f3nico (obligatorio)\t\t\t\t\t\t\t<\/label>\n\t\t\t\t\t\t\t\t\t\t\t\t\t\t<input size=\"1\" type=\"email\" name=\"form_fields[email]\" id=\"form-field-email\" class=\"elementor-field elementor-size-sm  elementor-field-textual\" required=\"required\" aria-required=\"true\">\n\t\t\t\t\t\t\t\t\t\t\t<\/div>\n\t\t\t\t\t\t\t\t<div class=\"elementor-field-type-text elementor-field-group elementor-column elementor-field-group-field_0e6e810 elementor-col-100\">\n\t\t\t\t\t\t\t\t\t\t\t\t<label for=\"form-field-field_0e6e810\" class=\"elementor-field-label\">\n\t\t\t\t\t\t\t\tAsunto\t\t\t\t\t\t\t<\/label>\n\t\t\t\t\t\t\t\t\t\t\t\t\t\t<input size=\"1\" type=\"text\" name=\"form_fields[field_0e6e810]\" id=\"form-field-field_0e6e810\" class=\"elementor-field elementor-size-sm  elementor-field-textual\">\n\t\t\t\t\t\t\t\t\t\t\t<\/div>\n\t\t\t\t\t\t\t\t<div class=\"elementor-field-type-textarea elementor-field-group elementor-column elementor-field-group-message elementor-col-100\">\n\t\t\t\t\t\t\t\t\t\t\t\t<label for=\"form-field-message\" class=\"elementor-field-label\">\n\t\t\t\t\t\t\t\tTu mensaje\t\t\t\t\t\t\t<\/label>\n\t\t\t\t\t\t<textarea class=\"elementor-field-textual elementor-field  elementor-size-sm\" name=\"form_fields[message]\" id=\"form-field-message\" rows=\"4\"><\/textarea>\t\t\t\t<\/div>\n\t\t\t\t\t\t\t\t<div class=\"elementor-field-type-acceptance elementor-field-group elementor-column elementor-field-group-field_a394e5d elementor-col-100 elementor-field-required elementor-mark-required\">\n\t\t\t\t\t\t\t<div class=\"elementor-field-subgroup\">\n\t\t\t<span class=\"elementor-field-option\">\n\t\t\t\t<input type=\"checkbox\" name=\"form_fields[field_a394e5d]\" id=\"form-field-field_a394e5d\" class=\"elementor-field elementor-size-sm  elementor-acceptance-field\" required=\"required\" aria-required=\"true\">\n\t\t\t\t<label for=\"form-field-field_a394e5d\">He le\u00eddo y acepto el <a href=\"https:\/\/fundacionequipohumano.es\/en\/politica-privacidad\/\" target= \"_blank\"> Compromiso de Privacidad <\/a><\/label>\t\t\t<\/span>\n\t\t<\/div>\n\t\t\t\t\t\t<\/div>\n\t\t\t\t\t\t\t\t<div class=\"elementor-field-type-recaptcha_v3 elementor-field-group elementor-column elementor-field-group-field_6d53c76 elementor-col-100 recaptcha_v3-bottomright\">\n\t\t\t\t\t<div class=\"elementor-field\" id=\"form-field-field_6d53c76\"><div class=\"elementor-g-recaptcha\" data-sitekey=\"6LcrAIoUAAAAAA5gUoVq4rW16SrHOzCtPXd_M75s\" data-type=\"v3\" data-action=\"Form\" data-badge=\"bottomright\" data-size=\"invisible\"><\/div><\/div>\t\t\t\t<\/div>\n\t\t\t\t\t\t\t\t<div class=\"elementor-field-group elementor-column elementor-field-type-submit elementor-col-100 e-form__buttons\">\n\t\t\t\t\t<button type=\"submit\" class=\"elementor-button elementor-size-sm\">\n\t\t\t\t\t\t<span >\n\t\t\t\t\t\t\t\t\t\t\t\t\t\t\t<span class=\"elementor-button-icon\">\n\t\t\t\t\t\t\t\t\t\t\t\t\t\t\t\t\t\t\t\t\t\t\t\t\t\t<\/span>\n\t\t\t\t\t\t\t\t\t\t\t\t\t\t\t\t\t\t\t\t\t\t<span class=\"elementor-button-text\">Enviar<\/span>\n\t\t\t\t\t\t\t\t\t\t\t\t\t<\/span>\n\t\t\t\t\t<\/button>\n\t\t\t\t<\/div>\n\t\t\t<\/div>\n\t\t<input type=\"hidden\" name=\"trp-form-language\" value=\"en\"\/><\/form>\n\t\t\t\t<\/div>\n\t\t\t\t<\/div>\n\t\t\t\t\t<\/div>\n\t\t<\/div>\n\t\t\t\t<div class=\"elementor-column elementor-col-50 elementor-top-column elementor-element elementor-element-d113aa7\" data-id=\"d113aa7\" data-element_type=\"column\">\n\t\t\t<div class=\"elementor-widget-wrap elementor-element-populated\">\n\t\t\t\t\t\t<div class=\"elementor-element elementor-element-bb082b6 elementor-widget elementor-widget-bdt-tabs\" data-id=\"bb082b6\" data-element_type=\"widget\" data-widget_type=\"bdt-tabs.default\">\n\t\t\t\t<div class=\"elementor-widget-container\">\n\t\t\t\r\n\r\n        <div class=\"bdt-tabs-area\">\r\n\r\n            <div id=\"bdt-tabs-bb082b6\" class=\"bdt-tabs  bdt-tabs-default\" data-settings=\"{&quot;id&quot;:&quot;bdt-tabs-bb082b6&quot;,&quot;activeHash&quot;:&quot;no&quot;,&quot;hashTopOffset&quot;:70,&quot;hashScrollspyTime&quot;:1500,&quot;navStickyOffset&quot;:1,&quot;linkWidgetId&quot;:&quot;bb082b6&quot;}\">\r\n                \r\n                \r\n                    <div >\r\n        <div >\r\n          <div class=\"bdt-tab bdt-tab-default bdt-flex-center\" data-bdt-tab=\"connect: #bdt-tab-content-bb082b6; animation: bdt-animation-;\" data-bdt-height-match=\"target: &gt; .bdt-tabs-item &gt; .bdt-tabs-item-title; row: false;\">\r\n                                <div class=\"bdt-tabs-item\">\r\n                      <a data-title=\"valencia\" class=\"bdt-tabs-item-title\" id=\"bdt-tab-valencia\" data-tab-index=\"0\" href=\"#\" >\r\n                        <div class=\"bdt-tab-text-wrapper bdt-flex-column\">\r\n\r\n                          <div class=\"bdt-tab-title-icon-wrapper\">\r\n\r\n                              \r\n                                                               <span class=\"bdt-tab-text\">\r\n                                     Valencia                                 <\/span>\r\n                            \r\n                            \r\n                           <\/div>\r\n\r\n                           \r\n                    <\/div>\r\n                <\/a>\r\n            <\/div>\r\n                          <div class=\"bdt-tabs-item\">\r\n                      <a data-title=\"a-coru-a\" class=\"bdt-tabs-item-title\" id=\"bdt-tab-a-corua\" data-tab-index=\"1\" href=\"#\" >\r\n                        <div class=\"bdt-tab-text-wrapper bdt-flex-column\">\r\n\r\n                          <div class=\"bdt-tab-title-icon-wrapper\">\r\n\r\n                              \r\n                                                               <span class=\"bdt-tab-text\">\r\n                                    A Coru\u00f1a                                <\/span>\r\n                            \r\n                            \r\n                           <\/div>\r\n\r\n                           \r\n                    <\/div>\r\n                <\/a>\r\n            <\/div>\r\n                          <div class=\"bdt-tabs-item\">\r\n                      <a data-title=\"zaragoza\" class=\"bdt-tabs-item-title\" id=\"bdt-tab-zaragoza\" data-tab-index=\"2\" href=\"#\" >\r\n                        <div class=\"bdt-tab-text-wrapper bdt-flex-column\">\r\n\r\n                          <div class=\"bdt-tab-title-icon-wrapper\">\r\n\r\n                              \r\n                                                               <span class=\"bdt-tab-text\">\r\n                                    Zaragoza                                <\/span>\r\n                            \r\n                            \r\n                           <\/div>\r\n\r\n                           \r\n                    <\/div>\r\n                <\/a>\r\n            <\/div>\r\n            <\/div>\r\n<\/div>\r\n<\/div>\r\n\r\n\r\n                                    \r\n        <div class=\"bdt-switcher-wrapper\">\r\n            <div id=\"bdt-tab-content-bb082b6\" class=\"bdt-switcher bdt-switcher-item-content\">\r\n                                                      <div class=\"\" \r\n                  data-content-id=\"valencia\">\r\n                  <div>\r\n                    <h2 class=\"title\">Oficina de Valencia<\/h2><ul class=\"list-office-data\"><li class=\"address\">Calle Maestro Rodrigo 37 bajo, local 4, 46015 Valencia<\/li><li class=\"phone\">96 346 85 80<\/li><li class=\"email\">&#x69;n&#x66;&#111;&#x40;&#x65;q&#x75;&#105;&#x70;&#x6f;h&#x75;&#109;&#x61;&#x6e;o&#x2e;&#99;&#x6f;&#x6d;<\/li><\/ul>                <\/div>\r\n            <\/div>\r\n                                              <div class=\"\" \r\n                  data-content-id=\"a-coru-a\">\r\n                  <div>\r\n                    <h2 class=\"title\">Oficina de A Coru\u00f1a<\/h2><ul class=\"list-office-data\"><li class=\"address\">Avda. Novo Mesoiro, 2 bajo<\/li><li class=\"phone\">(+34) 671 485 863 \u2013 963 468 582<\/li><li class=\"email\">&#100;&#x61;&#118;&#x69;&#100;&#x2e;&#108;&#x6f;&#112;&#x65;&#122;&#x40;&#102;&#x75;&#110;&#x64;&#97;&#x63;&#105;&#x6f;&#110;&#x65;&#113;&#x75;&#105;&#x70;o&#x68;u&#x6d;a&#x6e;o&#x2e;e&#x73;<\/li><\/ul>                <\/div>\r\n            <\/div>\r\n                                              <div class=\"\" \r\n                  data-content-id=\"zaragoza\">\r\n                  <div>\r\n                    <h2 class=\"title\">Oficina de Zaragoza<\/h2><ul class=\"list-office-data\"><li class=\"address\">Calle Coso 67, 3\u00baA \u2013 50.007 \u2013 Zaragoza<\/li><li class=\"phone\">(+34) 667 76 85 86 \u2013 963 46 85 80<\/li><li class=\"email\">&#x79;a&#x73;&#109;&#x69;&#x6e;a&#x2e;&#99;&#x68;&#x65;c&#x61;&#64;&#x66;&#x75;n&#x64;&#97;&#x63;&#x69;o&#x6e;&#101;&#x71;&#x75;i&#x70;&#111;&#x68;&#x75;m&#x61;&#110;&#x6f;&#x2e;e&#x73;<\/li><\/ul>                <\/div>\r\n            <\/div>\r\n            <\/div>\r\n<\/div>\r\n                \r\n                                <a href=\"#\" id=\"bottom-anchor-bb082b6\" data-bdt-hidden><\/a>\r\n            <\/div>\r\n        <\/div>\r\n        \t\t<\/div>\n\t\t\t\t<\/div>\n\t\t\t\t<div class=\"elementor-element elementor-element-0b33f51 elementor-widget__width-inherit elementor-widget elementor-widget-google_maps\" data-id=\"0b33f51\" data-element_type=\"widget\" data-widget_type=\"google_maps.default\">\n\t\t\t\t<div class=\"elementor-widget-container\">\n\t\t\t\t\t<div class=\"elementor-custom-embed\">\n\t\t\t<iframe loading=\"lazy\"\n\t\t\t\t\tsrc=\"https:\/\/maps.google.com\/maps?q=Fundaci%C3%ADn%20Equipo%20Humano&#038;t=m&#038;z=13&#038;output=embed&#038;iwloc=near\"\n\t\t\t\t\ttitle=\"Fundaci\u00edn Equipo Humano\"\n\t\t\t\t\taria-label=\"Fundaci\u00edn Equipo Humano\"\n\t\t\t><\/iframe>\n\t\t<\/div>\n\t\t\t\t<\/div>\n\t\t\t\t<\/div>\n\t\t\t\t\t<\/div>\n\t\t<\/div>\n\t\t\t\t\t<\/div>\n\t\t<\/section>\n\t\t\t\t<\/div>","protected":false},"excerpt":{"rendered":"<p>Estamos deseando conocerte Valencia A Coru\u00f1a Zaragoza Oficina de Valencia Calle Maestro Rodrigo 37 bajo, local 4, 46015 Valencia 96 346 85 80 &#105;&#x6e;f&#x6f;&#64;&#101;&#x71;&#117;&#x69;p&#111;&#x68;&#117;&#x6d;a&#x6e;&#x6f;&#46;&#x63;o&#x6d; Oficina de A Coru\u00f1a Avda. Novo&hellip;<\/p>","protected":false},"author":2,"featured_media":0,"parent":0,"menu_order":6,"comment_status":"closed","ping_status":"closed","template":"","meta":{"footnotes":""},"yoast_head":"<!-- This site is optimized with the Yoast SEO plugin v22.3 - https:\/\/yoast.com\/wordpress\/plugins\/seo\/ -->\n<title>Contacto - Fundaci\u00f3n Equipo Humano<\/title>\n<meta name=\"robots\" content=\"index, follow, max-snippet:-1, max-image-preview:large, max-video-preview:-1\" \/>\n<link rel=\"canonical\" href=\"https:\/\/fundacionequipohumano.es\/en\/contacto\/\" \/>\n<meta property=\"og:locale\" content=\"es_ES\" \/>\n<meta property=\"og:type\" content=\"article\" \/>\n<meta property=\"og:title\" content=\"Contacto - Fundaci\u00f3n Equipo Humano\" \/>\n<meta property=\"og:description\" content=\"Estamos deseando conocerte Valencia A Coru\u00f1a Zaragoza Oficina de Valencia Calle Maestro Rodrigo 37 bajo, local 4, 46015 Valencia 96 346 85 80 &#105;&#x6e;f&#x6f;&#064;&#101;&#x71;&#117;&#x69;p&#111;&#x68;&#117;&#x6d;a&#x6e;&#x6f;&#046;&#x63;o&#x6d; Oficina de A Coru\u00f1a Avda. Novo&hellip;\" \/>\n<meta property=\"og:url\" content=\"https:\/\/fundacionequipohumano.es\/en\/contacto\/\" \/>\n<meta property=\"og:site_name\" content=\"Fundaci\u00f3n Equipo Humano\" \/>\n<meta property=\"article:publisher\" content=\"https:\/\/www.facebook.com\/fundacionEH\/\" \/>\n<meta property=\"article:modified_time\" content=\"2025-02-25T08:07:15+00:00\" \/>\n<meta name=\"twitter:card\" content=\"summary_large_image\" \/>\n<meta name=\"twitter:site\" content=\"@FEquipoHumano\" \/>\n<meta name=\"twitter:label1\" content=\"Estimated reading time\" \/>\n\t<meta name=\"twitter:data1\" content=\"1 minuto\" \/>\n<script type=\"application\/ld+json\" class=\"yoast-schema-graph\">{\"@context\":\"https:\/\/schema.org\",\"@graph\":[{\"@type\":\"WebPage\",\"@id\":\"https:\/\/fundacionequipohumano.es\/contacto\/\",\"url\":\"https:\/\/fundacionequipohumano.es\/contacto\/\",\"name\":\"Contacto - Fundaci\u00f3n Equipo Humano\",\"isPartOf\":{\"@id\":\"https:\/\/fundacionequipohumano.es\/en\/#website\"},\"datePublished\":\"2014-02-08T15:01:47+00:00\",\"dateModified\":\"2025-02-25T08:07:15+00:00\",\"breadcrumb\":{\"@id\":\"https:\/\/fundacionequipohumano.es\/contacto\/#breadcrumb\"},\"inLanguage\":\"es\",\"potentialAction\":[{\"@type\":\"ReadAction\",\"target\":[\"https:\/\/fundacionequipohumano.es\/contacto\/\"]}]},{\"@type\":\"BreadcrumbList\",\"@id\":\"https:\/\/fundacionequipohumano.es\/contacto\/#breadcrumb\",\"itemListElement\":[{\"@type\":\"ListItem\",\"position\":1,\"name\":\"Portada\",\"item\":\"https:\/\/fundacionequipohumano.es\/\"},{\"@type\":\"ListItem\",\"position\":2,\"name\":\"Contacto\"}]},{\"@type\":\"WebSite\",\"@id\":\"https:\/\/fundacionequipohumano.es\/en\/#website\",\"url\":\"https:\/\/fundacionequipohumano.es\/en\/\",\"name\":\"Fundaci\u00f3n Equipo Humano\",\"description\":\"Impulsamos el desarrollo humano mediante innovaci\u00f3n, formaci\u00f3n de calidad y mejora de la empleabilidad. M\u00e1s de 10 a\u00f1os defendiendo el potencial de las personas.\",\"publisher\":{\"@id\":\"https:\/\/fundacionequipohumano.es\/en\/#organization\"},\"potentialAction\":[{\"@type\":\"SearchAction\",\"target\":{\"@type\":\"EntryPoint\",\"urlTemplate\":\"https:\/\/fundacionequipohumano.es\/en\/?s={search_term_string}\"},\"query-input\":\"required name=search_term_string\"}],\"inLanguage\":\"es\"},{\"@type\":\"Organization\",\"@id\":\"https:\/\/fundacionequipohumano.es\/en\/#organization\",\"name\":\"Fundaci\u00f3n Equipo Humano\",\"url\":\"https:\/\/fundacionequipohumano.es\/en\/\",\"logo\":{\"@type\":\"ImageObject\",\"inLanguage\":\"es\",\"@id\":\"https:\/\/fundacionequipohumano.es\/en\/#\/schema\/logo\/image\/\",\"url\":\"https:\/\/fundacionequipohumano.es\/wp-content\/uploads\/2020\/01\/FEH_logo-03-1.svg\",\"contentUrl\":\"https:\/\/fundacionequipohumano.es\/wp-content\/uploads\/2020\/01\/FEH_logo-03-1.svg\",\"width\":595,\"height\":81,\"caption\":\"Fundaci\u00f3n Equipo Humano\"},\"image\":{\"@id\":\"https:\/\/fundacionequipohumano.es\/en\/#\/schema\/logo\/image\/\"},\"sameAs\":[\"https:\/\/www.facebook.com\/fundacionEH\/\",\"https:\/\/twitter.com\/FEquipoHumano\",\"https:\/\/www.instagram.com\/fequipohumano\/\",\"https:\/\/www.linkedin.com\/company\/fundacion-equipo-humano\/\"]}]}<\/script>\n<!-- \/ Yoast SEO plugin. -->","yoast_head_json":{"title":"Contacto - Fundaci\u00f3n Equipo Humano","robots":{"index":"index","follow":"follow","max-snippet":"max-snippet:-1","max-image-preview":"max-image-preview:large","max-video-preview":"max-video-preview:-1"},"canonical":"https:\/\/fundacionequipohumano.es\/en\/contacto\/","og_locale":"es_ES","og_type":"article","og_title":"Contacto - Fundaci\u00f3n Equipo Humano","og_description":"Estamos deseando conocerte Valencia A Coru\u00f1a Zaragoza Oficina de Valencia Calle Maestro Rodrigo 37 bajo, local 4, 46015 Valencia 96 346 85 80 &#105;&#x6e;f&#x6f;&#64;&#101;&#x71;&#117;&#x69;p&#111;&#x68;&#117;&#x6d;a&#x6e;&#x6f;&#46;&#x63;o&#x6d; Oficina de A Coru\u00f1a Avda. Novo&hellip;","og_url":"https:\/\/fundacionequipohumano.es\/en\/contacto\/","og_site_name":"Fundaci\u00f3n Equipo Humano","article_publisher":"https:\/\/www.facebook.com\/fundacionEH\/","article_modified_time":"2025-02-25T08:07:15+00:00","twitter_card":"summary_large_image","twitter_site":"@FEquipoHumano","twitter_misc":{"Estimated reading time":"1 minuto"},"schema":{"@context":"https:\/\/schema.org","@graph":[{"@type":"WebPage","@id":"https:\/\/fundacionequipohumano.es\/contacto\/","url":"https:\/\/fundacionequipohumano.es\/contacto\/","name":"Contacto - Fundaci\u00f3n Equipo Humano","isPartOf":{"@id":"https:\/\/fundacionequipohumano.es\/en\/#website"},"datePublished":"2014-02-08T15:01:47+00:00","dateModified":"2025-02-25T08:07:15+00:00","breadcrumb":{"@id":"https:\/\/fundacionequipohumano.es\/contacto\/#breadcrumb"},"inLanguage":"es","potentialAction":[{"@type":"ReadAction","target":["https:\/\/fundacionequipohumano.es\/contacto\/"]}]},{"@type":"BreadcrumbList","@id":"https:\/\/fundacionequipohumano.es\/contacto\/#breadcrumb","itemListElement":[{"@type":"ListItem","position":1,"name":"Portada","item":"https:\/\/fundacionequipohumano.es\/"},{"@type":"ListItem","position":2,"name":"Contacto"}]},{"@type":"WebSite","@id":"https:\/\/fundacionequipohumano.es\/en\/#website","url":"https:\/\/fundacionequipohumano.es\/en\/","name":"Fundaci\u00f3n Equipo Humano","description":"Impulsamos el desarrollo humano mediante innovaci\u00f3n, formaci\u00f3n de calidad y mejora de la empleabilidad. M\u00e1s de 10 a\u00f1os defendiendo el potencial de las personas.","publisher":{"@id":"https:\/\/fundacionequipohumano.es\/en\/#organization"},"potentialAction":[{"@type":"SearchAction","target":{"@type":"EntryPoint","urlTemplate":"https:\/\/fundacionequipohumano.es\/en\/?s={search_term_string}"},"query-input":"required name=search_term_string"}],"inLanguage":"es"},{"@type":"Organization","@id":"https:\/\/fundacionequipohumano.es\/en\/#organization","name":"Fundaci\u00f3n Equipo Humano","url":"https:\/\/fundacionequipohumano.es\/en\/","logo":{"@type":"ImageObject","inLanguage":"es","@id":"https:\/\/fundacionequipohumano.es\/en\/#\/schema\/logo\/image\/","url":"https:\/\/fundacionequipohumano.es\/wp-content\/uploads\/2020\/01\/FEH_logo-03-1.svg","contentUrl":"https:\/\/fundacionequipohumano.es\/wp-content\/uploads\/2020\/01\/FEH_logo-03-1.svg","width":595,"height":81,"caption":"Fundaci\u00f3n Equipo Humano"},"image":{"@id":"https:\/\/fundacionequipohumano.es\/en\/#\/schema\/logo\/image\/"},"sameAs":["https:\/\/www.facebook.com\/fundacionEH\/","https:\/\/twitter.com\/FEquipoHumano","https:\/\/www.instagram.com\/fequipohumano\/","https:\/\/www.linkedin.com\/company\/fundacion-equipo-humano\/"]}]}},"_links":{"self":[{"href":"https:\/\/fundacionequipohumano.es\/en\/wp-json\/wp\/v2\/pages\/12221"}],"collection":[{"href":"https:\/\/fundacionequipohumano.es\/en\/wp-json\/wp\/v2\/pages"}],"about":[{"href":"https:\/\/fundacionequipohumano.es\/en\/wp-json\/wp\/v2\/types\/page"}],"author":[{"embeddable":true,"href":"https:\/\/fundacionequipohumano.es\/en\/wp-json\/wp\/v2\/users\/2"}],"replies":[{"embeddable":true,"href":"https:\/\/fundacionequipohumano.es\/en\/wp-json\/wp\/v2\/comments?post=12221"}],"version-history":[{"count":100,"href":"https:\/\/fundacionequipohumano.es\/en\/wp-json\/wp\/v2\/pages\/12221\/revisions"}],"predecessor-version":[{"id":30342,"href":"https:\/\/fundacionequipohumano.es\/en\/wp-json\/wp\/v2\/pages\/12221\/revisions\/30342"}],"wp:attachment":[{"href":"https:\/\/fundacionequipohumano.es\/en\/wp-json\/wp\/v2\/media?parent=12221"}],"curies":[{"name":"wp","href":"https:\/\/api.w.org\/{rel}","templated":true}]}}