{"id":12220,"date":"2014-02-07T16:58:28","date_gmt":"2014-02-07T16:58:28","guid":{"rendered":"https:\/\/fundacionequipohumano.es\/actualidad-sobre-empleo\/"},"modified":"2014-02-07T16:58:28","modified_gmt":"2014-02-07T16:58:28","slug":"actualidad-sobre-empleo","status":"publish","type":"page","link":"https:\/\/fundacionequipohumano.es\/en\/actualidad-sobre-empleo\/","title":{"rendered":"Actualidad sobre empleo"},"content":{"rendered":"<p>[yee_row ex_class=\u00bb\u00bb][yee_column width=\u00bb1\/1&#8243; ex_class=\u00bb\u00bb][yee_module module=\u00bb179&#8243; show_module_title=\u00bbhide\u00bb ex_class=\u00bb\u00bb widget_padding=\u00bbeyJwYWRkaW5nLXRvcCI6IjAiLCJwYWRkaW5nLXJpZ2h0IjoiMCIsInBhZGRpbmctYm90dG9tIjoiMCIsInBhZGRpbmctbGVmdCI6IjAifQ==\u00bb widget_margin=\u00bbeyJtYXJnaW4tdG9wIjoiMCIsIm1hcmdpbi1yaWdodCI6IjAiLCJtYXJnaW4tYm90dG9tIjoiMzAiLCJtYXJnaW4tbGVmdCI6IjAifQ==\u00bb][\/yee_module][\/yee_column][\/yee_row]<\/p>","protected":false},"excerpt":{"rendered":"<p>[yee_row ex_class=\u00bb\u00bb][yee_column width=\u00bb1\/1&#8243; ex_class=\u00bb\u00bb][yee_module module=\u00bb179&#8243; show_module_title=\u00bbhide\u00bb ex_class=\u00bb\u00bb widget_padding=\u00bbeyJwYWRkaW5nLXRvcCI6IjAiLCJwYWRkaW5nLXJpZ2h0IjoiMCIsInBhZGRpbmctYm90dG9tIjoiMCIsInBhZGRpbmctbGVmdCI6IjAifQ==\u00bb widget_margin=\u00bbeyJtYXJnaW4tdG9wIjoiMCIsIm1hcmdpbi1yaWdodCI6IjAiLCJtYXJnaW4tYm90dG9tIjoiMzAiLCJtYXJnaW4tbGVmdCI6IjAifQ==\u00bb][\/yee_module][\/yee_column][\/yee_row]<\/p>","protected":false},"author":2,"featured_media":0,"parent":0,"menu_order":8,"comment_status":"closed","ping_status":"closed","template":"","meta":{"footnotes":""},"yoast_head":"<!-- This site is optimized with the Yoast SEO plugin v22.3 - https:\/\/yoast.com\/wordpress\/plugins\/seo\/ -->\n<title>Actualidad sobre empleo - Fundaci\u00f3n Equipo Humano<\/title>\n<meta name=\"robots\" content=\"index, follow, max-snippet:-1, max-image-preview:large, max-video-preview:-1\" \/>\n<link rel=\"canonical\" href=\"https:\/\/fundacionequipohumano.es\/en\/actualidad-sobre-empleo\/\" \/>\n<meta property=\"og:locale\" content=\"es_ES\" \/>\n<meta property=\"og:type\" content=\"article\" \/>\n<meta property=\"og:title\" content=\"Actualidad sobre empleo - Fundaci\u00f3n Equipo Humano\" \/>\n<meta property=\"og:description\" content=\"[yee_row ex_class=\u00bb\u00bb][yee_column width=\u00bb1\/1&#8243; ex_class=\u00bb\u00bb][yee_module module=\u00bb179&#8243; show_module_title=\u00bbhide\u00bb ex_class=\u00bb\u00bb widget_padding=\u00bbeyJwYWRkaW5nLXRvcCI6IjAiLCJwYWRkaW5nLXJpZ2h0IjoiMCIsInBhZGRpbmctYm90dG9tIjoiMCIsInBhZGRpbmctbGVmdCI6IjAifQ==\u00bb widget_margin=\u00bbeyJtYXJnaW4tdG9wIjoiMCIsIm1hcmdpbi1yaWdodCI6IjAiLCJtYXJnaW4tYm90dG9tIjoiMzAiLCJtYXJnaW4tbGVmdCI6IjAifQ==\u00bb][\/yee_module][\/yee_column][\/yee_row]\" \/>\n<meta property=\"og:url\" content=\"https:\/\/fundacionequipohumano.es\/en\/actualidad-sobre-empleo\/\" \/>\n<meta property=\"og:site_name\" content=\"Fundaci\u00f3n Equipo Humano\" \/>\n<meta property=\"article:publisher\" content=\"https:\/\/www.facebook.com\/fundacionEH\/\" \/>\n<meta name=\"twitter:card\" content=\"summary_large_image\" \/>\n<meta name=\"twitter:site\" content=\"@FEquipoHumano\" \/>\n<script type=\"application\/ld+json\" class=\"yoast-schema-graph\">{\"@context\":\"https:\/\/schema.org\",\"@graph\":[{\"@type\":\"WebPage\",\"@id\":\"https:\/\/fundacionequipohumano.es\/en\/actualidad-sobre-empleo\/\",\"url\":\"https:\/\/fundacionequipohumano.es\/en\/actualidad-sobre-empleo\/\",\"name\":\"Actualidad sobre empleo - Fundaci\u00f3n Equipo Humano\",\"isPartOf\":{\"@id\":\"https:\/\/fundacionequipohumano.es\/en\/#website\"},\"datePublished\":\"2014-02-07T16:58:28+00:00\",\"dateModified\":\"2014-02-07T16:58:28+00:00\",\"breadcrumb\":{\"@id\":\"https:\/\/fundacionequipohumano.es\/en\/actualidad-sobre-empleo\/#breadcrumb\"},\"inLanguage\":\"es\",\"potentialAction\":[{\"@type\":\"ReadAction\",\"target\":[\"https:\/\/fundacionequipohumano.es\/en\/actualidad-sobre-empleo\/\"]}]},{\"@type\":\"BreadcrumbList\",\"@id\":\"https:\/\/fundacionequipohumano.es\/en\/actualidad-sobre-empleo\/#breadcrumb\",\"itemListElement\":[{\"@type\":\"ListItem\",\"position\":1,\"name\":\"Portada\",\"item\":\"https:\/\/fundacionequipohumano.es\/\"},{\"@type\":\"ListItem\",\"position\":2,\"name\":\"Actualidad sobre empleo\"}]},{\"@type\":\"WebSite\",\"@id\":\"https:\/\/fundacionequipohumano.es\/en\/#website\",\"url\":\"https:\/\/fundacionequipohumano.es\/en\/\",\"name\":\"Fundaci\u00f3n Equipo Humano\",\"description\":\"Impulsamos el desarrollo humano mediante innovaci\u00f3n, formaci\u00f3n de calidad y mejora de la empleabilidad. M\u00e1s de 10 a\u00f1os defendiendo el potencial de las personas.\",\"publisher\":{\"@id\":\"https:\/\/fundacionequipohumano.es\/en\/#organization\"},\"potentialAction\":[{\"@type\":\"SearchAction\",\"target\":{\"@type\":\"EntryPoint\",\"urlTemplate\":\"https:\/\/fundacionequipohumano.es\/en\/?s={search_term_string}\"},\"query-input\":\"required name=search_term_string\"}],\"inLanguage\":\"es\"},{\"@type\":\"Organization\",\"@id\":\"https:\/\/fundacionequipohumano.es\/en\/#organization\",\"name\":\"Fundaci\u00f3n Equipo Humano\",\"url\":\"https:\/\/fundacionequipohumano.es\/en\/\",\"logo\":{\"@type\":\"ImageObject\",\"inLanguage\":\"es\",\"@id\":\"https:\/\/fundacionequipohumano.es\/en\/#\/schema\/logo\/image\/\",\"url\":\"https:\/\/fundacionequipohumano.es\/wp-content\/uploads\/2020\/01\/FEH_logo-03-1.svg\",\"contentUrl\":\"https:\/\/fundacionequipohumano.es\/wp-content\/uploads\/2020\/01\/FEH_logo-03-1.svg\",\"width\":595,\"height\":81,\"caption\":\"Fundaci\u00f3n Equipo Humano\"},\"image\":{\"@id\":\"https:\/\/fundacionequipohumano.es\/en\/#\/schema\/logo\/image\/\"},\"sameAs\":[\"https:\/\/www.facebook.com\/fundacionEH\/\",\"https:\/\/twitter.com\/FEquipoHumano\",\"https:\/\/www.instagram.com\/fequipohumano\/\",\"https:\/\/www.linkedin.com\/company\/fundacion-equipo-humano\/\"]}]}<\/script>\n<!-- \/ Yoast SEO plugin. -->","yoast_head_json":{"title":"Actualidad sobre empleo - Fundaci\u00f3n Equipo Humano","robots":{"index":"index","follow":"follow","max-snippet":"max-snippet:-1","max-image-preview":"max-image-preview:large","max-video-preview":"max-video-preview:-1"},"canonical":"https:\/\/fundacionequipohumano.es\/en\/actualidad-sobre-empleo\/","og_locale":"es_ES","og_type":"article","og_title":"Actualidad sobre empleo - Fundaci\u00f3n Equipo Humano","og_description":"[yee_row ex_class=\u00bb\u00bb][yee_column width=\u00bb1\/1&#8243; ex_class=\u00bb\u00bb][yee_module module=\u00bb179&#8243; show_module_title=\u00bbhide\u00bb ex_class=\u00bb\u00bb widget_padding=\u00bbeyJwYWRkaW5nLXRvcCI6IjAiLCJwYWRkaW5nLXJpZ2h0IjoiMCIsInBhZGRpbmctYm90dG9tIjoiMCIsInBhZGRpbmctbGVmdCI6IjAifQ==\u00bb widget_margin=\u00bbeyJtYXJnaW4tdG9wIjoiMCIsIm1hcmdpbi1yaWdodCI6IjAiLCJtYXJnaW4tYm90dG9tIjoiMzAiLCJtYXJnaW4tbGVmdCI6IjAifQ==\u00bb][\/yee_module][\/yee_column][\/yee_row]","og_url":"https:\/\/fundacionequipohumano.es\/en\/actualidad-sobre-empleo\/","og_site_name":"Fundaci\u00f3n Equipo Humano","article_publisher":"https:\/\/www.facebook.com\/fundacionEH\/","twitter_card":"summary_large_image","twitter_site":"@FEquipoHumano","schema":{"@context":"https:\/\/schema.org","@graph":[{"@type":"WebPage","@id":"https:\/\/fundacionequipohumano.es\/en\/actualidad-sobre-empleo\/","url":"https:\/\/fundacionequipohumano.es\/en\/actualidad-sobre-empleo\/","name":"Actualidad sobre empleo - Fundaci\u00f3n Equipo Humano","isPartOf":{"@id":"https:\/\/fundacionequipohumano.es\/en\/#website"},"datePublished":"2014-02-07T16:58:28+00:00","dateModified":"2014-02-07T16:58:28+00:00","breadcrumb":{"@id":"https:\/\/fundacionequipohumano.es\/en\/actualidad-sobre-empleo\/#breadcrumb"},"inLanguage":"es","potentialAction":[{"@type":"ReadAction","target":["https:\/\/fundacionequipohumano.es\/en\/actualidad-sobre-empleo\/"]}]},{"@type":"BreadcrumbList","@id":"https:\/\/fundacionequipohumano.es\/en\/actualidad-sobre-empleo\/#breadcrumb","itemListElement":[{"@type":"ListItem","position":1,"name":"Portada","item":"https:\/\/fundacionequipohumano.es\/"},{"@type":"ListItem","position":2,"name":"Actualidad sobre empleo"}]},{"@type":"WebSite","@id":"https:\/\/fundacionequipohumano.es\/en\/#website","url":"https:\/\/fundacionequipohumano.es\/en\/","name":"Fundaci\u00f3n Equipo Humano","description":"Impulsamos el desarrollo humano mediante innovaci\u00f3n, formaci\u00f3n de calidad y mejora de la empleabilidad. M\u00e1s de 10 a\u00f1os defendiendo el potencial de las personas.","publisher":{"@id":"https:\/\/fundacionequipohumano.es\/en\/#organization"},"potentialAction":[{"@type":"SearchAction","target":{"@type":"EntryPoint","urlTemplate":"https:\/\/fundacionequipohumano.es\/en\/?s={search_term_string}"},"query-input":"required name=search_term_string"}],"inLanguage":"es"},{"@type":"Organization","@id":"https:\/\/fundacionequipohumano.es\/en\/#organization","name":"Fundaci\u00f3n Equipo Humano","url":"https:\/\/fundacionequipohumano.es\/en\/","logo":{"@type":"ImageObject","inLanguage":"es","@id":"https:\/\/fundacionequipohumano.es\/en\/#\/schema\/logo\/image\/","url":"https:\/\/fundacionequipohumano.es\/wp-content\/uploads\/2020\/01\/FEH_logo-03-1.svg","contentUrl":"https:\/\/fundacionequipohumano.es\/wp-content\/uploads\/2020\/01\/FEH_logo-03-1.svg","width":595,"height":81,"caption":"Fundaci\u00f3n Equipo Humano"},"image":{"@id":"https:\/\/fundacionequipohumano.es\/en\/#\/schema\/logo\/image\/"},"sameAs":["https:\/\/www.facebook.com\/fundacionEH\/","https:\/\/twitter.com\/FEquipoHumano","https:\/\/www.instagram.com\/fequipohumano\/","https:\/\/www.linkedin.com\/company\/fundacion-equipo-humano\/"]}]}},"_links":{"self":[{"href":"https:\/\/fundacionequipohumano.es\/en\/wp-json\/wp\/v2\/pages\/12220"}],"collection":[{"href":"https:\/\/fundacionequipohumano.es\/en\/wp-json\/wp\/v2\/pages"}],"about":[{"href":"https:\/\/fundacionequipohumano.es\/en\/wp-json\/wp\/v2\/types\/page"}],"author":[{"embeddable":true,"href":"https:\/\/fundacionequipohumano.es\/en\/wp-json\/wp\/v2\/users\/2"}],"replies":[{"embeddable":true,"href":"https:\/\/fundacionequipohumano.es\/en\/wp-json\/wp\/v2\/comments?post=12220"}],"version-history":[{"count":0,"href":"https:\/\/fundacionequipohumano.es\/en\/wp-json\/wp\/v2\/pages\/12220\/revisions"}],"wp:attachment":[{"href":"https:\/\/fundacionequipohumano.es\/en\/wp-json\/wp\/v2\/media?parent=12220"}],"curies":[{"name":"wp","href":"https:\/\/api.w.org\/{rel}","templated":true}]}}