{"id":12216,"date":"2013-12-20T18:11:04","date_gmt":"2013-12-20T18:11:04","guid":{"rendered":"https:\/\/fundacionequipohumano.es\/fundacion-equipo-humano-inicia-un-plan-integral-de-empleo-para-desempleados-menores-de-30-anos\/"},"modified":"2013-12-20T18:11:04","modified_gmt":"2013-12-20T18:11:04","slug":"fundacion-equipo-humano-inicia-un-plan-integral-de-empleo-para-desempleados-menores-de-30-anos","status":"publish","type":"page","link":"https:\/\/fundacionequipohumano.es\/fundacion-equipo-humano-inicia-un-plan-integral-de-empleo-para-desempleados-menores-de-30-anos\/","title":{"rendered":"Fundaci\u00f3n Equipo Humano inicia un \u201cPlan Integral de Empleo\u201d para desempleados menores de 30 a\u00f1os."},"content":{"rendered":"<p><img fetchpriority=\"high\" decoding=\"async\" class=\"alignright size-full wp-image-12214\" src=\"https:\/\/fundacionequipohumano.es\/wp-content\/uploads\/2013\/12\/CARTELPIE_2d6f287ebde5adc182c0e7a87af2d1f9.jpg\" alt=\"\" align=\"right\" width=\"335\" height=\"462\" \/> <!--more--> [yee_row ex_class=\u00bb\u00bb][yee_column width=\u00bb1\/1&#8243; ex_class=\u00bb\u00bb][yee_text_block css_animation=\u00bbno\u00bb ex_class=\u00bb\u00bb widget_padding=\u00bbeyJwYWRkaW5nLXRvcCI6IjAiLCJwYWRkaW5nLXJpZ2h0IjoiMCIsInBhZGRpbmctYm90dG9tIjoiMCIsInBhZGRpbmctbGVmdCI6IjAifQ==\u00bb widget_margin=\u00bbeyJtYXJnaW4tdG9wIjoiMCIsIm1hcmdpbi1yaWdodCI6IjAiLCJtYXJnaW4tYm90dG9tIjoiMzAiLCJtYXJnaW4tbGVmdCI6IjAifQ==\u00bb]<\/p>\n<p>Un total de 100 personas desempleadas van a participar en el Plan Integral de Empleo de Fundaci\u00f3n Equipo Humano, que tiene por objeto aumentar las posibilidades de encontrar un empleo mediante el desarrollo de un Itinerario de Inserci\u00f3n. Este Itinerario, comprender\u00e1 una serie de actuaciones de informaci\u00f3n, orientaci\u00f3n, formaci\u00f3n y acompa\u00f1amiento para facilitar la incorporaci\u00f3n al mercado laboral, as\u00ed como un seguimiento en la empresa una vez cumplida la contrataci\u00f3n, que permita valorar la adecuaci\u00f3n de la inserci\u00f3n tanto desde el punto de vista del trabajador como de la parte contratante.<\/p>\n<p>De esta forma, cada uno de los participantes ser\u00e1 destinatario durante la vigencia del Plan de actuaciones en los siguientes \u00e1mbitos, por un periodo de tiempo de 30 horas:<\/p>\n<ul>\n<li>Entrevista individual en profundidad orientada a concretar la aptitud y la actitud del participante ante la b\u00fasqueda de empleo, que permitir\u00e1 determinar las acciones, individuales o colectivas, que proceda desarrollar.<\/li>\n<li>Orientaci\u00f3n profesional para el empleo.<\/li>\n<li>Motivaci\u00f3n y desarrollo de aspectos personales para el empleo.<\/li>\n<li>B\u00fasqueda activa de empleo.<\/li>\n<li>Taller de entrevista.<\/li>\n<li>Taller de elaboraci\u00f3n de CV.<\/li>\n<li>Informaci\u00f3n y motivaci\u00f3n para el autoempleo.<\/li>\n<\/ul>\n<p>Los participantes podr\u00e1n ser destinatarios de las anteriores actuaciones con car\u00e1cter previo, simult\u00e1neo o posterior a su inserci\u00f3n laboral.<\/p>\n<p>Los \u00fanicos requisitos para ser beneficiario del programa es ser menor de 30 a\u00f1os y estar desempleado\/a inscrito\/a como demandante de empleo en los centros SERVEF, al menos durante tres meses.<\/p>\n<p>El compromiso de inserci\u00f3n de este Programa de Empleo es de al menos la mitad de las 100 personas desempleadas que lo integran. Los contratos de estos beneficiarios deber\u00e1n ser como m\u00ednimo de seis meses de duraci\u00f3n y a jornada completa. Otra de las caracter\u00edsticas del plan, consiste en que el 40% de las participantes deben ser mujeres desempleadas en el momento de inicio del programa. La duraci\u00f3n del Plan Integral de Empleo ser\u00e1 hasta el pr\u00f3ximo 31 de mayo de 2014 y estar\u00e1 subvencionado por el SERVEF y el Fondo Social Europeo, favoreciendo as\u00ed, la generaci\u00f3n de empleo en la ciudad de Valencia.<\/p>\n<p> [\/yee_text_block][\/yee_column][\/yee_row]<\/p>","protected":false},"excerpt":{"rendered":"","protected":false},"author":2,"featured_media":12214,"parent":0,"menu_order":2,"comment_status":"closed","ping_status":"closed","template":"","meta":{"footnotes":""},"yoast_head":"<!-- This site is optimized with the Yoast SEO plugin v22.3 - https:\/\/yoast.com\/wordpress\/plugins\/seo\/ -->\n<title>Fundaci\u00f3n Equipo Humano inicia un \u201cPlan Integral de Empleo\u201d para desempleados menores de 30 a\u00f1os. - Fundaci\u00f3n Equipo Humano<\/title>\n<meta name=\"robots\" content=\"index, follow, max-snippet:-1, max-image-preview:large, max-video-preview:-1\" \/>\n<link rel=\"canonical\" href=\"https:\/\/fundacionequipohumano.es\/en\/fundacion-equipo-humano-inicia-un-plan-integral-de-empleo-para-desempleados-menores-de-30-anos\/\" \/>\n<meta property=\"og:locale\" content=\"es_ES\" \/>\n<meta property=\"og:type\" content=\"article\" \/>\n<meta property=\"og:title\" content=\"Fundaci\u00f3n Equipo Humano inicia un \u201cPlan Integral de Empleo\u201d para desempleados menores de 30 a\u00f1os. - Fundaci\u00f3n Equipo Humano\" \/>\n<meta property=\"og:url\" content=\"https:\/\/fundacionequipohumano.es\/en\/fundacion-equipo-humano-inicia-un-plan-integral-de-empleo-para-desempleados-menores-de-30-anos\/\" \/>\n<meta property=\"og:site_name\" content=\"Fundaci\u00f3n Equipo Humano\" \/>\n<meta property=\"article:publisher\" content=\"https:\/\/www.facebook.com\/fundacionEH\/\" \/>\n<meta property=\"og:image\" content=\"https:\/\/fundacionequipohumano.es\/wp-content\/uploads\/2013\/12\/CARTELPIE_2d6f287ebde5adc182c0e7a87af2d1f9.jpg\" \/>\n\t<meta property=\"og:image:width\" content=\"335\" \/>\n\t<meta property=\"og:image:height\" content=\"462\" \/>\n\t<meta property=\"og:image:type\" content=\"image\/jpeg\" \/>\n<meta name=\"twitter:card\" content=\"summary_large_image\" \/>\n<meta name=\"twitter:site\" content=\"@FEquipoHumano\" \/>\n<meta name=\"twitter:label1\" content=\"Estimated reading time\" \/>\n\t<meta name=\"twitter:data1\" content=\"2 minutos\" \/>\n<script type=\"application\/ld+json\" class=\"yoast-schema-graph\">{\"@context\":\"https:\/\/schema.org\",\"@graph\":[{\"@type\":\"WebPage\",\"@id\":\"https:\/\/fundacionequipohumano.es\/fundacion-equipo-humano-inicia-un-plan-integral-de-empleo-para-desempleados-menores-de-30-anos\/\",\"url\":\"https:\/\/fundacionequipohumano.es\/fundacion-equipo-humano-inicia-un-plan-integral-de-empleo-para-desempleados-menores-de-30-anos\/\",\"name\":\"Fundaci\u00f3n Equipo Humano inicia un \u201cPlan Integral de Empleo\u201d para desempleados menores de 30 a\u00f1os. - Fundaci\u00f3n Equipo Humano\",\"isPartOf\":{\"@id\":\"https:\/\/fundacionequipohumano.es\/en\/#website\"},\"primaryImageOfPage\":{\"@id\":\"https:\/\/fundacionequipohumano.es\/fundacion-equipo-humano-inicia-un-plan-integral-de-empleo-para-desempleados-menores-de-30-anos\/#primaryimage\"},\"image\":{\"@id\":\"https:\/\/fundacionequipohumano.es\/fundacion-equipo-humano-inicia-un-plan-integral-de-empleo-para-desempleados-menores-de-30-anos\/#primaryimage\"},\"thumbnailUrl\":\"https:\/\/fundacionequipohumano.es\/wp-content\/uploads\/2013\/12\/CARTELPIE_2d6f287ebde5adc182c0e7a87af2d1f9.jpg\",\"datePublished\":\"2013-12-20T18:11:04+00:00\",\"dateModified\":\"2013-12-20T18:11:04+00:00\",\"breadcrumb\":{\"@id\":\"https:\/\/fundacionequipohumano.es\/fundacion-equipo-humano-inicia-un-plan-integral-de-empleo-para-desempleados-menores-de-30-anos\/#breadcrumb\"},\"inLanguage\":\"es\",\"potentialAction\":[{\"@type\":\"ReadAction\",\"target\":[\"https:\/\/fundacionequipohumano.es\/fundacion-equipo-humano-inicia-un-plan-integral-de-empleo-para-desempleados-menores-de-30-anos\/\"]}]},{\"@type\":\"ImageObject\",\"inLanguage\":\"es\",\"@id\":\"https:\/\/fundacionequipohumano.es\/fundacion-equipo-humano-inicia-un-plan-integral-de-empleo-para-desempleados-menores-de-30-anos\/#primaryimage\",\"url\":\"https:\/\/fundacionequipohumano.es\/wp-content\/uploads\/2013\/12\/CARTELPIE_2d6f287ebde5adc182c0e7a87af2d1f9.jpg\",\"contentUrl\":\"https:\/\/fundacionequipohumano.es\/wp-content\/uploads\/2013\/12\/CARTELPIE_2d6f287ebde5adc182c0e7a87af2d1f9.jpg\",\"width\":335,\"height\":462},{\"@type\":\"BreadcrumbList\",\"@id\":\"https:\/\/fundacionequipohumano.es\/fundacion-equipo-humano-inicia-un-plan-integral-de-empleo-para-desempleados-menores-de-30-anos\/#breadcrumb\",\"itemListElement\":[{\"@type\":\"ListItem\",\"position\":1,\"name\":\"Portada\",\"item\":\"https:\/\/fundacionequipohumano.es\/\"},{\"@type\":\"ListItem\",\"position\":2,\"name\":\"Fundaci\u00f3n Equipo Humano inicia un \u201cPlan Integral de Empleo\u201d para desempleados menores de 30 a\u00f1os.\"}]},{\"@type\":\"WebSite\",\"@id\":\"https:\/\/fundacionequipohumano.es\/en\/#website\",\"url\":\"https:\/\/fundacionequipohumano.es\/en\/\",\"name\":\"Fundaci\u00f3n Equipo Humano\",\"description\":\"Impulsamos el desarrollo humano mediante innovaci\u00f3n, formaci\u00f3n de calidad y mejora de la empleabilidad. M\u00e1s de 10 a\u00f1os defendiendo el potencial de las personas.\",\"publisher\":{\"@id\":\"https:\/\/fundacionequipohumano.es\/en\/#organization\"},\"potentialAction\":[{\"@type\":\"SearchAction\",\"target\":{\"@type\":\"EntryPoint\",\"urlTemplate\":\"https:\/\/fundacionequipohumano.es\/en\/?s={search_term_string}\"},\"query-input\":\"required name=search_term_string\"}],\"inLanguage\":\"es\"},{\"@type\":\"Organization\",\"@id\":\"https:\/\/fundacionequipohumano.es\/en\/#organization\",\"name\":\"Fundaci\u00f3n Equipo Humano\",\"url\":\"https:\/\/fundacionequipohumano.es\/en\/\",\"logo\":{\"@type\":\"ImageObject\",\"inLanguage\":\"es\",\"@id\":\"https:\/\/fundacionequipohumano.es\/en\/#\/schema\/logo\/image\/\",\"url\":\"https:\/\/fundacionequipohumano.es\/wp-content\/uploads\/2020\/01\/FEH_logo-03-1.svg\",\"contentUrl\":\"https:\/\/fundacionequipohumano.es\/wp-content\/uploads\/2020\/01\/FEH_logo-03-1.svg\",\"width\":595,\"height\":81,\"caption\":\"Fundaci\u00f3n Equipo Humano\"},\"image\":{\"@id\":\"https:\/\/fundacionequipohumano.es\/en\/#\/schema\/logo\/image\/\"},\"sameAs\":[\"https:\/\/www.facebook.com\/fundacionEH\/\",\"https:\/\/twitter.com\/FEquipoHumano\",\"https:\/\/www.instagram.com\/fequipohumano\/\",\"https:\/\/www.linkedin.com\/company\/fundacion-equipo-humano\/\"]}]}<\/script>\n<!-- \/ Yoast SEO plugin. -->","yoast_head_json":{"title":"Fundaci\u00f3n Equipo Humano inicia un \u201cPlan Integral de Empleo\u201d para desempleados menores de 30 a\u00f1os. - Fundaci\u00f3n Equipo Humano","robots":{"index":"index","follow":"follow","max-snippet":"max-snippet:-1","max-image-preview":"max-image-preview:large","max-video-preview":"max-video-preview:-1"},"canonical":"https:\/\/fundacionequipohumano.es\/en\/fundacion-equipo-humano-inicia-un-plan-integral-de-empleo-para-desempleados-menores-de-30-anos\/","og_locale":"es_ES","og_type":"article","og_title":"Fundaci\u00f3n Equipo Humano inicia un \u201cPlan Integral de Empleo\u201d para desempleados menores de 30 a\u00f1os. - Fundaci\u00f3n Equipo Humano","og_url":"https:\/\/fundacionequipohumano.es\/en\/fundacion-equipo-humano-inicia-un-plan-integral-de-empleo-para-desempleados-menores-de-30-anos\/","og_site_name":"Fundaci\u00f3n Equipo Humano","article_publisher":"https:\/\/www.facebook.com\/fundacionEH\/","og_image":[{"width":335,"height":462,"url":"https:\/\/fundacionequipohumano.es\/wp-content\/uploads\/2013\/12\/CARTELPIE_2d6f287ebde5adc182c0e7a87af2d1f9.jpg","type":"image\/jpeg"}],"twitter_card":"summary_large_image","twitter_site":"@FEquipoHumano","twitter_misc":{"Estimated reading time":"2 minutos"},"schema":{"@context":"https:\/\/schema.org","@graph":[{"@type":"WebPage","@id":"https:\/\/fundacionequipohumano.es\/fundacion-equipo-humano-inicia-un-plan-integral-de-empleo-para-desempleados-menores-de-30-anos\/","url":"https:\/\/fundacionequipohumano.es\/fundacion-equipo-humano-inicia-un-plan-integral-de-empleo-para-desempleados-menores-de-30-anos\/","name":"Fundaci\u00f3n Equipo Humano inicia un \u201cPlan Integral de Empleo\u201d para desempleados menores de 30 a\u00f1os. - Fundaci\u00f3n Equipo Humano","isPartOf":{"@id":"https:\/\/fundacionequipohumano.es\/en\/#website"},"primaryImageOfPage":{"@id":"https:\/\/fundacionequipohumano.es\/fundacion-equipo-humano-inicia-un-plan-integral-de-empleo-para-desempleados-menores-de-30-anos\/#primaryimage"},"image":{"@id":"https:\/\/fundacionequipohumano.es\/fundacion-equipo-humano-inicia-un-plan-integral-de-empleo-para-desempleados-menores-de-30-anos\/#primaryimage"},"thumbnailUrl":"https:\/\/fundacionequipohumano.es\/wp-content\/uploads\/2013\/12\/CARTELPIE_2d6f287ebde5adc182c0e7a87af2d1f9.jpg","datePublished":"2013-12-20T18:11:04+00:00","dateModified":"2013-12-20T18:11:04+00:00","breadcrumb":{"@id":"https:\/\/fundacionequipohumano.es\/fundacion-equipo-humano-inicia-un-plan-integral-de-empleo-para-desempleados-menores-de-30-anos\/#breadcrumb"},"inLanguage":"es","potentialAction":[{"@type":"ReadAction","target":["https:\/\/fundacionequipohumano.es\/fundacion-equipo-humano-inicia-un-plan-integral-de-empleo-para-desempleados-menores-de-30-anos\/"]}]},{"@type":"ImageObject","inLanguage":"es","@id":"https:\/\/fundacionequipohumano.es\/fundacion-equipo-humano-inicia-un-plan-integral-de-empleo-para-desempleados-menores-de-30-anos\/#primaryimage","url":"https:\/\/fundacionequipohumano.es\/wp-content\/uploads\/2013\/12\/CARTELPIE_2d6f287ebde5adc182c0e7a87af2d1f9.jpg","contentUrl":"https:\/\/fundacionequipohumano.es\/wp-content\/uploads\/2013\/12\/CARTELPIE_2d6f287ebde5adc182c0e7a87af2d1f9.jpg","width":335,"height":462},{"@type":"BreadcrumbList","@id":"https:\/\/fundacionequipohumano.es\/fundacion-equipo-humano-inicia-un-plan-integral-de-empleo-para-desempleados-menores-de-30-anos\/#breadcrumb","itemListElement":[{"@type":"ListItem","position":1,"name":"Portada","item":"https:\/\/fundacionequipohumano.es\/"},{"@type":"ListItem","position":2,"name":"Fundaci\u00f3n Equipo Humano inicia un \u201cPlan Integral de Empleo\u201d para desempleados menores de 30 a\u00f1os."}]},{"@type":"WebSite","@id":"https:\/\/fundacionequipohumano.es\/en\/#website","url":"https:\/\/fundacionequipohumano.es\/en\/","name":"Fundaci\u00f3n Equipo Humano","description":"Impulsamos el desarrollo humano mediante innovaci\u00f3n, formaci\u00f3n de calidad y mejora de la empleabilidad. M\u00e1s de 10 a\u00f1os defendiendo el potencial de las personas.","publisher":{"@id":"https:\/\/fundacionequipohumano.es\/en\/#organization"},"potentialAction":[{"@type":"SearchAction","target":{"@type":"EntryPoint","urlTemplate":"https:\/\/fundacionequipohumano.es\/en\/?s={search_term_string}"},"query-input":"required name=search_term_string"}],"inLanguage":"es"},{"@type":"Organization","@id":"https:\/\/fundacionequipohumano.es\/en\/#organization","name":"Fundaci\u00f3n Equipo Humano","url":"https:\/\/fundacionequipohumano.es\/en\/","logo":{"@type":"ImageObject","inLanguage":"es","@id":"https:\/\/fundacionequipohumano.es\/en\/#\/schema\/logo\/image\/","url":"https:\/\/fundacionequipohumano.es\/wp-content\/uploads\/2020\/01\/FEH_logo-03-1.svg","contentUrl":"https:\/\/fundacionequipohumano.es\/wp-content\/uploads\/2020\/01\/FEH_logo-03-1.svg","width":595,"height":81,"caption":"Fundaci\u00f3n Equipo Humano"},"image":{"@id":"https:\/\/fundacionequipohumano.es\/en\/#\/schema\/logo\/image\/"},"sameAs":["https:\/\/www.facebook.com\/fundacionEH\/","https:\/\/twitter.com\/FEquipoHumano","https:\/\/www.instagram.com\/fequipohumano\/","https:\/\/www.linkedin.com\/company\/fundacion-equipo-humano\/"]}]}},"_links":{"self":[{"href":"https:\/\/fundacionequipohumano.es\/en\/wp-json\/wp\/v2\/pages\/12216"}],"collection":[{"href":"https:\/\/fundacionequipohumano.es\/en\/wp-json\/wp\/v2\/pages"}],"about":[{"href":"https:\/\/fundacionequipohumano.es\/en\/wp-json\/wp\/v2\/types\/page"}],"author":[{"embeddable":true,"href":"https:\/\/fundacionequipohumano.es\/en\/wp-json\/wp\/v2\/users\/2"}],"replies":[{"embeddable":true,"href":"https:\/\/fundacionequipohumano.es\/en\/wp-json\/wp\/v2\/comments?post=12216"}],"version-history":[{"count":0,"href":"https:\/\/fundacionequipohumano.es\/en\/wp-json\/wp\/v2\/pages\/12216\/revisions"}],"wp:featuredmedia":[{"embeddable":true,"href":"https:\/\/fundacionequipohumano.es\/en\/wp-json\/wp\/v2\/media\/12214"}],"wp:attachment":[{"href":"https:\/\/fundacionequipohumano.es\/en\/wp-json\/wp\/v2\/media?parent=12216"}],"curies":[{"name":"wp","href":"https:\/\/api.w.org\/{rel}","templated":true}]}}