{"id":12184,"date":"2014-02-06T09:48:03","date_gmt":"2014-02-06T09:48:03","guid":{"rendered":"https:\/\/fundacionequipohumano.es\/grupal\/"},"modified":"2020-01-21T13:03:30","modified_gmt":"2020-01-21T12:03:30","slug":"grupal","status":"publish","type":"page","link":"https:\/\/fundacionequipohumano.es\/nuestra-metodologia-recolocate\/grupal\/","title":{"rendered":"RECOLOCAte Grupal"},"content":{"rendered":"<div data-elementor-type=\"wp-page\" data-elementor-id=\"12184\" class=\"elementor elementor-12184\" data-elementor-post-type=\"page\">\n\t\t\t\t\t\t<section class=\"elementor-section elementor-top-section elementor-element elementor-element-4571e6e0 elementor-section-boxed elementor-section-height-default elementor-section-height-default\" data-id=\"4571e6e0\" data-element_type=\"section\">\n\t\t\t\t\t\t<div class=\"elementor-container elementor-column-gap-default\">\n\t\t\t\t\t<div class=\"elementor-column elementor-col-100 elementor-top-column elementor-element elementor-element-111c6373\" data-id=\"111c6373\" data-element_type=\"column\">\n\t\t\t<div class=\"elementor-widget-wrap elementor-element-populated\">\n\t\t\t\t\t\t<div class=\"elementor-element elementor-element-1e22da72 elementor-widget elementor-widget-text-editor\" data-id=\"1e22da72\" data-element_type=\"widget\" data-widget_type=\"text-editor.default\">\n\t\t\t\t<div class=\"elementor-widget-container\">\n\t\t\t\t\t\t\t<p><\/p><p>Este servicio de recolocaci\u00f3n est\u00e1 orientado a los trabajadores incluidos en un proceso de regulaci\u00f3n de empleo. Incluye un amplio rango de servicios especialmente dise\u00f1ados para facilitar a la persona desempleada su proceso de recolocaci\u00f3n:<\/p>\n<ul>\n<li>Medidas de <strong>intermediaci\u00f3n laboral<\/strong><\/li>\n<li>Medidas de<strong> orientaci\u00f3n profesional<\/strong><\/li>\n<li>Medidas de <strong>formaci\u00f3n profesional<\/strong><\/li>\n<li>Medidas de <strong>atenci\u00f3n personalizada<\/strong> respecto a la b\u00fasqueda de empleo<\/li>\n<\/ul>\n<p><br><\/p>\t\t\t\t\t\t<\/div>\n\t\t\t\t<\/div>\n\t\t\t\t\t<\/div>\n\t\t<\/div>\n\t\t\t\t\t<\/div>\n\t\t<\/section>\n\t\t\t\t<\/div>","protected":false},"excerpt":{"rendered":"<p>Este servicio de recolocaci\u00f3n est\u00e1 orientado a los trabajadores incluidos en un proceso de regulaci\u00f3n de empleo. Incluye un amplio rango de servicios especialmente dise\u00f1ados para facilitar a la persona&hellip;<\/p>","protected":false},"author":2,"featured_media":0,"parent":12182,"menu_order":19,"comment_status":"closed","ping_status":"closed","template":"","meta":{"footnotes":""},"yoast_head":"<!-- This site is optimized with the Yoast SEO plugin v22.3 - https:\/\/yoast.com\/wordpress\/plugins\/seo\/ -->\n<title>RECOLOCAte Grupal - Fundaci\u00f3n Equipo Humano<\/title>\n<meta name=\"robots\" content=\"index, follow, max-snippet:-1, max-image-preview:large, max-video-preview:-1\" \/>\n<link rel=\"canonical\" href=\"https:\/\/fundacionequipohumano.es\/en\/nuestra-metodologia-recolocate\/grupal\/\" \/>\n<meta property=\"og:locale\" content=\"es_ES\" \/>\n<meta property=\"og:type\" content=\"article\" \/>\n<meta property=\"og:title\" content=\"RECOLOCAte Grupal - Fundaci\u00f3n Equipo Humano\" \/>\n<meta property=\"og:description\" content=\"Este servicio de recolocaci\u00f3n est\u00e1 orientado a los trabajadores incluidos en un proceso de regulaci\u00f3n de empleo. Incluye un amplio rango de servicios especialmente dise\u00f1ados para facilitar a la persona&hellip;\" \/>\n<meta property=\"og:url\" content=\"https:\/\/fundacionequipohumano.es\/en\/nuestra-metodologia-recolocate\/grupal\/\" \/>\n<meta property=\"og:site_name\" content=\"Fundaci\u00f3n Equipo Humano\" \/>\n<meta property=\"article:publisher\" content=\"https:\/\/www.facebook.com\/fundacionEH\/\" \/>\n<meta property=\"article:modified_time\" content=\"2020-01-21T12:03:30+00:00\" \/>\n<meta name=\"twitter:card\" content=\"summary_large_image\" \/>\n<meta name=\"twitter:site\" content=\"@FEquipoHumano\" \/>\n<script type=\"application\/ld+json\" class=\"yoast-schema-graph\">{\"@context\":\"https:\/\/schema.org\",\"@graph\":[{\"@type\":\"WebPage\",\"@id\":\"https:\/\/fundacionequipohumano.es\/nuestra-metodologia-recolocate\/grupal\/\",\"url\":\"https:\/\/fundacionequipohumano.es\/nuestra-metodologia-recolocate\/grupal\/\",\"name\":\"RECOLOCAte Grupal - Fundaci\u00f3n Equipo Humano\",\"isPartOf\":{\"@id\":\"https:\/\/fundacionequipohumano.es\/en\/#website\"},\"datePublished\":\"2014-02-06T09:48:03+00:00\",\"dateModified\":\"2020-01-21T12:03:30+00:00\",\"breadcrumb\":{\"@id\":\"https:\/\/fundacionequipohumano.es\/nuestra-metodologia-recolocate\/grupal\/#breadcrumb\"},\"inLanguage\":\"es\",\"potentialAction\":[{\"@type\":\"ReadAction\",\"target\":[\"https:\/\/fundacionequipohumano.es\/nuestra-metodologia-recolocate\/grupal\/\"]}]},{\"@type\":\"BreadcrumbList\",\"@id\":\"https:\/\/fundacionequipohumano.es\/nuestra-metodologia-recolocate\/grupal\/#breadcrumb\",\"itemListElement\":[{\"@type\":\"ListItem\",\"position\":1,\"name\":\"Portada\",\"item\":\"https:\/\/fundacionequipohumano.es\/\"},{\"@type\":\"ListItem\",\"position\":2,\"name\":\"Nuestra metodolog\u00eda RECOL\u00d3CAte\",\"item\":\"https:\/\/fundacionequipohumano.es\/recolocacion\/presentacion\/\"},{\"@type\":\"ListItem\",\"position\":3,\"name\":\"RECOLOCAte Grupal\"}]},{\"@type\":\"WebSite\",\"@id\":\"https:\/\/fundacionequipohumano.es\/en\/#website\",\"url\":\"https:\/\/fundacionequipohumano.es\/en\/\",\"name\":\"Fundaci\u00f3n Equipo Humano\",\"description\":\"Impulsamos el desarrollo humano mediante innovaci\u00f3n, formaci\u00f3n de calidad y mejora de la empleabilidad. M\u00e1s de 10 a\u00f1os defendiendo el potencial de las personas.\",\"publisher\":{\"@id\":\"https:\/\/fundacionequipohumano.es\/en\/#organization\"},\"potentialAction\":[{\"@type\":\"SearchAction\",\"target\":{\"@type\":\"EntryPoint\",\"urlTemplate\":\"https:\/\/fundacionequipohumano.es\/en\/?s={search_term_string}\"},\"query-input\":\"required name=search_term_string\"}],\"inLanguage\":\"es\"},{\"@type\":\"Organization\",\"@id\":\"https:\/\/fundacionequipohumano.es\/en\/#organization\",\"name\":\"Fundaci\u00f3n Equipo Humano\",\"url\":\"https:\/\/fundacionequipohumano.es\/en\/\",\"logo\":{\"@type\":\"ImageObject\",\"inLanguage\":\"es\",\"@id\":\"https:\/\/fundacionequipohumano.es\/en\/#\/schema\/logo\/image\/\",\"url\":\"https:\/\/fundacionequipohumano.es\/wp-content\/uploads\/2020\/01\/FEH_logo-03-1.svg\",\"contentUrl\":\"https:\/\/fundacionequipohumano.es\/wp-content\/uploads\/2020\/01\/FEH_logo-03-1.svg\",\"width\":595,\"height\":81,\"caption\":\"Fundaci\u00f3n Equipo Humano\"},\"image\":{\"@id\":\"https:\/\/fundacionequipohumano.es\/en\/#\/schema\/logo\/image\/\"},\"sameAs\":[\"https:\/\/www.facebook.com\/fundacionEH\/\",\"https:\/\/twitter.com\/FEquipoHumano\",\"https:\/\/www.instagram.com\/fequipohumano\/\",\"https:\/\/www.linkedin.com\/company\/fundacion-equipo-humano\/\"]}]}<\/script>\n<!-- \/ Yoast SEO plugin. -->","yoast_head_json":{"title":"RECOLOCAte Grupal - Fundaci\u00f3n Equipo Humano","robots":{"index":"index","follow":"follow","max-snippet":"max-snippet:-1","max-image-preview":"max-image-preview:large","max-video-preview":"max-video-preview:-1"},"canonical":"https:\/\/fundacionequipohumano.es\/en\/nuestra-metodologia-recolocate\/grupal\/","og_locale":"es_ES","og_type":"article","og_title":"RECOLOCAte Grupal - Fundaci\u00f3n Equipo Humano","og_description":"Este servicio de recolocaci\u00f3n est\u00e1 orientado a los trabajadores incluidos en un proceso de regulaci\u00f3n de empleo. Incluye un amplio rango de servicios especialmente dise\u00f1ados para facilitar a la persona&hellip;","og_url":"https:\/\/fundacionequipohumano.es\/en\/nuestra-metodologia-recolocate\/grupal\/","og_site_name":"Fundaci\u00f3n Equipo Humano","article_publisher":"https:\/\/www.facebook.com\/fundacionEH\/","article_modified_time":"2020-01-21T12:03:30+00:00","twitter_card":"summary_large_image","twitter_site":"@FEquipoHumano","schema":{"@context":"https:\/\/schema.org","@graph":[{"@type":"WebPage","@id":"https:\/\/fundacionequipohumano.es\/nuestra-metodologia-recolocate\/grupal\/","url":"https:\/\/fundacionequipohumano.es\/nuestra-metodologia-recolocate\/grupal\/","name":"RECOLOCAte Grupal - Fundaci\u00f3n Equipo Humano","isPartOf":{"@id":"https:\/\/fundacionequipohumano.es\/en\/#website"},"datePublished":"2014-02-06T09:48:03+00:00","dateModified":"2020-01-21T12:03:30+00:00","breadcrumb":{"@id":"https:\/\/fundacionequipohumano.es\/nuestra-metodologia-recolocate\/grupal\/#breadcrumb"},"inLanguage":"es","potentialAction":[{"@type":"ReadAction","target":["https:\/\/fundacionequipohumano.es\/nuestra-metodologia-recolocate\/grupal\/"]}]},{"@type":"BreadcrumbList","@id":"https:\/\/fundacionequipohumano.es\/nuestra-metodologia-recolocate\/grupal\/#breadcrumb","itemListElement":[{"@type":"ListItem","position":1,"name":"Portada","item":"https:\/\/fundacionequipohumano.es\/"},{"@type":"ListItem","position":2,"name":"Nuestra metodolog\u00eda RECOL\u00d3CAte","item":"https:\/\/fundacionequipohumano.es\/recolocacion\/presentacion\/"},{"@type":"ListItem","position":3,"name":"RECOLOCAte Grupal"}]},{"@type":"WebSite","@id":"https:\/\/fundacionequipohumano.es\/en\/#website","url":"https:\/\/fundacionequipohumano.es\/en\/","name":"Fundaci\u00f3n Equipo Humano","description":"Impulsamos el desarrollo humano mediante innovaci\u00f3n, formaci\u00f3n de calidad y mejora de la empleabilidad. M\u00e1s de 10 a\u00f1os defendiendo el potencial de las personas.","publisher":{"@id":"https:\/\/fundacionequipohumano.es\/en\/#organization"},"potentialAction":[{"@type":"SearchAction","target":{"@type":"EntryPoint","urlTemplate":"https:\/\/fundacionequipohumano.es\/en\/?s={search_term_string}"},"query-input":"required name=search_term_string"}],"inLanguage":"es"},{"@type":"Organization","@id":"https:\/\/fundacionequipohumano.es\/en\/#organization","name":"Fundaci\u00f3n Equipo Humano","url":"https:\/\/fundacionequipohumano.es\/en\/","logo":{"@type":"ImageObject","inLanguage":"es","@id":"https:\/\/fundacionequipohumano.es\/en\/#\/schema\/logo\/image\/","url":"https:\/\/fundacionequipohumano.es\/wp-content\/uploads\/2020\/01\/FEH_logo-03-1.svg","contentUrl":"https:\/\/fundacionequipohumano.es\/wp-content\/uploads\/2020\/01\/FEH_logo-03-1.svg","width":595,"height":81,"caption":"Fundaci\u00f3n Equipo Humano"},"image":{"@id":"https:\/\/fundacionequipohumano.es\/en\/#\/schema\/logo\/image\/"},"sameAs":["https:\/\/www.facebook.com\/fundacionEH\/","https:\/\/twitter.com\/FEquipoHumano","https:\/\/www.instagram.com\/fequipohumano\/","https:\/\/www.linkedin.com\/company\/fundacion-equipo-humano\/"]}]}},"_links":{"self":[{"href":"https:\/\/fundacionequipohumano.es\/en\/wp-json\/wp\/v2\/pages\/12184"}],"collection":[{"href":"https:\/\/fundacionequipohumano.es\/en\/wp-json\/wp\/v2\/pages"}],"about":[{"href":"https:\/\/fundacionequipohumano.es\/en\/wp-json\/wp\/v2\/types\/page"}],"author":[{"embeddable":true,"href":"https:\/\/fundacionequipohumano.es\/en\/wp-json\/wp\/v2\/users\/2"}],"replies":[{"embeddable":true,"href":"https:\/\/fundacionequipohumano.es\/en\/wp-json\/wp\/v2\/comments?post=12184"}],"version-history":[{"count":6,"href":"https:\/\/fundacionequipohumano.es\/en\/wp-json\/wp\/v2\/pages\/12184\/revisions"}],"predecessor-version":[{"id":15900,"href":"https:\/\/fundacionequipohumano.es\/en\/wp-json\/wp\/v2\/pages\/12184\/revisions\/15900"}],"up":[{"embeddable":true,"href":"https:\/\/fundacionequipohumano.es\/en\/wp-json\/wp\/v2\/pages\/12182"}],"wp:attachment":[{"href":"https:\/\/fundacionequipohumano.es\/en\/wp-json\/wp\/v2\/media?parent=12184"}],"curies":[{"name":"wp","href":"https:\/\/api.w.org\/{rel}","templated":true}]}}